{"id":4340,"date":"2021-06-09T13:03:25","date_gmt":"2021-06-09T06:03:25","guid":{"rendered":"https:\/\/sunspace.vn\/?post_type=product&#038;p=4340"},"modified":"2021-07-05T21:34:42","modified_gmt":"2021-07-05T14:34:42","slug":"he-cua-so-mo-truot-2","status":"publish","type":"product","link":"https:\/\/sunspace.vn\/en\/product\/he-cua-so-mo-truot-2\/","title":{"rendered":"Sliding window system"},"content":{"rendered":"<p><!--more--><\/p>\r\n<p><strong><a href=\"https:\/\/sunspace.vn\/en\/\">SUNSPACE WINDOW JOINT STOCK COMPANY<\/a><\/strong><\/p>\r\n<p><!-- \/wp:paragraph -->\r\n\r\n<!-- wp:paragraph --><\/p>\r\n<p>\u00a0Hanoi: ADG Tower, 37 Le Van Thiem, Thanh Xuan District<\/p>\r\n<p><!-- \/wp:paragraph -->\r\n\r\n<!-- wp:paragraph --><\/p>\r\n<p>\u00a0Hotline: 1900.98.98.48 \u2013 Tel: (024) 44 55 00 66<\/p>\r\n<p><!-- \/wp:paragraph -->\r\n\r\n<!-- wp:paragraph --><\/p>\r\n<p>\u00a0HCM: SAIGON PRIME Building \u2013 No. 107-109-111 Nguyen Dinh Chieu, District 3<\/p>\r\n<p><!-- \/wp:paragraph -->\r\n\r\n<!-- wp:paragraph --><\/p>\r\n<p>\u00a0Tel: (028) 62 57 78 55<\/p>\r\n<p><!-- \/wp:paragraph -->\r\n\r\n<!-- wp:paragraph --><\/p>\r\n<p>\u00a0FACTORY : D3 Street, Pho Noi A Industrial Park, Yen My, Hung Yen<\/p>\r\n<p>FANPAGE FACEBOOK:<a href=\"https:\/\/www.facebook.com\/Sunspace.vn\">\u00a0<strong>SUNSPACE<\/strong><\/a><\/p>\r\n<p><!-- \/wp:paragraph -->\r\n\r\n<!-- wp:paragraph --><\/p>\r\n<p>&gt;&gt;For more information: <a href=\"https:\/\/sunspace.vn\/en\/san-pham-sunspace\/he-thong-cua-nhom-vach-kinh\/\">Xingfa aluminum door<\/a>,<a href=\"https:\/\/sunspace.vn\/en\/san-pham-sunspace\/he-thong-cua-nhom-vach-kinh\/\"> aluminum door system<\/a>,<a href=\"https:\/\/sunspace.vn\/en\/san-pham-sunspace\/he-thong-cua-nhom-vach-kinh\/#cua-nhom-cao-cap\"> High quality aluminum doors<\/a>, <a href=\"https:\/\/sunspace.vn\/en\/san-pham-sunspace\/he-thong-cua-nhom-vach-kinh\/#cua-nhom-tieu-chuan\">standard aluminum door<\/a>, <a href=\"https:\/\/sunspace.vn\/en\/san-pham-sunspace\/he-thong-cua-nhom-vach-kinh\/\"><strong>aluminum door with glass wall<\/strong><\/a>, <a href=\"https:\/\/sunspace.vn\/en\/san-pham-sunspace\/he-thong-cua-nhom-vach-kinh\/\"><strong>wall <\/strong><\/a><a href=\"https:\/\/sunspace.vn\/en\/san-pham-sunspace\/he-thong-cua-nhom-vach-kinh\/#cua-nhom-cao-cap\">glass, high-end aluminum doors, high-end aluminum doors, high-end doors, price quotes for xingfa aluminum doors 2021, xingfa aluminum door quotes, xingfa aluminum door prices, xingfa aluminum doors, xingfa aluminum doors <\/a>, <a href=\"https:\/\/sunspace.vn\/en\/san-pham-sunspace\/he-thong-cabin-tam-va-lan-can-kinh\/\">aluminum and glass accessories, tempered glass, laminated safety glass,<\/a> <a href=\"https:\/\/sunspace.vn\/en\/san-pham-sunspace\/he-thong-cua-nhom-vach-kinh\/\">aluminum profiles,<\/a> <a href=\"https:\/\/sunspace.vn\/en\/san-pham-sunspace\/he-thong-cua-nhom-vach-kinh\/\">glass wall system,<\/a>\u00a0<a href=\"https:\/\/sunspace.vn\/en\/san-pham-sunspace\/he-thong-cua-nhua-upvc\/\">upvc door system,<\/a> <a href=\"https:\/\/sunspace.vn\/en\/san-pham-sunspace\/he-thong-cua-kinh-tu-dong\/\">automatic glass door system,<\/a> <a href=\"https:\/\/sunspace.vn\/en\/san-pham-sunspace\/he-thong-cua-cuon\/\">rolling door system<\/a>, <a href=\"https:\/\/sunspace.vn\/en\/san-pham-sunspace\/he-thong-vach-kinh-mat-dung\/\">fa\u00e7ade partition wall system<\/a><\/p>","protected":false},"excerpt":{"rendered":"C\u00d4NG TY C\u1ed4 PH\u1ea6N C\u1eecA SUNSPACE \u00a0H\u00e0 N\u1ed9i: ADG Tower, 37 L\u00ea V\u0103n Thi\u00eam, Q. Thanh Xu\u00e2n \u00a0Hotline: 1900.98.98.48 - Tel: (024) 44 55 00 66 \u00a0HCM: To\u00e0 Nh\u00e0 SAIGON PRIME - S\u1ed1 107-109-111 Nguy\u1ec5n \u0110\u00ecnh Chi\u1ec3u, Q.3 \u00a0Tel: (028) 62 57 78 55 \u00a0NH\u00c0 M\u00c1Y : \u0110\u01b0\u1eddng D3 KCN Ph\u1ed1 N\u1ed1i A, Y\u00ean M\u1ef9, [...]","protected":false},"featured_media":4338,"comment_status":"open","ping_status":"closed","template":"","meta":[],"product_brand":[],"product_cat":[776],"product_tag":[],"class_list":{"0":"post-4340","1":"product","2":"type-product","3":"status-publish","4":"has-post-thumbnail","6":"product_cat-he-thong-cua-nhua-upvc","8":"first","9":"instock","10":"shipping-taxable","11":"product-type-simple"},"jetpack_sharing_enabled":true,"_links":{"self":[{"href":"https:\/\/sunspace.vn\/en\/wp-json\/wp\/v2\/product\/4340","targetHints":{"allow":["GET"]}}],"collection":[{"href":"https:\/\/sunspace.vn\/en\/wp-json\/wp\/v2\/product"}],"about":[{"href":"https:\/\/sunspace.vn\/en\/wp-json\/wp\/v2\/types\/product"}],"replies":[{"embeddable":true,"href":"https:\/\/sunspace.vn\/en\/wp-json\/wp\/v2\/comments?post=4340"}],"wp:featuredmedia":[{"embeddable":true,"href":"https:\/\/sunspace.vn\/en\/wp-json\/wp\/v2\/media\/4338"}],"wp:attachment":[{"href":"https:\/\/sunspace.vn\/en\/wp-json\/wp\/v2\/media?parent=4340"}],"wp:term":[{"taxonomy":"product_brand","embeddable":true,"href":"https:\/\/sunspace.vn\/en\/wp-json\/wp\/v2\/product_brand?post=4340"},{"taxonomy":"product_cat","embeddable":true,"href":"https:\/\/sunspace.vn\/en\/wp-json\/wp\/v2\/product_cat?post=4340"},{"taxonomy":"product_tag","embeddable":true,"href":"https:\/\/sunspace.vn\/en\/wp-json\/wp\/v2\/product_tag?post=4340"}],"curies":[{"name":"wp","href":"https:\/\/api.w.org\/{rel}","templated":true}]}}