{"id":4141,"date":"2021-06-07T21:22:56","date_gmt":"2021-06-07T14:22:56","guid":{"rendered":"https:\/\/sunspace.vn\/?post_type=product&#038;p=4141"},"modified":"2021-07-29T18:42:28","modified_gmt":"2021-07-29T11:42:28","slug":"he-thong-cabin-tam","status":"publish","type":"product","link":"https:\/\/sunspace.vn\/en\/product\/he-thong-cabin-tam\/","title":{"rendered":"Shower cabin system"},"content":{"rendered":"<p><strong>Shower cabin system<\/strong> use <strong>glass wall system<\/strong> Transparent &amp; premium enhances the luxury look in the bathroom. <strong>Glass balustrade system<\/strong> Inside and outside the house, suitable for Stairs, Balconies\u2026<\/p>\r\n<h2><span id=\"cabin_vach_tam_kinh_la_gi\"><strong>1. What is a glass shower cabin?<\/strong><\/span><\/h2>\r\n<p><strong>Glass shower cabin<\/strong> is a form of installing glass partitions, glass frames or bathrooms using surrounding glass. This type of bathroom installation has been favored by high-class hotels, modern apartments or even small rooms.<\/p>\r\n<div id=\"attachment_2640\" class=\"wp-caption aligncenter\">\r\n<p><img data-recalc-dims=\"1\" decoding=\"async\" class=\"aligncenter wp-image-478 size-full\" src=\"https:\/\/i0.wp.com\/deltawindows.com.vn\/wp-content\/uploads\/2019\/06\/cabin-vach-kinh-phong-tam-21.jpg?resize=600%2C466&#038;ssl=1\" sizes=\"(max-width: 600px) 100vw, 600px\" srcset=\"https:\/\/deltawindows.com.vn\/wp-content\/uploads\/2019\/06\/cabin-vach-kinh-phong-tam-21.jpg 600w, https:\/\/deltawindows.com.vn\/wp-content\/uploads\/2019\/06\/cabin-vach-kinh-phong-tam-21-300x233.jpg 300w\" alt=\"Sunspace.vn shower cabin system\" width=\"600\" height=\"466\" \/><\/p>\r\n<p class=\"wp-caption-text\">Glass bathroom cabin<\/p>\r\n<\/div>\r\n<p>The living space will be created seamless between the bathroom and other architectural spaces, the dry and wet areas in the room are clearly separated. Plus, use <a href=\"https:\/\/sunspace.vn\/en\/san-pham-sunspace\/he-thong-cabin-tam-va-lan-can-kinh\/\">shower glass cabin<\/a> Also helps retain heat well, bathing in the winter will become much more convenient.<\/p>\r\n<h2><span id=\"lap_dat_cabin_vach_tam_kinh_can_luu_y_nhung_gi\"><strong>2. Install glass shower cabin \u2013 what should be noted?<\/strong><\/span><\/h2>\r\n<p>If you choose to install the shower cabin against the wall and glass partition:<\/p>\r\n<p>Selecting partitions made of Meka: this is a solution for the installation of cheap glass shower enclosures. However, this type of glass has the disadvantage of being thin, fragile and has a short usage time.<\/p>\r\n<p>Selecting tempered glass shower enclosures: Tempered glass shower enclosures are glass shower enclosures that are tempered at high temperatures and cooled suddenly, so the hardness of the glass is very high. When there is a great force acting on the glass, when broken, the glass does not break into sharp pieces that are completely safe for users when broken, forming slippery particles. This type of glass is durable and beautiful almost forever with time.<\/p>\r\n<p>Types\u00a0<strong>glass shower wall<\/strong>\u00a0Usually made of safety glass, so when broken, it will not form sharp pieces but stick in one place thanks to a plastic sheet, so it will limit injury to the user. This glass shower enclosure also blocks the ultraviolet rays of sunlight, so it is perfectly suitable for outdoor open-air baths.<\/p>\r\n<figure id=\"attachment_475\" class=\"wp-caption aligncenter\" aria-describedby=\"caption-attachment-475\"><img data-recalc-dims=\"1\" decoding=\"async\" class=\"aligncenter wp-image-475 size-full\" src=\"https:\/\/i0.wp.com\/deltawindows.com.vn\/wp-content\/uploads\/2019\/06\/mau-vach-kinh-phong-tam-dep-11.jpg?resize=600%2C742&#038;ssl=1\" sizes=\"(max-width: 600px) 100vw, 600px\" srcset=\"https:\/\/deltawindows.com.vn\/wp-content\/uploads\/2019\/06\/mau-vach-kinh-phong-tam-dep-11.jpg 600w, https:\/\/deltawindows.com.vn\/wp-content\/uploads\/2019\/06\/mau-vach-kinh-phong-tam-dep-11-243x300.jpg 243w\" alt=\"Sunspace.vn shower cabin system\" width=\"600\" height=\"742\" \/>\r\n<figcaption id=\"caption-attachment-475\" class=\"wp-caption-text\">Beautiful bathroom glass wall model<\/figcaption>\r\n<\/figure>\r\n<h2><span id=\"lap_dat_vach_tam_kinh_va_nhung_luu_y_ve_phu_kien_cua_cabin_tam_kinh\"><strong>3. Installation of glass shower enclosures and notes on accessories of the shower cabin system<\/strong><\/span><\/h2>\r\n<p>First, you can choose the <strong>shower cabin<\/strong> has a pre-structured frame, suitable for the installation area. However, you can completely choose the special cabin structure and suit the architectural space of your home.<\/p>\r\n<p>The requirements for accompanying equipment, some hanging accessories or the use of different types of glass such as art glass, frosted glass to ensure the shielding factor, etc., you can suggest to the service provider. .<\/p>\r\n<p>Types of accessories that come with the c<strong>glass shower enclosure<\/strong> such as glass clamps, glass shower door handles, joints, and brackets are accessories that can be rusty, faulty or uneven, so right from the time of installation, homeowners should pay attention to these accessories. Standard fittings are usually made of chrome plated copper and stainless steel. When installing standard equipment, you will find that opening and closing the bathroom door will not make any noise and will not rust the device during use.<\/p>\r\n<p><img data-recalc-dims=\"1\" decoding=\"async\" class=\"aligncenter wp-image-471 size-full\" src=\"https:\/\/i0.wp.com\/deltawindows.com.vn\/wp-content\/uploads\/2019\/06\/phu-kien-vach-kinh-phong-tam.jpg?resize=600%2C682&#038;ssl=1\" sizes=\"(max-width: 600px) 100vw, 600px\" srcset=\"https:\/\/deltawindows.com.vn\/wp-content\/uploads\/2019\/06\/phu-kien-vach-kinh-phong-tam.jpg 600w, https:\/\/deltawindows.com.vn\/wp-content\/uploads\/2019\/06\/phu-kien-vach-kinh-phong-tam-264x300.jpg 264w\" alt=\"Sunspace.vn shower cabin system\" width=\"600\" height=\"682\" \/><\/p>\r\n<p>When servicing the glass, you can also use strong cleaning agents such as Vim or other chemicals. However, these substances should be avoided in contact with the accessories as they may rust.<\/p>\r\n<h2><span id=\"lap_dat_vach_tam_kinh_va_nhung_luu_y_ve_phu_kien_cua_cabin_tam_kinh\"><strong>4. Some cabin samples:<\/strong><\/span><\/h2>\r\n<h3><span id=\"1_phong_tam_vach_kinh_90_do\">4.1 GLASS BATHROOM 90 DEGREE:<\/span><\/h3>\r\n<figure id=\"attachment_474\" class=\"wp-caption aligncenter\" aria-describedby=\"caption-attachment-474\">\r\n<figure id=\"attachment_474\" aria-describedby=\"caption-attachment-474\" style=\"width: 600px\" class=\"wp-caption aligncenter\"><img data-recalc-dims=\"1\" decoding=\"async\" class=\"wp-image-474 size-full\" src=\"https:\/\/i0.wp.com\/deltawindows.com.vn\/wp-content\/uploads\/2019\/06\/mau-vach-kinh-phong-tam-dep-14.jpg?resize=600%2C675&#038;ssl=1\" sizes=\"(max-width: 600px) 100vw, 600px\" srcset=\"https:\/\/deltawindows.com.vn\/wp-content\/uploads\/2019\/06\/mau-vach-kinh-phong-tam-dep-14.jpg 600w, https:\/\/deltawindows.com.vn\/wp-content\/uploads\/2019\/06\/mau-vach-kinh-phong-tam-dep-14-267x300.jpg 267w\" alt=\"Sunspace.vn shower cabin system\" width=\"600\" height=\"675\" \/><figcaption id=\"caption-attachment-474\" class=\"wp-caption-text\">Sunspace.vn shower cabin system<\/figcaption><\/figure>\r\n<figcaption id=\"caption-attachment-474\" class=\"wp-caption-text\"><span id=\"3_phong_tam_kinh_cua_truot\">180 DEGREE GLASS BATHROOM:<\/span><\/figcaption>\r\n<\/figure>\r\n<p><img data-recalc-dims=\"1\" decoding=\"async\" class=\"aligncenter wp-image-473 size-full\" src=\"https:\/\/i0.wp.com\/deltawindows.com.vn\/wp-content\/uploads\/2019\/06\/mau-vach-kinh-phong-tam-dep-12.jpg?resize=600%2C672&#038;ssl=1\" sizes=\"(max-width: 600px) 100vw, 600px\" srcset=\"https:\/\/deltawindows.com.vn\/wp-content\/uploads\/2019\/06\/mau-vach-kinh-phong-tam-dep-12.jpg 600w, https:\/\/deltawindows.com.vn\/wp-content\/uploads\/2019\/06\/mau-vach-kinh-phong-tam-dep-12-268x300.jpg 268w\" alt=\"GLASS BATHROOM 180 DEGREE\" width=\"600\" height=\"672\" \/><\/p>\r\n<h3><span id=\"3_phong_tam_kinh_cua_truot\">4.2 Sliding GLASS BATHROOM<\/span><\/h3>\r\n<p><img data-recalc-dims=\"1\" decoding=\"async\" class=\"aligncenter wp-image-472 size-full\" src=\"https:\/\/i0.wp.com\/deltawindows.com.vn\/wp-content\/uploads\/2019\/06\/mau-cabin-phong-tam-kinh-nha-ve-sinh-dep-10.jpg?resize=600%2C537&#038;ssl=1\" sizes=\"(max-width: 600px) 100vw, 600px\" srcset=\"https:\/\/deltawindows.com.vn\/wp-content\/uploads\/2019\/06\/mau-cabin-phong-tam-kinh-nha-ve-sinh-dep-10.jpg 600w, https:\/\/deltawindows.com.vn\/wp-content\/uploads\/2019\/06\/mau-cabin-phong-tam-kinh-nha-ve-sinh-dep-10-300x269.jpg 300w\" alt=\"BATHROOM Sliding Door\" width=\"600\" height=\"537\" \/><\/p>\r\n<h3><span id=\"3_phong_tam_kinh_cua_truot\">4.3 GLASS BATHROOM \u2013 135 DEGREE GLASS BATHROOM:<\/span><\/h3>\r\n<p><img data-recalc-dims=\"1\" decoding=\"async\" class=\"aligncenter wp-image-476 size-full\" src=\"https:\/\/i0.wp.com\/deltawindows.com.vn\/wp-content\/uploads\/2019\/06\/vach-tam-kinh-135-do2.jpg?resize=582%2C470&#038;ssl=1\" sizes=\"(max-width: 582px) 100vw, 582px\" srcset=\"https:\/\/deltawindows.com.vn\/wp-content\/uploads\/2019\/06\/vach-tam-kinh-135-do2.jpg 582w, https:\/\/deltawindows.com.vn\/wp-content\/uploads\/2019\/06\/vach-tam-kinh-135-do2-300x242.jpg 300w\" alt=\"135 DEGREE GLASS BATHROOM\" width=\"582\" height=\"470\" \/><\/p>\r\n<p>&nbsp;<\/p>\r\n<p><!--more--><\/p>\r\n<p><strong><a href=\"https:\/\/sunspace.vn\/en\/\">SUNSPACE WINDOW JOINT STOCK COMPANY<\/a><\/strong><\/p>\r\n<p><!-- \/wp:paragraph -->\r\n\r\n<!-- wp:paragraph --><\/p>\r\n<p>\u00a0Hanoi: ADG Tower, 37 Le Van Thiem, Thanh Xuan District<\/p>\r\n<p><!-- \/wp:paragraph -->\r\n\r\n<!-- wp:paragraph --><\/p>\r\n<p>\u00a0Hotline: 1900.98.98.48 \u2013 Tel: (024) 44 55 00 66<\/p>\r\n<p><!-- \/wp:paragraph -->\r\n\r\n<!-- wp:paragraph --><\/p>\r\n<p>\u00a0HCM: SAIGON PRIME Building \u2013 No. 107-109-111 Nguyen Dinh Chieu, District 3<\/p>\r\n<p><!-- \/wp:paragraph -->\r\n\r\n<!-- wp:paragraph --><\/p>\r\n<p>\u00a0Tel: (028) 62 57 78 55<\/p>\r\n<p><!-- \/wp:paragraph -->\r\n\r\n<!-- wp:paragraph --><\/p>\r\n<p>\u00a0FACTORY : D3 Street, Pho Noi A Industrial Park, Yen My, Hung Yen<\/p>\r\n<p>FANPAGE FACEBOOK:<a href=\"https:\/\/www.facebook.com\/Sunspace.vn\">\u00a0<strong>SUNSPACE<\/strong><\/a><\/p>\r\n<p><!-- \/wp:paragraph -->\r\n\r\n<!-- wp:paragraph --><\/p>\r\n<p>&gt;&gt;For more information: <a href=\"https:\/\/sunspace.vn\/en\/san-pham-sunspace\/he-thong-cua-nhom-vach-kinh\/\">Xingfa aluminum door<\/a>,<a href=\"https:\/\/sunspace.vn\/en\/san-pham-sunspace\/he-thong-cua-nhom-vach-kinh\/\"> aluminum door system<\/a>,<a href=\"https:\/\/sunspace.vn\/en\/san-pham-sunspace\/he-thong-cua-nhom-vach-kinh\/#cua-nhom-cao-cap\"> High quality aluminum doors<\/a>, <a href=\"https:\/\/sunspace.vn\/en\/san-pham-sunspace\/he-thong-cua-nhom-vach-kinh\/#cua-nhom-tieu-chuan\">standard aluminum door<\/a>, <a href=\"https:\/\/sunspace.vn\/en\/san-pham-sunspace\/he-thong-cua-nhom-vach-kinh\/\">aluminum door with glass wall<\/a>, <a href=\"https:\/\/sunspace.vn\/en\/san-pham-sunspace\/he-thong-vach-kinh-mat-dung\/\">Glass edge<\/a>, <a href=\"https:\/\/sunspace.vn\/en\/san-pham-sunspace\/he-thong-cua-nhom-vach-kinh\/#cua-nhom-cao-cap\">High quality aluminum doors<\/a>, <a href=\"https:\/\/sunspace.vn\/en\/san-pham-sunspace\/he-thong-cua-nhom-vach-kinh\/#cua-nhom-cao-cap\">high-class crabs<\/a>, <a href=\"https:\/\/sunspace.vn\/en\/san-pham-sunspace\/he-thong-cua-nhom-vach-kinh\/#cua-nhom-cao-cap\">high-rise door<\/a>, <a href=\"https:\/\/sunspace.vn\/en\/san-pham-sunspace\/he-thong-cua-nhom-vach-kinh\/\">quotation for aluminum doors xingfa 2021<\/a>, <a href=\"https:\/\/sunspace.vn\/en\/san-pham-sunspace\/he-thong-cua-nhom-vach-kinh\/\">xingfa aluminum door quote<\/a>, <a href=\"https:\/\/sunspace.vn\/en\/san-pham-sunspace\/he-thong-cua-nhom-vach-kinh\/\">xingfa aluminum door price<\/a>, <a href=\"https:\/\/sunspace.vn\/en\/san-pham-sunspace\/he-thong-cua-nhom-vach-kinh\/\">xingfa aluminum door<\/a>, <a href=\"https:\/\/sunspace.vn\/en\/san-pham-sunspace\/he-thong-cua-nhom-vach-kinh\/\">Xingfa&#039;s group<\/a> , <a href=\"https:\/\/sunspace.vn\/en\/san-pham-sunspace\/he-thong-cabin-tam-va-lan-can-kinh\/\">aluminum and glass accessories<\/a>, <a href=\"https:\/\/sunspace.vn\/en\/san-pham-sunspace\/he-thong-cabin-tam-va-lan-can-kinh\/\">tempered glass<\/a>, <a href=\"https:\/\/sunspace.vn\/en\/san-pham-sunspace\/he-thong-cabin-tam-va-lan-can-kinh\/\">safety laminated glass<\/a>, <a href=\"https:\/\/sunspace.vn\/en\/san-pham-sunspace\/he-thong-cua-nhom-vach-kinh\/\">aluminum profiles,<\/a> <a href=\"https:\/\/sunspace.vn\/en\/san-pham-sunspace\/he-thong-cua-nhom-vach-kinh\/\">glass wall system,<\/a>\u00a0<a href=\"https:\/\/sunspace.vn\/en\/san-pham-sunspace\/he-thong-cua-nhua-upvc\/\">upvc door system,<\/a> <a href=\"https:\/\/sunspace.vn\/en\/san-pham-sunspace\/he-thong-cua-kinh-tu-dong\/\">automatic glass door system,<\/a> <a href=\"https:\/\/sunspace.vn\/en\/san-pham-sunspace\/he-thong-cua-cuon\/\">rolling door system<\/a>, <a href=\"https:\/\/sunspace.vn\/en\/san-pham-sunspace\/he-thong-vach-kinh-mat-dung\/\">fa\u00e7ade partition wall system<\/a><\/p>","protected":false},"excerpt":{"rendered":"<p>H\u1ec7 th\u1ed1ng cabin t\u1eafm s\u1eed d\u1ee5ng h\u1ec7 th\u1ed1ng v\u00e1ch k\u00ednh trong su\u1ed1t &amp; cao c\u1ea5p t\u0103ng v\u1ebb sang tr\u1ecdng trong ph\u00f2ng t\u1eafm. H\u1ec7 th\u1ed1ng lan can k\u00ednh b\u00ean trong v\u00e0 b\u00ean ngo\u00e0i nh\u00e0, s\u1eed d\u1ee5ng th\u00edch h\u1ee3p cho C\u1ea7u thang, Ban c\u00f4ng\u2026 1. Cabin v\u00e1ch t\u1eafm k\u00ednh l\u00e0 g\u00ec? Cabin v\u00e1ch t\u1eafm k\u00ednh l\u00e0 h\u00ecnh [&hellip;]<\/p>","protected":false},"featured_media":4467,"comment_status":"open","ping_status":"closed","template":"","meta":[],"product_brand":[],"product_cat":[824],"product_tag":[963,965,892,964,767],"class_list":{"0":"post-4141","1":"product","2":"type-product","3":"status-publish","4":"has-post-thumbnail","6":"product_cat-he-thong-cabin-tam-lan-can-kinh","7":"product_tag-cabin-tam","8":"product_tag-cabin-vach-tam-kinh","9":"product_tag-he-thong-cabin-tam","10":"product_tag-he-thong-lan-can-kinh","11":"product_tag-he-thong-vach-kinh","13":"first","14":"instock","15":"shipping-taxable","16":"product-type-simple"},"jetpack_sharing_enabled":true,"_links":{"self":[{"href":"https:\/\/sunspace.vn\/en\/wp-json\/wp\/v2\/product\/4141","targetHints":{"allow":["GET"]}}],"collection":[{"href":"https:\/\/sunspace.vn\/en\/wp-json\/wp\/v2\/product"}],"about":[{"href":"https:\/\/sunspace.vn\/en\/wp-json\/wp\/v2\/types\/product"}],"replies":[{"embeddable":true,"href":"https:\/\/sunspace.vn\/en\/wp-json\/wp\/v2\/comments?post=4141"}],"wp:featuredmedia":[{"embeddable":true,"href":"https:\/\/sunspace.vn\/en\/wp-json\/wp\/v2\/media\/4467"}],"wp:attachment":[{"href":"https:\/\/sunspace.vn\/en\/wp-json\/wp\/v2\/media?parent=4141"}],"wp:term":[{"taxonomy":"product_brand","embeddable":true,"href":"https:\/\/sunspace.vn\/en\/wp-json\/wp\/v2\/product_brand?post=4141"},{"taxonomy":"product_cat","embeddable":true,"href":"https:\/\/sunspace.vn\/en\/wp-json\/wp\/v2\/product_cat?post=4141"},{"taxonomy":"product_tag","embeddable":true,"href":"https:\/\/sunspace.vn\/en\/wp-json\/wp\/v2\/product_tag?post=4141"}],"curies":[{"name":"wp","href":"https:\/\/api.w.org\/{rel}","templated":true}]}}