{"id":4123,"date":"2021-06-07T19:26:03","date_gmt":"2021-06-07T12:26:03","guid":{"rendered":"https:\/\/sunspace.vn\/?post_type=product&#038;p=4123"},"modified":"2024-07-11T22:36:41","modified_gmt":"2024-07-11T15:36:41","slug":"vach-kinh-mat-dung-he-unitized","status":"publish","type":"product","link":"https:\/\/sunspace.vn\/en\/product\/vach-kinh-mat-dung-he-unitized\/","title":{"rendered":"UNITIZED FACADES"},"content":{"rendered":"<p><em>Unitized facade system is an aluminum and glass facade system that is manufactured, processed and finished into modular panels (also known as panels) right from the factory, then transported to the construction site for erection and finishing. overall. Unitized aluminum and glass facade systems are best used for buildings with uniform exterior surfaces and floors of the same height.<\/em><\/p>\n<figure id=\"attachment_5394\" aria-describedby=\"caption-attachment-5394\" style=\"width: 600px\" class=\"wp-caption aligncenter\"><img data-recalc-dims=\"1\" decoding=\"async\" class=\"wp-image-5394 size-full\" src=\"https:\/\/i0.wp.com\/sunspace.vn\/wp-content\/uploads\/2021\/06\/1-5.jpg?resize=600%2C395&#038;ssl=1\" alt=\"\" width=\"600\" height=\"395\" srcset=\"https:\/\/i0.wp.com\/sunspace.vn\/wp-content\/uploads\/2021\/06\/1-5.jpg?w=600&amp;ssl=1 600w, https:\/\/i0.wp.com\/sunspace.vn\/wp-content\/uploads\/2021\/06\/1-5.jpg?resize=350%2C230&amp;ssl=1 350w, https:\/\/i0.wp.com\/sunspace.vn\/wp-content\/uploads\/2021\/06\/1-5.jpg?resize=150%2C99&amp;ssl=1 150w, https:\/\/i0.wp.com\/sunspace.vn\/wp-content\/uploads\/2021\/06\/1-5.jpg?resize=16%2C12&amp;ssl=1 16w\" sizes=\"(max-width: 600px) 100vw, 600px\" \/><figcaption id=\"caption-attachment-5394\" class=\"wp-caption-text\">Image of Unitized aluminum and glass facades<\/figcaption><\/figure>\n<p><strong>*Advantages:<\/strong><\/p>\n<p>\u2013 The surface of the fa\u00e7ade of the Unitized system is uniform, so it ensures the criteria of art.<br \/>\n\u2013 Easy construction, fast construction time to meet the requirements of projects that require urgent progress.<br \/>\n- Strictly control product quality at the factory.<br \/>\n\u2013 The system is solid, the ability to grip is especially good, adapts to the moving impacts of the building.<br \/>\n\u2013 Closed structure, ensuring sound insulation, heat insulation and waterproofing for the project.<br \/>\n- Works even in unfavorable weather.<br \/>\n- Work safety is more guaranteed.<\/p>\n<p><strong>*Defect:<\/strong><\/p>\n<p>\u2013 The cost is higher than the Stick system glass facade.<br \/>\n\u2013 The transportation of panels to the construction site is more complicated.<br \/>\nUnitized facade construction<br \/>\n\u2013 The basic structure of the Unitized facade system includes: aluminum, glass, gasket system (or silicone sealant) and bolts and screws.<\/p>\n<figure id=\"attachment_5395\" aria-describedby=\"caption-attachment-5395\" style=\"width: 600px\" class=\"wp-caption aligncenter\"><img data-recalc-dims=\"1\" decoding=\"async\" class=\"wp-image-5395 size-full\" src=\"https:\/\/i0.wp.com\/sunspace.vn\/wp-content\/uploads\/2021\/06\/2-5.jpg?resize=600%2C655&#038;ssl=1\" alt=\"\" width=\"600\" height=\"655\" srcset=\"https:\/\/i0.wp.com\/sunspace.vn\/wp-content\/uploads\/2021\/06\/2-5.jpg?w=600&amp;ssl=1 600w, https:\/\/i0.wp.com\/sunspace.vn\/wp-content\/uploads\/2021\/06\/2-5.jpg?resize=350%2C382&amp;ssl=1 350w, https:\/\/i0.wp.com\/sunspace.vn\/wp-content\/uploads\/2021\/06\/2-5.jpg?resize=150%2C164&amp;ssl=1 150w, https:\/\/i0.wp.com\/sunspace.vn\/wp-content\/uploads\/2021\/06\/2-5.jpg?resize=11%2C12&amp;ssl=1 11w\" sizes=\"(max-width: 600px) 100vw, 600px\" \/><figcaption id=\"caption-attachment-5395\" class=\"wp-caption-text\">Unitized facade construction<\/figcaption><\/figure>\n<p><strong>About the aluminum system:<\/strong> Usually this will be very clearly specified in the design documents. The SUNSPACE factory will comply with the approved design requirements with very high accuracy.<\/p>\n<p><strong>About glasses:<\/strong> The glass used for the Unitized facade system is mostly box glass, in addition, single glass or laminated safety glass can still be used. In case of using box glass, it is usually a combination of an outer reflective safety glass and an inner tempered white glass panel.<\/p>\n<p><strong>Species:<\/strong><\/p>\n<p>The Unitized fa\u00e7ade is essentially a homogeneous plane, so it has only one texture, which is a hidden puzzle system.<\/p>\n<figure id=\"attachment_5396\" aria-describedby=\"caption-attachment-5396\" style=\"width: 600px\" class=\"wp-caption aligncenter\"><img data-recalc-dims=\"1\" decoding=\"async\" class=\"wp-image-5396 size-full\" src=\"https:\/\/i0.wp.com\/sunspace.vn\/wp-content\/uploads\/2021\/06\/3-6.jpg?resize=600%2C718&#038;ssl=1\" alt=\"\" width=\"600\" height=\"718\" srcset=\"https:\/\/i0.wp.com\/sunspace.vn\/wp-content\/uploads\/2021\/06\/3-6.jpg?w=600&amp;ssl=1 600w, https:\/\/i0.wp.com\/sunspace.vn\/wp-content\/uploads\/2021\/06\/3-6.jpg?resize=350%2C419&amp;ssl=1 350w, https:\/\/i0.wp.com\/sunspace.vn\/wp-content\/uploads\/2021\/06\/3-6.jpg?resize=150%2C180&amp;ssl=1 150w, https:\/\/i0.wp.com\/sunspace.vn\/wp-content\/uploads\/2021\/06\/3-6.jpg?resize=10%2C12&amp;ssl=1 10w\" sizes=\"(max-width: 600px) 100vw, 600px\" \/><figcaption id=\"caption-attachment-5396\" class=\"wp-caption-text\">Detailed section of typical Unitized facade system<\/figcaption><\/figure>\n<p><strong>Application of Unitized facade system<\/strong><\/p>\n<p>- Used as glass wall outside buildings, office buildings, commercial centers, hotels, ....<br \/>\n\u2013 Unitized facade system is a high-tech product in construction, which can be used for buildings with special requirements such as noise protection, sound insulation or absolute insulation.<\/p>\n<p><strong>Construction works using Stick system:<\/strong><\/p>\n<figure id=\"attachment_5397\" aria-describedby=\"caption-attachment-5397\" style=\"width: 600px\" class=\"wp-caption aligncenter\"><img data-recalc-dims=\"1\" decoding=\"async\" class=\"wp-image-5397 size-full\" src=\"https:\/\/i0.wp.com\/sunspace.vn\/wp-content\/uploads\/2021\/06\/4-7.jpg?resize=600%2C374&#038;ssl=1\" alt=\"\" width=\"600\" height=\"374\" srcset=\"https:\/\/i0.wp.com\/sunspace.vn\/wp-content\/uploads\/2021\/06\/4-7.jpg?w=600&amp;ssl=1 600w, https:\/\/i0.wp.com\/sunspace.vn\/wp-content\/uploads\/2021\/06\/4-7.jpg?resize=350%2C218&amp;ssl=1 350w, https:\/\/i0.wp.com\/sunspace.vn\/wp-content\/uploads\/2021\/06\/4-7.jpg?resize=150%2C94&amp;ssl=1 150w, https:\/\/i0.wp.com\/sunspace.vn\/wp-content\/uploads\/2021\/06\/4-7.jpg?resize=16%2C10&amp;ssl=1 16w\" sizes=\"(max-width: 600px) 100vw, 600px\" \/><figcaption id=\"caption-attachment-5397\" class=\"wp-caption-text\">Bitexco Financial Tower - Ho Chi Minh also uses Unitized aluminum and glass facade system<\/figcaption><\/figure>","protected":false},"excerpt":{"rendered":"<p>H\u1ec7 m\u1eb7t d\u1ef1ng Unitized l\u00e0 h\u1ec7 th\u1ed1ng m\u1eb7t d\u1ef1ng nh\u00f4m k\u00ednh \u0111\u01b0\u1ee3c s\u1ea3n xu\u1ea5t, gia c\u00f4ng v\u00e0 ho\u00e0n thi\u1ec7n th\u00e0nh c\u00e1c t\u1ea5m modul (hay c\u00f2n g\u1ecdi l\u00e0 panel) ngay t\u1eeb trong nh\u00e0 m\u00e1y, sau \u0111\u00f3 \u0111\u01b0\u1ee3c chuy\u1ec3n \u0111\u1ebfn c\u00f4ng tr\u00ecnh \u0111\u1ec3 l\u1eafp d\u1ef1ng v\u00e0 ho\u00e0n thi\u1ec7n t\u1ed5ng th\u1ec3. H\u1ec7 m\u1eb7t d\u1ef1ng nh\u00f4m k\u00ednh Unitized s\u1eed [&hellip;]<\/p>","protected":false},"featured_media":4310,"comment_status":"open","ping_status":"closed","template":"","meta":[],"product_brand":[],"product_cat":[765],"product_tag":[837],"class_list":{"0":"post-4123","1":"product","2":"type-product","3":"status-publish","4":"has-post-thumbnail","6":"product_cat-he-thong-mat-dung-vach-kinh","7":"product_tag-vach-kinh-mat-dung-he-unitized","9":"first","10":"instock","11":"shipping-taxable","12":"product-type-simple"},"jetpack_sharing_enabled":true,"_links":{"self":[{"href":"https:\/\/sunspace.vn\/en\/wp-json\/wp\/v2\/product\/4123","targetHints":{"allow":["GET"]}}],"collection":[{"href":"https:\/\/sunspace.vn\/en\/wp-json\/wp\/v2\/product"}],"about":[{"href":"https:\/\/sunspace.vn\/en\/wp-json\/wp\/v2\/types\/product"}],"replies":[{"embeddable":true,"href":"https:\/\/sunspace.vn\/en\/wp-json\/wp\/v2\/comments?post=4123"}],"wp:featuredmedia":[{"embeddable":true,"href":"https:\/\/sunspace.vn\/en\/wp-json\/wp\/v2\/media\/4310"}],"wp:attachment":[{"href":"https:\/\/sunspace.vn\/en\/wp-json\/wp\/v2\/media?parent=4123"}],"wp:term":[{"taxonomy":"product_brand","embeddable":true,"href":"https:\/\/sunspace.vn\/en\/wp-json\/wp\/v2\/product_brand?post=4123"},{"taxonomy":"product_cat","embeddable":true,"href":"https:\/\/sunspace.vn\/en\/wp-json\/wp\/v2\/product_cat?post=4123"},{"taxonomy":"product_tag","embeddable":true,"href":"https:\/\/sunspace.vn\/en\/wp-json\/wp\/v2\/product_tag?post=4123"}],"curies":[{"name":"wp","href":"https:\/\/api.w.org\/{rel}","templated":true}]}}