{"id":4121,"date":"2021-06-07T19:21:29","date_gmt":"2021-06-07T12:21:29","guid":{"rendered":"https:\/\/sunspace.vn\/?post_type=product&#038;p=4121"},"modified":"2021-07-12T10:44:07","modified_gmt":"2021-07-12T03:44:07","slug":"vach-kinh-mat-dung-he-stick","status":"publish","type":"product","link":"https:\/\/sunspace.vn\/en\/product\/vach-kinh-mat-dung-he-stick\/","title":{"rendered":"STICK FACADES"},"content":{"rendered":"<p><em>Stick facade is the most popular type of facade on the market today because it is easy to buy materials, easy to install with simple tools...<\/em><\/p>\n<p><strong>What is Stick facade system?<\/strong><\/p>\n<p>Stick curtain wall system is  an aluminum and glass facade system that  is installed according to the principle of aluminum frame installed in front and glass installed in the back. The Stick system is manufactured and processed for aluminum bars, glass and some other details at the factory, the entire connection, erection and finishing work is done at the construction site. Stick system can be used for all types of exterior surfaces of buildings, especially suitable for building surfaces with complex architecture or with many joints.<\/p>\n<figure id=\"attachment_5384\" aria-describedby=\"caption-attachment-5384\" style=\"width: 600px\" class=\"wp-caption aligncenter\"><img data-recalc-dims=\"1\" decoding=\"async\" class=\"wp-image-5384 size-full\" src=\"https:\/\/i0.wp.com\/sunspace.vn\/wp-content\/uploads\/2021\/06\/1-4.jpg?resize=600%2C358&#038;ssl=1\" alt=\"Image of stick fa\u00e7ade system\" width=\"600\" height=\"358\" srcset=\"https:\/\/i0.wp.com\/sunspace.vn\/wp-content\/uploads\/2021\/06\/1-4.jpg?w=600&amp;ssl=1 600w, https:\/\/i0.wp.com\/sunspace.vn\/wp-content\/uploads\/2021\/06\/1-4.jpg?resize=350%2C209&amp;ssl=1 350w, https:\/\/i0.wp.com\/sunspace.vn\/wp-content\/uploads\/2021\/06\/1-4.jpg?resize=150%2C90&amp;ssl=1 150w, https:\/\/i0.wp.com\/sunspace.vn\/wp-content\/uploads\/2021\/06\/1-4.jpg?resize=16%2C10&amp;ssl=1 16w\" sizes=\"(max-width: 600px) 100vw, 600px\" \/><figcaption id=\"caption-attachment-5384\" class=\"wp-caption-text\">Image of stick fa\u00e7ade system<\/figcaption><\/figure>\n<p><strong>Advantages and disadvantages of Stick fa\u00e7ade system<\/strong><\/p>\n<p><em><strong>* Advantages:<\/strong><\/em><br \/>\n- Has a safe structure and good waterproofing.<br \/>\n- Flexibility in the process of transportation, construction and installation.<br \/>\n- Allows the construction of works with high complexity such as angular, heterogeneous surfaces.<\/p>\n<p><em><strong>* Defect:<\/strong><\/em><br \/>\n- Controlling product quality at the construction site will be more difficult than  building Unitized facade systems .<br \/>\n- Longer construction time, requiring many construction stages at the construction site.<br \/>\n- Construction is carried out mostly from the outside of the building: a lot of lifting and swinging equipment must be prepared for workers.<br \/>\n- Requires a large warehouse space at the construction site to store materials, because the time for storing and managing materials is prolonged during the construction process.<\/p>\n<p><strong>Construction of the fa\u00e7ade system Stick<\/strong><\/p>\n<figure id=\"attachment_5385\" aria-describedby=\"caption-attachment-5385\" style=\"width: 600px\" class=\"wp-caption aligncenter\"><img data-recalc-dims=\"1\" decoding=\"async\" class=\"wp-image-5385 size-full\" src=\"https:\/\/i0.wp.com\/sunspace.vn\/wp-content\/uploads\/2021\/06\/2-4.jpg?resize=600%2C472&#038;ssl=1\" alt=\"\" width=\"600\" height=\"472\" srcset=\"https:\/\/i0.wp.com\/sunspace.vn\/wp-content\/uploads\/2021\/06\/2-4.jpg?w=600&amp;ssl=1 600w, https:\/\/i0.wp.com\/sunspace.vn\/wp-content\/uploads\/2021\/06\/2-4.jpg?resize=350%2C275&amp;ssl=1 350w, https:\/\/i0.wp.com\/sunspace.vn\/wp-content\/uploads\/2021\/06\/2-4.jpg?resize=150%2C118&amp;ssl=1 150w, https:\/\/i0.wp.com\/sunspace.vn\/wp-content\/uploads\/2021\/06\/2-4.jpg?resize=16%2C12&amp;ssl=1 16w\" sizes=\"(max-width: 600px) 100vw, 600px\" \/><figcaption id=\"caption-attachment-5385\" class=\"wp-caption-text\">Basic components of the fa\u00e7ade system Stick<\/figcaption><\/figure>\n<p><em>Types of  fa\u00e7ade systems Stick<\/em><br \/>\n<strong>+ Textured Stick facade<\/strong>: Decoration and sunshade (horizontal puzzle, vertical puzzle or both horizontal &amp; vertical).<\/p>\n<p>This structure has the advantage of creating a solid appearance for the building. With powder-coated aluminum, customers can freely choose different colors for the exterior bars, thereby creating a luxurious and durable look for the entire project.<\/p>\n<p>Sticky textures reveal horizontal or vertical puzzles (also known as textured textures combined with hidden puzzles):  will create accents with vertical or horizontal lines on the outer surface of the entire building. The combination of horizontal and vertical puzzles will create a unique aesthetic with high aesthetic value.<\/p>\n<figure id=\"attachment_5386\" aria-describedby=\"caption-attachment-5386\" style=\"width: 600px\" class=\"wp-caption aligncenter\"><img data-recalc-dims=\"1\" decoding=\"async\" class=\"wp-image-5386 size-full\" src=\"https:\/\/i0.wp.com\/sunspace.vn\/wp-content\/uploads\/2021\/06\/3-5.jpg?resize=600%2C179&#038;ssl=1\" alt=\"\" width=\"600\" height=\"179\" srcset=\"https:\/\/i0.wp.com\/sunspace.vn\/wp-content\/uploads\/2021\/06\/3-5.jpg?w=600&amp;ssl=1 600w, https:\/\/i0.wp.com\/sunspace.vn\/wp-content\/uploads\/2021\/06\/3-5.jpg?resize=350%2C104&amp;ssl=1 350w, https:\/\/i0.wp.com\/sunspace.vn\/wp-content\/uploads\/2021\/06\/3-5.jpg?resize=150%2C45&amp;ssl=1 150w, https:\/\/i0.wp.com\/sunspace.vn\/wp-content\/uploads\/2021\/06\/3-5.jpg?resize=16%2C5&amp;ssl=1 16w\" sizes=\"(max-width: 600px) 100vw, 600px\" \/><figcaption id=\"caption-attachment-5386\" class=\"wp-caption-text\">Cross section of Xingfa aluminum stick fa\u00e7ade system<\/figcaption><\/figure>\n<figure id=\"attachment_5387\" aria-describedby=\"caption-attachment-5387\" style=\"width: 936px\" class=\"wp-caption aligncenter\"><img data-recalc-dims=\"1\" decoding=\"async\" class=\"wp-image-5387 size-full\" src=\"https:\/\/i0.wp.com\/sunspace.vn\/wp-content\/uploads\/2021\/06\/4-6.jpg?resize=936%2C374&#038;ssl=1\" alt=\"\" width=\"936\" height=\"374\" srcset=\"https:\/\/i0.wp.com\/sunspace.vn\/wp-content\/uploads\/2021\/06\/4-6.jpg?w=936&amp;ssl=1 936w, https:\/\/i0.wp.com\/sunspace.vn\/wp-content\/uploads\/2021\/06\/4-6.jpg?resize=350%2C140&amp;ssl=1 350w, https:\/\/i0.wp.com\/sunspace.vn\/wp-content\/uploads\/2021\/06\/4-6.jpg?resize=150%2C60&amp;ssl=1 150w, https:\/\/i0.wp.com\/sunspace.vn\/wp-content\/uploads\/2021\/06\/4-6.jpg?resize=768%2C307&amp;ssl=1 768w, https:\/\/i0.wp.com\/sunspace.vn\/wp-content\/uploads\/2021\/06\/4-6.jpg?resize=16%2C6&amp;ssl=1 16w, https:\/\/i0.wp.com\/sunspace.vn\/wp-content\/uploads\/2021\/06\/4-6.jpg?resize=600%2C240&amp;ssl=1 600w, https:\/\/i0.wp.com\/sunspace.vn\/wp-content\/uploads\/2021\/06\/4-6.jpg?resize=750%2C300&amp;ssl=1 750w\" sizes=\"(max-width: 936px) 100vw, 936px\" \/><figcaption id=\"caption-attachment-5387\" class=\"wp-caption-text\">Structure of the Stick facade system with horizontal &amp; vertical puzzles<\/figcaption><\/figure>\n<p><strong>+ Hidden texture Stick facade<\/strong><br \/>\nThis structure has the outstanding advantage that it is not divided by horizontal and vertical bars, so the outer surface of the building is a giant glass panel, separated by a small line. This is not only convenient in decorating different colored glass panes, but also creates a large space, in addition, it is also suitable for placing large electronic advertising screens.<\/p>\n<figure id=\"attachment_5388\" aria-describedby=\"caption-attachment-5388\" style=\"width: 600px\" class=\"wp-caption aligncenter\"><img data-recalc-dims=\"1\" decoding=\"async\" class=\"wp-image-5388 size-full\" src=\"https:\/\/i0.wp.com\/sunspace.vn\/wp-content\/uploads\/2021\/06\/5-3.jpg?resize=600%2C181&#038;ssl=1\" alt=\"\" width=\"600\" height=\"181\" srcset=\"https:\/\/i0.wp.com\/sunspace.vn\/wp-content\/uploads\/2021\/06\/5-3.jpg?w=600&amp;ssl=1 600w, https:\/\/i0.wp.com\/sunspace.vn\/wp-content\/uploads\/2021\/06\/5-3.jpg?resize=350%2C106&amp;ssl=1 350w, https:\/\/i0.wp.com\/sunspace.vn\/wp-content\/uploads\/2021\/06\/5-3.jpg?resize=150%2C45&amp;ssl=1 150w, https:\/\/i0.wp.com\/sunspace.vn\/wp-content\/uploads\/2021\/06\/5-3.jpg?resize=16%2C5&amp;ssl=1 16w\" sizes=\"(max-width: 600px) 100vw, 600px\" \/><figcaption id=\"caption-attachment-5388\" class=\"wp-caption-text\">Cross section fa\u00e7ade fa\u00e7ade stick system 110 aluminum Xingfa<\/figcaption><\/figure>\n<p><strong>Application<\/strong><\/p>\n<p>Stick facade systems  are often used as:<\/p>\n<ul>\n<li>Glass walls for office buildings, commercial centers, administrative centers.<\/li>\n<li>Making roofs for light, roofs for terraces that need to be used instead of corrugated iron or tile roofs.<\/li>\n<\/ul>","protected":false},"excerpt":{"rendered":"<p>M\u1eb7t d\u1ef1ng stick l\u00e0 d\u1ea1ng m\u1eb7t d\u1ef1ng ph\u1ed5 bi\u1ebfn nh\u1ea5t hi\u1ec7n nay tr\u00ean th\u1ecb tr\u01b0\u1eddng b\u1edfi d\u1ec5 mua nguy\u00ean li\u1ec7u, d\u1ec5 l\u1eafp \u0111\u1eb7t b\u1eb1ng c\u00e1c d\u1ee5ng c\u1ee5 \u0111\u01a1n gi\u1ea3n&#8230; H\u1ec7 m\u1eb7t d\u1ef1ng Stick l\u00e0 g\u00ec? H\u1ec7 m\u1eb7t d\u1ef1ng Stick (stick curtain wall) l\u00e0 h\u1ec7 th\u1ed1ng m\u1eb7t d\u1ef1ng nh\u00f4m k\u00ednh \u0111\u01b0\u1ee3c l\u1eafp \u0111\u1eb7t theo nguy\u00ean t\u1eafc [&hellip;]<\/p>","protected":false},"featured_media":4189,"comment_status":"open","ping_status":"closed","template":"","meta":[],"product_brand":[],"product_cat":[765],"product_tag":[836],"class_list":{"0":"post-4121","1":"product","2":"type-product","3":"status-publish","4":"has-post-thumbnail","6":"product_cat-he-thong-mat-dung-vach-kinh","7":"product_tag-vach-kinh-mat-dung-he-stick","9":"first","10":"instock","11":"shipping-taxable","12":"product-type-simple"},"jetpack_sharing_enabled":true,"_links":{"self":[{"href":"https:\/\/sunspace.vn\/en\/wp-json\/wp\/v2\/product\/4121","targetHints":{"allow":["GET"]}}],"collection":[{"href":"https:\/\/sunspace.vn\/en\/wp-json\/wp\/v2\/product"}],"about":[{"href":"https:\/\/sunspace.vn\/en\/wp-json\/wp\/v2\/types\/product"}],"replies":[{"embeddable":true,"href":"https:\/\/sunspace.vn\/en\/wp-json\/wp\/v2\/comments?post=4121"}],"wp:featuredmedia":[{"embeddable":true,"href":"https:\/\/sunspace.vn\/en\/wp-json\/wp\/v2\/media\/4189"}],"wp:attachment":[{"href":"https:\/\/sunspace.vn\/en\/wp-json\/wp\/v2\/media?parent=4121"}],"wp:term":[{"taxonomy":"product_brand","embeddable":true,"href":"https:\/\/sunspace.vn\/en\/wp-json\/wp\/v2\/product_brand?post=4121"},{"taxonomy":"product_cat","embeddable":true,"href":"https:\/\/sunspace.vn\/en\/wp-json\/wp\/v2\/product_cat?post=4121"},{"taxonomy":"product_tag","embeddable":true,"href":"https:\/\/sunspace.vn\/en\/wp-json\/wp\/v2\/product_tag?post=4121"}],"curies":[{"name":"wp","href":"https:\/\/api.w.org\/{rel}","templated":true}]}}