{"id":4119,"date":"2021-06-07T19:16:43","date_gmt":"2021-06-07T12:16:43","guid":{"rendered":"https:\/\/sunspace.vn\/?post_type=product&#038;p=4119"},"modified":"2026-04-10T15:02:34","modified_gmt":"2026-04-10T08:02:34","slug":"vach-kinh-mat-dung-he-semi","status":"publish","type":"product","link":"https:\/\/sunspace.vn\/en\/product\/vach-kinh-mat-dung-he-semi\/","title":{"rendered":"SEMI-UNITIZED FACADES"},"content":{"rendered":"<p><em>Semi-Unitized facade system (also known as Semi-Unitized curtain wall system or Hybrid curtain wall system) is a type of facade that combines the advantages and features of Stick and Unitized facade systems. The basic structural principle is that except for the main frame, other fa\u00e7ade components are assembled into unitized panels, and then transported to the site for positioning and mounting on the main frame.<\/em><\/p>\n<figure id=\"attachment_5399\" aria-describedby=\"caption-attachment-5399\" style=\"width: 600px\" class=\"wp-caption aligncenter\"><img data-recalc-dims=\"1\" decoding=\"async\" class=\"wp-image-5399 size-full\" src=\"https:\/\/i0.wp.com\/sunspace.vn\/wp-content\/uploads\/2021\/06\/1-6.jpg?resize=600%2C399&#038;ssl=1\" alt=\"\" width=\"600\" height=\"399\" srcset=\"https:\/\/i0.wp.com\/sunspace.vn\/wp-content\/uploads\/2021\/06\/1-6.jpg?w=600&amp;ssl=1 600w, https:\/\/i0.wp.com\/sunspace.vn\/wp-content\/uploads\/2021\/06\/1-6.jpg?resize=350%2C233&amp;ssl=1 350w, https:\/\/i0.wp.com\/sunspace.vn\/wp-content\/uploads\/2021\/06\/1-6.jpg?resize=150%2C100&amp;ssl=1 150w, https:\/\/i0.wp.com\/sunspace.vn\/wp-content\/uploads\/2021\/06\/1-6.jpg?resize=16%2C12&amp;ssl=1 16w\" sizes=\"(max-width: 600px) 100vw, 600px\" \/><figcaption id=\"caption-attachment-5399\" class=\"wp-caption-text\">Semi - Unitized glass wall facade for Nghe An Provincial People&#039;s Committee project<\/figcaption><\/figure>\n<p>Compared with other glass facade systems, the Semi-unitized fa\u00e7ade system has many outstanding advantages in terms of mass production, accuracy, installation quality, repair &amp; maintenance, etc.<\/p>\n<p><strong>Advantages of Semi facade system:<\/strong><br \/>\u2013 Panels are mass-produced at the factory, so components are assembled accurately and quality is easily controlled.<br \/>\u2013 Quick installation, simple operation, short construction period, and high construction efficiency.<br \/>- With 3 layers sealed inside the facade, high waterproofing purpose. The drainage system is perfectly designed. Water resistant, reliable &amp; stable sealing.<br \/>\u2013 The traditional method of sealing the structure between unitized panels &amp; joint glue is replaced by sealant strips, which not only ensure a tight seal but also reduce the level of contamination on the surface of the building. facade, bringing aesthetics, improving decorative efficiency.<br \/>\u2013 Unitized panels are small, flexible, convenient, easy to install, maintain and replace.<br \/>\u2013 Flexible choice: glass, metal, stone &amp; other decorative materials, \u2026<br \/>\u2013 Diversity of ways to assemble Semi facades: hide puzzles, reveal puzzles, combine puzzles and hide puzzles.<br \/>\u2013 Ensure safety, certainty, especially for high-rise buildings.<\/p>\n<p><strong>*Defect:<\/strong><br \/>\u2013 The construction time of semi-unitized glass curtain wall system is longer and requires more installation labor than other facade systems.<br \/>\u2013 High cost for construction and erection, so only large and complex projects use this system.<\/p>\n<p><strong>Structure of Semi-Unitized facade system:<\/strong><\/p>\n<figure id=\"attachment_5400\" aria-describedby=\"caption-attachment-5400\" style=\"width: 600px\" class=\"wp-caption aligncenter\"><img data-recalc-dims=\"1\" decoding=\"async\" class=\"wp-image-5400 size-full\" src=\"https:\/\/i0.wp.com\/sunspace.vn\/wp-content\/uploads\/2021\/06\/2-6.jpg?resize=600%2C417&#038;ssl=1\" alt=\"\" width=\"600\" height=\"417\" srcset=\"https:\/\/i0.wp.com\/sunspace.vn\/wp-content\/uploads\/2021\/06\/2-6.jpg?w=600&amp;ssl=1 600w, https:\/\/i0.wp.com\/sunspace.vn\/wp-content\/uploads\/2021\/06\/2-6.jpg?resize=350%2C243&amp;ssl=1 350w, https:\/\/i0.wp.com\/sunspace.vn\/wp-content\/uploads\/2021\/06\/2-6.jpg?resize=150%2C104&amp;ssl=1 150w, https:\/\/i0.wp.com\/sunspace.vn\/wp-content\/uploads\/2021\/06\/2-6.jpg?resize=16%2C12&amp;ssl=1 16w\" sizes=\"(max-width: 600px) 100vw, 600px\" \/><figcaption id=\"caption-attachment-5400\" class=\"wp-caption-text\">Basic structure of the facade system Semi \u2013 Unitized<\/figcaption><\/figure>\n<p><strong>Species:<\/strong><\/p>\n<p>Semi fa\u00e7ade system has 3 types: semi - unitized fa\u00e7ade, hidden puzzle, semi - unitized fa\u00e7ade, and semi - unitized fa\u00e7ade combining puzzle and hidden puzzle.<\/p>\n<p>Xingfa aluminum profiles &amp; Semi . facade system specifications<\/p>\n<figure id=\"attachment_5401\" aria-describedby=\"caption-attachment-5401\" style=\"width: 600px\" class=\"wp-caption aligncenter\"><img data-recalc-dims=\"1\" decoding=\"async\" class=\"wp-image-5401 size-full\" src=\"https:\/\/i0.wp.com\/sunspace.vn\/wp-content\/uploads\/2021\/06\/3-7.jpg?resize=600%2C367&#038;ssl=1\" alt=\"\" width=\"600\" height=\"367\" srcset=\"https:\/\/i0.wp.com\/sunspace.vn\/wp-content\/uploads\/2021\/06\/3-7.jpg?w=600&amp;ssl=1 600w, https:\/\/i0.wp.com\/sunspace.vn\/wp-content\/uploads\/2021\/06\/3-7.jpg?resize=350%2C214&amp;ssl=1 350w, https:\/\/i0.wp.com\/sunspace.vn\/wp-content\/uploads\/2021\/06\/3-7.jpg?resize=150%2C92&amp;ssl=1 150w, https:\/\/i0.wp.com\/sunspace.vn\/wp-content\/uploads\/2021\/06\/3-7.jpg?resize=16%2C10&amp;ssl=1 16w\" sizes=\"(max-width: 600px) 100vw, 600px\" \/><figcaption id=\"caption-attachment-5401\" class=\"wp-caption-text\">Semi . facade profile bars<\/figcaption><\/figure>\n<p><strong>Semi-unitized facade system specifications:<\/strong><\/p>\n<p>(Semi facade system has doors, hidden vertical puzzles and revealing horizontal puzzles)<\/p>\n<figure id=\"attachment_5402\" aria-describedby=\"caption-attachment-5402\" style=\"width: 600px\" class=\"wp-caption aligncenter\"><img data-recalc-dims=\"1\" decoding=\"async\" class=\"wp-image-5402 size-full\" src=\"https:\/\/i0.wp.com\/sunspace.vn\/wp-content\/uploads\/2021\/06\/4-8.jpg?resize=600%2C834&#038;ssl=1\" alt=\"\" width=\"600\" height=\"834\" srcset=\"https:\/\/i0.wp.com\/sunspace.vn\/wp-content\/uploads\/2021\/06\/4-8.jpg?w=600&amp;ssl=1 600w, https:\/\/i0.wp.com\/sunspace.vn\/wp-content\/uploads\/2021\/06\/4-8.jpg?resize=350%2C487&amp;ssl=1 350w, https:\/\/i0.wp.com\/sunspace.vn\/wp-content\/uploads\/2021\/06\/4-8.jpg?resize=150%2C209&amp;ssl=1 150w, https:\/\/i0.wp.com\/sunspace.vn\/wp-content\/uploads\/2021\/06\/4-8.jpg?resize=9%2C12&amp;ssl=1 9w\" sizes=\"(max-width: 600px) 100vw, 600px\" \/><figcaption id=\"caption-attachment-5402\" class=\"wp-caption-text\">Semi facade system has doors, hides vertical puzzles and exposes horizontal puzzles<\/figcaption><\/figure>\n<p><strong>Application of Semi \u2013 Unitized facade system<\/strong><\/p>\n<p>Semi - Unitized facade system is often applied as glass walls for office buildings, commercial centers, administrative centers, hotels, ...<\/p>\n<p><strong>Some pictures of projects applying the Semi \u2013 unitized facade system<\/strong><\/p>\n<figure id=\"attachment_5403\" aria-describedby=\"caption-attachment-5403\" style=\"width: 600px\" class=\"wp-caption aligncenter\"><img data-recalc-dims=\"1\" decoding=\"async\" class=\"wp-image-5403 size-full\" src=\"https:\/\/i0.wp.com\/sunspace.vn\/wp-content\/uploads\/2021\/06\/5-4.jpg?resize=600%2C338&#038;ssl=1\" alt=\"\" width=\"600\" height=\"338\" srcset=\"https:\/\/i0.wp.com\/sunspace.vn\/wp-content\/uploads\/2021\/06\/5-4.jpg?w=600&amp;ssl=1 600w, https:\/\/i0.wp.com\/sunspace.vn\/wp-content\/uploads\/2021\/06\/5-4.jpg?resize=350%2C197&amp;ssl=1 350w, https:\/\/i0.wp.com\/sunspace.vn\/wp-content\/uploads\/2021\/06\/5-4.jpg?resize=150%2C85&amp;ssl=1 150w, https:\/\/i0.wp.com\/sunspace.vn\/wp-content\/uploads\/2021\/06\/5-4.jpg?resize=16%2C9&amp;ssl=1 16w\" sizes=\"(max-width: 600px) 100vw, 600px\" \/><figcaption id=\"caption-attachment-5403\" class=\"wp-caption-text\">Oriental Tower Tay Son<\/figcaption><\/figure>","protected":false},"excerpt":{"rendered":"<p>H\u1ec7 m\u1eb7t d\u1ef1ng Semi &#8211; Unitized (c\u00f2n g\u1ecdi l\u00e0 h\u1ec7 b\u00e1n l\u1eafp gh\u00e9p Semi-Unitized curtain wall hay h\u1ec7 Hybrid curtain wall) l\u00e0 m\u1ed9t lo\u1ea1i m\u1eb7t d\u1ef1ng k\u1ebft h\u1ee3p l\u1ee3i th\u1ebf v\u00e0 t\u00ednh n\u0103ng c\u1ee7a h\u1ec7 m\u1eb7t d\u1ef1ng Stick v\u00e0 Unitized. Nguy\u00ean l\u00fd c\u1ea5u tr\u00fac c\u01a1 b\u1ea3n l\u00e0 ngo\u1ea1i tr\u1eeb khung ch\u00ednh, c\u00e1c th\u00e0nh ph\u1ea7n m\u1eb7t [&hellip;]<\/p>","protected":false},"featured_media":4312,"comment_status":"open","ping_status":"closed","template":"","meta":[],"product_brand":[],"product_cat":[765],"product_tag":[835],"class_list":{"0":"post-4119","1":"product","2":"type-product","3":"status-publish","4":"has-post-thumbnail","6":"product_cat-he-thong-mat-dung-vach-kinh","7":"product_tag-vach-kinh-mat-dung-he-semi","9":"first","10":"instock","11":"shipping-taxable","12":"product-type-simple"},"jetpack_sharing_enabled":true,"_links":{"self":[{"href":"https:\/\/sunspace.vn\/en\/wp-json\/wp\/v2\/product\/4119","targetHints":{"allow":["GET"]}}],"collection":[{"href":"https:\/\/sunspace.vn\/en\/wp-json\/wp\/v2\/product"}],"about":[{"href":"https:\/\/sunspace.vn\/en\/wp-json\/wp\/v2\/types\/product"}],"replies":[{"embeddable":true,"href":"https:\/\/sunspace.vn\/en\/wp-json\/wp\/v2\/comments?post=4119"}],"wp:featuredmedia":[{"embeddable":true,"href":"https:\/\/sunspace.vn\/en\/wp-json\/wp\/v2\/media\/4312"}],"wp:attachment":[{"href":"https:\/\/sunspace.vn\/en\/wp-json\/wp\/v2\/media?parent=4119"}],"wp:term":[{"taxonomy":"product_brand","embeddable":true,"href":"https:\/\/sunspace.vn\/en\/wp-json\/wp\/v2\/product_brand?post=4119"},{"taxonomy":"product_cat","embeddable":true,"href":"https:\/\/sunspace.vn\/en\/wp-json\/wp\/v2\/product_cat?post=4119"},{"taxonomy":"product_tag","embeddable":true,"href":"https:\/\/sunspace.vn\/en\/wp-json\/wp\/v2\/product_tag?post=4119"}],"curies":[{"name":"wp","href":"https:\/\/api.w.org\/{rel}","templated":true}]}}