{"id":4097,"date":"2021-06-07T17:08:50","date_gmt":"2021-06-07T10:08:50","guid":{"rendered":"https:\/\/sunspace.vn\/?post_type=product&#038;p=4097"},"modified":"2024-07-09T06:54:22","modified_gmt":"2024-07-08T23:54:22","slug":"he-cua-di-mo-quay","status":"publish","type":"product","link":"https:\/\/sunspace.vn\/en\/product\/he-cua-di-mo-quay\/","title":{"rendered":"The door system opens and turns"},"content":{"rendered":"<p><!--more--><\/p>\r\n<p><strong><a href=\"https:\/\/sunspace.vn\/en\/\">SUNSPACE WINDOW JOINT STOCK COMPANY<\/a><\/strong><\/p>\r\n<p><!-- \/wp:paragraph -->\r\n\r\n<!-- wp:paragraph --><\/p>\r\n<p>\u00a0Hanoi: ADG Tower, 37 Le Van Thiem, Thanh Xuan District<\/p>\r\n<p><!-- \/wp:paragraph -->\r\n\r\n<!-- wp:paragraph --><\/p>\r\n<p>\u00a0Hotline: 1900.98.98.48 \u2013 Tel: (024) 44 55 00 66<\/p>\r\n<p><!-- \/wp:paragraph -->\r\n\r\n<!-- wp:paragraph --><\/p>\r\n<p>\u00a0HCM: SAIGON PRIME Building \u2013 No. 107-109-111 Nguyen Dinh Chieu, District 3<\/p>\r\n<p><!-- \/wp:paragraph -->\r\n\r\n<!-- wp:paragraph --><\/p>\r\n<p>\u00a0Tel: (028) 62 57 78 55<\/p>\r\n<p><!-- \/wp:paragraph -->\r\n\r\n<!-- wp:paragraph --><\/p>\r\n<p>\u00a0FACTORY : D3 Street, Pho Noi A Industrial Park, Yen My, Hung Yen<\/p>\r\n<p>FANPAGE FACEBOOK:<a href=\"https:\/\/www.facebook.com\/Sunspace.vn\">\u00a0<strong>SUNSPACE<\/strong><\/a><\/p>\r\n<p><!-- \/wp:paragraph -->\r\n\r\n<!-- wp:paragraph --><\/p>\r\n<p>&gt;&gt;For more information: <a href=\"https:\/\/sunspace.vn\/en\/san-pham-sunspace\/he-thong-cua-nhom-vach-kinh\/\">Xingfa aluminum door<\/a>,<a href=\"https:\/\/sunspace.vn\/en\/san-pham-sunspace\/he-thong-cua-nhom-vach-kinh\/\"> aluminum door system<\/a>,<a href=\"https:\/\/sunspace.vn\/en\/san-pham-sunspace\/he-thong-cua-nhom-vach-kinh\/#cua-nhom-cao-cap\"> High quality aluminum doors<\/a>, <a href=\"https:\/\/sunspace.vn\/en\/san-pham-sunspace\/he-thong-cua-nhom-vach-kinh\/#cua-nhom-tieu-chuan\">standard aluminum door<\/a>, <a href=\"https:\/\/sunspace.vn\/en\/san-pham-sunspace\/he-thong-cua-nhom-vach-kinh\/\">aluminum door with glass wall<\/a>, <a href=\"https:\/\/sunspace.vn\/en\/san-pham-sunspace\/he-thong-vach-kinh-mat-dung\/\">Glass edge<\/a>, <a href=\"https:\/\/sunspace.vn\/en\/san-pham-sunspace\/he-thong-cua-nhom-vach-kinh\/#cua-nhom-cao-cap\">High quality aluminum doors<\/a>, <a href=\"https:\/\/sunspace.vn\/en\/san-pham-sunspace\/he-thong-cua-nhom-vach-kinh\/#cua-nhom-cao-cap\">high-class crabs<\/a>, <a href=\"https:\/\/sunspace.vn\/en\/san-pham-sunspace\/he-thong-cua-nhom-vach-kinh\/#cua-nhom-cao-cap\">high-rise door<\/a>, <a href=\"https:\/\/sunspace.vn\/en\/san-pham-sunspace\/he-thong-cua-nhom-vach-kinh\/\">quotation for aluminum doors xingfa 2021<\/a>, <a href=\"https:\/\/sunspace.vn\/en\/san-pham-sunspace\/he-thong-cua-nhom-vach-kinh\/\">xingfa aluminum door quote<\/a>, <a href=\"https:\/\/sunspace.vn\/en\/san-pham-sunspace\/he-thong-cua-nhom-vach-kinh\/\">xingfa aluminum door price<\/a>, <a href=\"https:\/\/sunspace.vn\/en\/san-pham-sunspace\/he-thong-cua-nhom-vach-kinh\/\">xingfa aluminum door<\/a>, <a href=\"https:\/\/sunspace.vn\/en\/san-pham-sunspace\/he-thong-cua-nhom-vach-kinh\/\">Xingfa&#039;s group<\/a> , <a href=\"https:\/\/sunspace.vn\/en\/san-pham-sunspace\/he-thong-cabin-tam-va-lan-can-kinh\/\">aluminum and glass accessories<\/a>, <a href=\"https:\/\/sunspace.vn\/en\/san-pham-sunspace\/he-thong-cabin-tam-va-lan-can-kinh\/\">tempered glass<\/a>, <a href=\"https:\/\/sunspace.vn\/en\/san-pham-sunspace\/he-thong-cabin-tam-va-lan-can-kinh\/\">safety laminated glass<\/a>, <a href=\"https:\/\/sunspace.vn\/en\/san-pham-sunspace\/he-thong-cua-nhom-vach-kinh\/\">aluminum profiles,<\/a> <a href=\"https:\/\/sunspace.vn\/en\/san-pham-sunspace\/he-thong-cua-nhom-vach-kinh\/\">glass wall system,<\/a>\u00a0<a href=\"https:\/\/sunspace.vn\/en\/san-pham-sunspace\/he-thong-cua-nhua-upvc\/\">upvc door system,<\/a> <a href=\"https:\/\/sunspace.vn\/en\/san-pham-sunspace\/he-thong-cua-kinh-tu-dong\/\">automatic glass door system,<\/a> <a href=\"https:\/\/sunspace.vn\/en\/san-pham-sunspace\/he-thong-cua-cuon\/\">rolling door system<\/a>, <a href=\"https:\/\/sunspace.vn\/en\/san-pham-sunspace\/he-thong-vach-kinh-mat-dung\/\">fa\u00e7ade partition wall system<\/a><\/p>\r\n<p>&nbsp;<\/p>\r\n<p>&nbsp;<\/p>","protected":false},"excerpt":{"rendered":"C\u00d4NG TY C\u1ed4 PH\u1ea6N C\u1eecA SUNSPACE \u00a0H\u00e0 N\u1ed9i: ADG Tower, 37 L\u00ea V\u0103n Thi\u00eam, Q. Thanh Xu\u00e2n \u00a0Hotline: 1900.98.98.48 - Tel: (024) 44 55 00 66 \u00a0HCM: To\u00e0 Nh\u00e0 SAIGON PRIME - S\u1ed1 107-109-111 Nguy\u1ec5n \u0110\u00ecnh Chi\u1ec3u, Q.3 \u00a0Tel: (028) 62 57 78 55 \u00a0NH\u00c0 M\u00c1Y : \u0110\u01b0\u1eddng D3 KCN Ph\u1ed1 N\u1ed1i A, Y\u00ean M\u1ef9, [...]","protected":false},"featured_media":4320,"comment_status":"open","ping_status":"closed","template":"","meta":[],"product_brand":[],"product_cat":[775],"product_tag":[826],"class_list":{"0":"post-4097","1":"product","2":"type-product","3":"status-publish","4":"has-post-thumbnail","6":"product_cat-he-thong-cua-nhom-vach-kinh","7":"product_tag-he-cua-di-mo-quay","9":"first","10":"instock","11":"shipping-taxable","12":"product-type-simple"},"jetpack_sharing_enabled":true,"_links":{"self":[{"href":"https:\/\/sunspace.vn\/en\/wp-json\/wp\/v2\/product\/4097","targetHints":{"allow":["GET"]}}],"collection":[{"href":"https:\/\/sunspace.vn\/en\/wp-json\/wp\/v2\/product"}],"about":[{"href":"https:\/\/sunspace.vn\/en\/wp-json\/wp\/v2\/types\/product"}],"replies":[{"embeddable":true,"href":"https:\/\/sunspace.vn\/en\/wp-json\/wp\/v2\/comments?post=4097"}],"wp:featuredmedia":[{"embeddable":true,"href":"https:\/\/sunspace.vn\/en\/wp-json\/wp\/v2\/media\/4320"}],"wp:attachment":[{"href":"https:\/\/sunspace.vn\/en\/wp-json\/wp\/v2\/media?parent=4097"}],"wp:term":[{"taxonomy":"product_brand","embeddable":true,"href":"https:\/\/sunspace.vn\/en\/wp-json\/wp\/v2\/product_brand?post=4097"},{"taxonomy":"product_cat","embeddable":true,"href":"https:\/\/sunspace.vn\/en\/wp-json\/wp\/v2\/product_cat?post=4097"},{"taxonomy":"product_tag","embeddable":true,"href":"https:\/\/sunspace.vn\/en\/wp-json\/wp\/v2\/product_tag?post=4097"}],"curies":[{"name":"wp","href":"https:\/\/api.w.org\/{rel}","templated":true}]}}