{"id":4354,"date":"2021-06-10T01:41:27","date_gmt":"2021-06-09T18:41:27","guid":{"rendered":"http:\/\/sunspace.vn\/?page_id=4354"},"modified":"2021-06-18T22:47:22","modified_gmt":"2021-06-18T15:47:22","slug":"tin-tuyen-dung","status":"publish","type":"page","link":"https:\/\/sunspace.vn\/en\/thong-tin\/tin-tuyen-dung\/","title":{"rendered":"Recruitment"},"content":{"rendered":"<div class=\"row vc_row wpb_row vc_row-fluid\"><div class=\"jeg-vc-wrapper\"><div class=\"wpb_column jeg_column vc_column_container vc_col-sm-12 jeg_main_content\"><div class=\"jeg_wrapper wpb_wrapper\"><div class=\"vc_tta-container\" data-vc-action=\"collapse\"><div class=\"vc_general vc_tta vc_tta-tabs vc_tta-color-grey vc_tta-style-classic vc_tta-shape-rounded vc_tta-spacing-1 vc_tta-tabs-position-top vc_tta-controls-align-left\"><div class=\"vc_tta-tabs-container\"><ul class=\"vc_tta-tabs-list\"><li class=\"vc_tta-tab vc_active\" data-vc-tab><a href=\"#tin-tuyen-dung\" data-vc-tabs data-vc-container=\".vc_tta\"><span class=\"vc_tta-title-text\">Recruitment<\/span><\/a><\/li><\/ul><\/div><div class=\"vc_tta-panels-container\"><div class=\"vc_tta-panels\"><div class=\"vc_tta-panel vc_active\" id=\"tin-tuyen-dung\" data-vc-content=\".vc_tta-panel-body\"><div class=\"vc_tta-panel-heading\"><h4 class=\"vc_tta-panel-title\"><a href=\"#tin-tuyen-dung\" data-vc-accordion data-vc-container=\".vc_tta-container\"><span class=\"vc_tta-title-text\">Recruitment<\/span><\/a><\/h4><\/div><div class=\"vc_tta-panel-body\"><div  class=\"jeg_postblock_37 jeg_postblock jeg_module_hook jeg_pagination_nextprev jeg_col_3o3 jnews_module__0_69e0c6152c497\" data-unique=\"jnews_module__0_69e0c6152c497\">\n\t\t\t\t\t\n\t\t\t\t\t<div class=\"jeg_block_container\">\n\t\t\t\t\t\n\t\t\t\t\t<div class=\"jeg_posts_wrap\">\n\t\t\t\t\t<div class=\"jeg_posts jeg_load_more_flag\"> \n\t\t\t\t\t\t<article class=\"jeg_post  format-standard\">\n\t\t\t\t\t<div class='box_wrap'>\n\t\t\t\t\t\t<div class=\"jeg_thumb\">\n\t\t\t\t\t\t\t\n\t\t\t\t\t\t\t<a href=\"https:\/\/sunspace.vn\/en\/cong-ty-cp-cua-sunspace-tuyen-dung-gap-nhan-vien-kinh-doanh-ban-le\/\"><div class=\"thumbnail-container animate-lazy  size-715\"><img data-recalc-dims=\"1\" decoding=\"async\" width=\"350\" height=\"250\" src=\"https:\/\/i0.wp.com\/sunspace.vn\/wp-content\/themes\/jnews\/assets\/img\/jeg-empty.png?resize=350%2C250&#038;ssl=1\" class=\"attachment-jnews-350x250 size-jnews-350x250 lazyload wp-post-image\" alt=\"[SUNSPACE] &#8211; Tuy\u1ec3n D\u1ee5ng G\u1ea5p Nh\u00e2n Vi\u00ean Kinh Doanh B\u00e1n L\u1ebb\" sizes=\"(max-width: 350px) 100vw, 350px\" data-src=\"https:\/\/i0.wp.com\/sunspace.vn\/wp-content\/uploads\/2024\/09\/tuyen-dung-nhan-vien-kinh-doanh-1.jpg?resize=350%2C250&amp;ssl=1\" data-srcset=\"https:\/\/i0.wp.com\/sunspace.vn\/wp-content\/uploads\/2024\/09\/tuyen-dung-nhan-vien-kinh-doanh-1.jpg?resize=120%2C86&amp;ssl=1 120w, https:\/\/i0.wp.com\/sunspace.vn\/wp-content\/uploads\/2024\/09\/tuyen-dung-nhan-vien-kinh-doanh-1.jpg?resize=350%2C250&amp;ssl=1 350w, https:\/\/i0.wp.com\/sunspace.vn\/wp-content\/uploads\/2024\/09\/tuyen-dung-nhan-vien-kinh-doanh-1.jpg?resize=750%2C536&amp;ssl=1 750w, https:\/\/i0.wp.com\/sunspace.vn\/wp-content\/uploads\/2024\/09\/tuyen-dung-nhan-vien-kinh-doanh-1.jpg?resize=1140%2C815&amp;ssl=1 1140w, https:\/\/i0.wp.com\/sunspace.vn\/wp-content\/uploads\/2024\/09\/tuyen-dung-nhan-vien-kinh-doanh-1.jpg?zoom=2&amp;resize=350%2C250&amp;ssl=1 700w, https:\/\/i0.wp.com\/sunspace.vn\/wp-content\/uploads\/2024\/09\/tuyen-dung-nhan-vien-kinh-doanh-1.jpg?zoom=3&amp;resize=350%2C250&amp;ssl=1 1050w\" data-sizes=\"auto\" data-expand=\"700\" \/><\/div><\/a>\n\t\t\t\t\t\t\t<div class=\"jeg_post_category\">\n\t\t\t\t\t\t\t\t<span><a href=\"https:\/\/sunspace.vn\/en\/category\/tin-tuyen-dung\/\" class=\"category-tin-tuyen-dung\">Recruitment<\/a><\/span>\n\t\t\t\t\t\t\t<\/div>\n\t\t\t\t\t\t<\/div>\n\t\t\t\t\t\t<div class=\"jeg_postblock_content\">\n\t\t\t\t\t\t\t<h3 class=\"jeg_post_title\">\n\t\t\t\t\t\t\t\t<a href=\"https:\/\/sunspace.vn\/en\/cong-ty-cp-cua-sunspace-tuyen-dung-gap-nhan-vien-kinh-doanh-ban-le\/\">[SUNSPACE] &#8211; Tuy\u1ec3n D\u1ee5ng G\u1ea5p Nh\u00e2n Vi\u00ean Kinh Doanh B\u00e1n L\u1ebb<\/a>\n\t\t\t\t\t\t\t<\/h3>\n\t\t\t\t\t\t\t<div class=\"jeg_post_meta\"><div class=\"jeg_meta_date\"><a href=\"https:\/\/sunspace.vn\/en\/cong-ty-cp-cua-sunspace-tuyen-dung-gap-nhan-vien-kinh-doanh-ban-le\/\" ><i class=\"fa fa-clock-o\"><\/i> 18\/09\/2024<\/a><\/div><div class=\"jeg_meta_views\"><a href=\"https:\/\/sunspace.vn\/en\/cong-ty-cp-cua-sunspace-tuyen-dung-gap-nhan-vien-kinh-doanh-ban-le\/\" ><i class=\"fa fa-eye\"><\/i> 341 <\/a><\/div><\/div>\n\t\t\t\t\t\t<\/div>\n\t\t\t\t\t<\/div>\n\t\t\t\t<\/article><article class=\"jeg_post  format-standard\">\n\t\t\t\t\t<div class='box_wrap'>\n\t\t\t\t\t\t<div class=\"jeg_thumb\">\n\t\t\t\t\t\t\t\n\t\t\t\t\t\t\t<a href=\"https:\/\/sunspace.vn\/en\/tuyen-dung-ky-su-thiet-ke-shop-drawing\/\"><div class=\"thumbnail-container animate-lazy  size-715\"><img data-recalc-dims=\"1\" decoding=\"async\" width=\"350\" height=\"250\" src=\"https:\/\/i0.wp.com\/sunspace.vn\/wp-content\/themes\/jnews\/assets\/img\/jeg-empty.png?resize=350%2C250&#038;ssl=1\" class=\"attachment-jnews-350x250 size-jnews-350x250 lazyload wp-post-image\" alt=\"TUY\u1ec2N D\u1ee4NG K\u1ef8 S\u01af THI\u1ebeT K\u1ebe SHOP DRAWING\" sizes=\"(max-width: 350px) 100vw, 350px\" data-src=\"https:\/\/i0.wp.com\/sunspace.vn\/wp-content\/uploads\/2023\/08\/z4567987668579_10f1d66eb66965b1417a5d8afb814a57.jpg?resize=350%2C250&amp;ssl=1\" data-srcset=\"https:\/\/i0.wp.com\/sunspace.vn\/wp-content\/uploads\/2023\/08\/z4567987668579_10f1d66eb66965b1417a5d8afb814a57.jpg?resize=120%2C86&amp;ssl=1 120w, https:\/\/i0.wp.com\/sunspace.vn\/wp-content\/uploads\/2023\/08\/z4567987668579_10f1d66eb66965b1417a5d8afb814a57.jpg?resize=350%2C250&amp;ssl=1 350w, https:\/\/i0.wp.com\/sunspace.vn\/wp-content\/uploads\/2023\/08\/z4567987668579_10f1d66eb66965b1417a5d8afb814a57.jpg?resize=750%2C536&amp;ssl=1 750w, https:\/\/i0.wp.com\/sunspace.vn\/wp-content\/uploads\/2023\/08\/z4567987668579_10f1d66eb66965b1417a5d8afb814a57.jpg?zoom=2&amp;resize=350%2C250&amp;ssl=1 700w, https:\/\/i0.wp.com\/sunspace.vn\/wp-content\/uploads\/2023\/08\/z4567987668579_10f1d66eb66965b1417a5d8afb814a57.jpg?zoom=3&amp;resize=350%2C250&amp;ssl=1 1050w\" data-sizes=\"auto\" data-expand=\"700\" \/><\/div><\/a>\n\t\t\t\t\t\t\t<div class=\"jeg_post_category\">\n\t\t\t\t\t\t\t\t<span><a href=\"https:\/\/sunspace.vn\/en\/category\/tin-tuyen-dung\/\" class=\"category-tin-tuyen-dung\">Recruitment<\/a><\/span>\n\t\t\t\t\t\t\t<\/div>\n\t\t\t\t\t\t<\/div>\n\t\t\t\t\t\t<div class=\"jeg_postblock_content\">\n\t\t\t\t\t\t\t<h3 class=\"jeg_post_title\">\n\t\t\t\t\t\t\t\t<a href=\"https:\/\/sunspace.vn\/en\/tuyen-dung-ky-su-thiet-ke-shop-drawing\/\">TUY\u1ec2N D\u1ee4NG K\u1ef8 S\u01af THI\u1ebeT K\u1ebe SHOP DRAWING<\/a>\n\t\t\t\t\t\t\t<\/h3>\n\t\t\t\t\t\t\t<div class=\"jeg_post_meta\"><div class=\"jeg_meta_date\"><a href=\"https:\/\/sunspace.vn\/en\/tuyen-dung-ky-su-thiet-ke-shop-drawing\/\" ><i class=\"fa fa-clock-o\"><\/i> 08\/08\/2023<\/a><\/div><div class=\"jeg_meta_views\"><a href=\"https:\/\/sunspace.vn\/en\/tuyen-dung-ky-su-thiet-ke-shop-drawing\/\" ><i class=\"fa fa-eye\"><\/i> 655 <\/a><\/div><\/div>\n\t\t\t\t\t\t<\/div>\n\t\t\t\t\t<\/div>\n\t\t\t\t<\/article><article class=\"jeg_post  format-standard\">\n\t\t\t\t\t<div class='box_wrap'>\n\t\t\t\t\t\t<div class=\"jeg_thumb\">\n\t\t\t\t\t\t\t\n\t\t\t\t\t\t\t<a href=\"https:\/\/sunspace.vn\/en\/tuyen-dung-nhan-vien-co-dien\/\"><div class=\"thumbnail-container animate-lazy  size-715\"><img data-recalc-dims=\"1\" decoding=\"async\" width=\"350\" height=\"250\" src=\"https:\/\/i0.wp.com\/sunspace.vn\/wp-content\/themes\/jnews\/assets\/img\/jeg-empty.png?resize=350%2C250&#038;ssl=1\" class=\"attachment-jnews-350x250 size-jnews-350x250 lazyload wp-post-image\" alt=\"TUY\u1ec2N D\u1ee4NG NH\u00c2N VI\u00caN C\u01a0 \u0110I\u1ec6N\" sizes=\"(max-width: 350px) 100vw, 350px\" data-src=\"https:\/\/i0.wp.com\/sunspace.vn\/wp-content\/uploads\/2023\/07\/z4518004903349_b624b593a4d72779fdffce153bbc63ee.jpg?resize=350%2C250&amp;ssl=1\" data-srcset=\"https:\/\/i0.wp.com\/sunspace.vn\/wp-content\/uploads\/2023\/07\/z4518004903349_b624b593a4d72779fdffce153bbc63ee.jpg?resize=120%2C86&amp;ssl=1 120w, https:\/\/i0.wp.com\/sunspace.vn\/wp-content\/uploads\/2023\/07\/z4518004903349_b624b593a4d72779fdffce153bbc63ee.jpg?resize=350%2C250&amp;ssl=1 350w, https:\/\/i0.wp.com\/sunspace.vn\/wp-content\/uploads\/2023\/07\/z4518004903349_b624b593a4d72779fdffce153bbc63ee.jpg?resize=750%2C536&amp;ssl=1 750w, https:\/\/i0.wp.com\/sunspace.vn\/wp-content\/uploads\/2023\/07\/z4518004903349_b624b593a4d72779fdffce153bbc63ee.jpg?zoom=2&amp;resize=350%2C250&amp;ssl=1 700w, https:\/\/i0.wp.com\/sunspace.vn\/wp-content\/uploads\/2023\/07\/z4518004903349_b624b593a4d72779fdffce153bbc63ee.jpg?zoom=3&amp;resize=350%2C250&amp;ssl=1 1050w\" data-sizes=\"auto\" data-expand=\"700\" \/><\/div><\/a>\n\t\t\t\t\t\t\t<div class=\"jeg_post_category\">\n\t\t\t\t\t\t\t\t<span><a href=\"https:\/\/sunspace.vn\/en\/category\/tin-tuyen-dung\/\" class=\"category-tin-tuyen-dung\">Recruitment<\/a><\/span>\n\t\t\t\t\t\t\t<\/div>\n\t\t\t\t\t\t<\/div>\n\t\t\t\t\t\t<div class=\"jeg_postblock_content\">\n\t\t\t\t\t\t\t<h3 class=\"jeg_post_title\">\n\t\t\t\t\t\t\t\t<a href=\"https:\/\/sunspace.vn\/en\/tuyen-dung-nhan-vien-co-dien\/\">TUY\u1ec2N D\u1ee4NG NH\u00c2N VI\u00caN C\u01a0 \u0110I\u1ec6N<\/a>\n\t\t\t\t\t\t\t<\/h3>\n\t\t\t\t\t\t\t<div class=\"jeg_post_meta\"><div class=\"jeg_meta_date\"><a href=\"https:\/\/sunspace.vn\/en\/tuyen-dung-nhan-vien-co-dien\/\" ><i class=\"fa fa-clock-o\"><\/i> 17\/07\/2023<\/a><\/div><div class=\"jeg_meta_views\"><a href=\"https:\/\/sunspace.vn\/en\/tuyen-dung-nhan-vien-co-dien\/\" ><i class=\"fa fa-eye\"><\/i> 224 <\/a><\/div><\/div>\n\t\t\t\t\t\t<\/div>\n\t\t\t\t\t<\/div>\n\t\t\t\t<\/article><article class=\"jeg_post  format-standard\">\n\t\t\t\t\t<div class='box_wrap'>\n\t\t\t\t\t\t<div class=\"jeg_thumb\">\n\t\t\t\t\t\t\t\n\t\t\t\t\t\t\t<a href=\"https:\/\/sunspace.vn\/en\/tuyen-dung-nhan-vien-ky-thuat\/\"><div class=\"thumbnail-container animate-lazy  size-715\"><img data-recalc-dims=\"1\" decoding=\"async\" width=\"350\" height=\"250\" src=\"https:\/\/i0.wp.com\/sunspace.vn\/wp-content\/themes\/jnews\/assets\/img\/jeg-empty.png?resize=350%2C250&#038;ssl=1\" class=\"attachment-jnews-350x250 size-jnews-350x250 lazyload wp-post-image\" alt=\"TUY\u1ec2N D\u1ee4NG NH\u00c2N VI\u00caN K\u1ef8 THU\u1eacT\" sizes=\"(max-width: 350px) 100vw, 350px\" data-src=\"https:\/\/i0.wp.com\/sunspace.vn\/wp-content\/uploads\/2023\/07\/z4492976262703_9cbd188a581ec4e9c62028957e47f8d9.jpg?resize=350%2C250&amp;ssl=1\" data-srcset=\"https:\/\/i0.wp.com\/sunspace.vn\/wp-content\/uploads\/2023\/07\/z4492976262703_9cbd188a581ec4e9c62028957e47f8d9.jpg?resize=120%2C86&amp;ssl=1 120w, https:\/\/i0.wp.com\/sunspace.vn\/wp-content\/uploads\/2023\/07\/z4492976262703_9cbd188a581ec4e9c62028957e47f8d9.jpg?resize=350%2C250&amp;ssl=1 350w, https:\/\/i0.wp.com\/sunspace.vn\/wp-content\/uploads\/2023\/07\/z4492976262703_9cbd188a581ec4e9c62028957e47f8d9.jpg?resize=750%2C536&amp;ssl=1 750w, https:\/\/i0.wp.com\/sunspace.vn\/wp-content\/uploads\/2023\/07\/z4492976262703_9cbd188a581ec4e9c62028957e47f8d9.jpg?zoom=2&amp;resize=350%2C250&amp;ssl=1 700w, https:\/\/i0.wp.com\/sunspace.vn\/wp-content\/uploads\/2023\/07\/z4492976262703_9cbd188a581ec4e9c62028957e47f8d9.jpg?zoom=3&amp;resize=350%2C250&amp;ssl=1 1050w\" data-sizes=\"auto\" data-expand=\"700\" \/><\/div><\/a>\n\t\t\t\t\t\t\t<div class=\"jeg_post_category\">\n\t\t\t\t\t\t\t\t<span><a href=\"https:\/\/sunspace.vn\/en\/category\/tin-tuyen-dung\/\" class=\"category-tin-tuyen-dung\">Recruitment<\/a><\/span>\n\t\t\t\t\t\t\t<\/div>\n\t\t\t\t\t\t<\/div>\n\t\t\t\t\t\t<div class=\"jeg_postblock_content\">\n\t\t\t\t\t\t\t<h3 class=\"jeg_post_title\">\n\t\t\t\t\t\t\t\t<a href=\"https:\/\/sunspace.vn\/en\/tuyen-dung-nhan-vien-ky-thuat\/\">TUY\u1ec2N D\u1ee4NG NH\u00c2N VI\u00caN K\u1ef8 THU\u1eacT<\/a>\n\t\t\t\t\t\t\t<\/h3>\n\t\t\t\t\t\t\t<div class=\"jeg_post_meta\"><div class=\"jeg_meta_date\"><a href=\"https:\/\/sunspace.vn\/en\/tuyen-dung-nhan-vien-ky-thuat\/\" ><i class=\"fa fa-clock-o\"><\/i> 09\/07\/2023<\/a><\/div><div class=\"jeg_meta_views\"><a href=\"https:\/\/sunspace.vn\/en\/tuyen-dung-nhan-vien-ky-thuat\/\" ><i class=\"fa fa-eye\"><\/i> 618 <\/a><\/div><\/div>\n\t\t\t\t\t\t<\/div>\n\t\t\t\t\t<\/div>\n\t\t\t\t<\/article><article class=\"jeg_post  format-standard\">\n\t\t\t\t\t<div class='box_wrap'>\n\t\t\t\t\t\t<div class=\"jeg_thumb\">\n\t\t\t\t\t\t\t\n\t\t\t\t\t\t\t<a href=\"https:\/\/sunspace.vn\/en\/tuyen-dung-nhan-vien-ho-so-qs\/\"><div class=\"thumbnail-container animate-lazy  size-715\"><img data-recalc-dims=\"1\" decoding=\"async\" width=\"350\" height=\"250\" src=\"https:\/\/i0.wp.com\/sunspace.vn\/wp-content\/themes\/jnews\/assets\/img\/jeg-empty.png?resize=350%2C250&#038;ssl=1\" class=\"attachment-jnews-350x250 size-jnews-350x250 lazyload wp-post-image\" alt=\"TUY\u1ec2N D\u1ee4NG NH\u00c2N VI\u00caN H\u1ed2 S\u01a0 (QS)\" sizes=\"(max-width: 350px) 100vw, 350px\" data-src=\"https:\/\/i0.wp.com\/sunspace.vn\/wp-content\/uploads\/2023\/07\/z4492976744228_a13365f3323436c75ceae736080a6233.jpg?resize=350%2C250&amp;ssl=1\" data-srcset=\"https:\/\/i0.wp.com\/sunspace.vn\/wp-content\/uploads\/2023\/07\/z4492976744228_a13365f3323436c75ceae736080a6233.jpg?resize=120%2C86&amp;ssl=1 120w, https:\/\/i0.wp.com\/sunspace.vn\/wp-content\/uploads\/2023\/07\/z4492976744228_a13365f3323436c75ceae736080a6233.jpg?resize=350%2C250&amp;ssl=1 350w, https:\/\/i0.wp.com\/sunspace.vn\/wp-content\/uploads\/2023\/07\/z4492976744228_a13365f3323436c75ceae736080a6233.jpg?resize=750%2C536&amp;ssl=1 750w, https:\/\/i0.wp.com\/sunspace.vn\/wp-content\/uploads\/2023\/07\/z4492976744228_a13365f3323436c75ceae736080a6233.jpg?zoom=2&amp;resize=350%2C250&amp;ssl=1 700w, https:\/\/i0.wp.com\/sunspace.vn\/wp-content\/uploads\/2023\/07\/z4492976744228_a13365f3323436c75ceae736080a6233.jpg?zoom=3&amp;resize=350%2C250&amp;ssl=1 1050w\" data-sizes=\"auto\" data-expand=\"700\" \/><\/div><\/a>\n\t\t\t\t\t\t\t<div class=\"jeg_post_category\">\n\t\t\t\t\t\t\t\t<span><a href=\"https:\/\/sunspace.vn\/en\/category\/tin-tuyen-dung\/\" class=\"category-tin-tuyen-dung\">Recruitment<\/a><\/span>\n\t\t\t\t\t\t\t<\/div>\n\t\t\t\t\t\t<\/div>\n\t\t\t\t\t\t<div class=\"jeg_postblock_content\">\n\t\t\t\t\t\t\t<h3 class=\"jeg_post_title\">\n\t\t\t\t\t\t\t\t<a href=\"https:\/\/sunspace.vn\/en\/tuyen-dung-nhan-vien-ho-so-qs\/\">TUY\u1ec2N D\u1ee4NG NH\u00c2N VI\u00caN H\u1ed2 S\u01a0 (QS)<\/a>\n\t\t\t\t\t\t\t<\/h3>\n\t\t\t\t\t\t\t<div class=\"jeg_post_meta\"><div class=\"jeg_meta_date\"><a href=\"https:\/\/sunspace.vn\/en\/tuyen-dung-nhan-vien-ho-so-qs\/\" ><i class=\"fa fa-clock-o\"><\/i> 09\/07\/2023<\/a><\/div><div class=\"jeg_meta_views\"><a href=\"https:\/\/sunspace.vn\/en\/tuyen-dung-nhan-vien-ho-so-qs\/\" ><i class=\"fa fa-eye\"><\/i> 592 <\/a><\/div><\/div>\n\t\t\t\t\t\t<\/div>\n\t\t\t\t\t<\/div>\n\t\t\t\t<\/article><article class=\"jeg_post  format-standard\">\n\t\t\t\t\t<div class='box_wrap'>\n\t\t\t\t\t\t<div class=\"jeg_thumb\">\n\t\t\t\t\t\t\t\n\t\t\t\t\t\t\t<a href=\"https:\/\/sunspace.vn\/en\/tuyen-dung-tp-hanh-chinh-nhan-su\/\"><div class=\"thumbnail-container animate-lazy  size-715\"><img data-recalc-dims=\"1\" decoding=\"async\" width=\"350\" height=\"250\" src=\"https:\/\/i0.wp.com\/sunspace.vn\/wp-content\/themes\/jnews\/assets\/img\/jeg-empty.png?resize=350%2C250&#038;ssl=1\" class=\"attachment-jnews-350x250 size-jnews-350x250 lazyload wp-post-image\" alt=\"TUY\u1ec2N D\u1ee4NG TP.H\u00c0NH CH\u00cdNH NH\u00c2N S\u1ef0\" sizes=\"(max-width: 350px) 100vw, 350px\" data-src=\"https:\/\/i0.wp.com\/sunspace.vn\/wp-content\/uploads\/2023\/07\/z4492976521841_acedefffe8dce0358a6e087a8be50884.jpg?resize=350%2C250&amp;ssl=1\" data-srcset=\"https:\/\/i0.wp.com\/sunspace.vn\/wp-content\/uploads\/2023\/07\/z4492976521841_acedefffe8dce0358a6e087a8be50884.jpg?resize=120%2C86&amp;ssl=1 120w, https:\/\/i0.wp.com\/sunspace.vn\/wp-content\/uploads\/2023\/07\/z4492976521841_acedefffe8dce0358a6e087a8be50884.jpg?resize=350%2C250&amp;ssl=1 350w, https:\/\/i0.wp.com\/sunspace.vn\/wp-content\/uploads\/2023\/07\/z4492976521841_acedefffe8dce0358a6e087a8be50884.jpg?resize=750%2C536&amp;ssl=1 750w, https:\/\/i0.wp.com\/sunspace.vn\/wp-content\/uploads\/2023\/07\/z4492976521841_acedefffe8dce0358a6e087a8be50884.jpg?zoom=2&amp;resize=350%2C250&amp;ssl=1 700w, https:\/\/i0.wp.com\/sunspace.vn\/wp-content\/uploads\/2023\/07\/z4492976521841_acedefffe8dce0358a6e087a8be50884.jpg?zoom=3&amp;resize=350%2C250&amp;ssl=1 1050w\" data-sizes=\"auto\" data-expand=\"700\" \/><\/div><\/a>\n\t\t\t\t\t\t\t<div class=\"jeg_post_category\">\n\t\t\t\t\t\t\t\t<span><a href=\"https:\/\/sunspace.vn\/en\/category\/tin-tuyen-dung\/\" class=\"category-tin-tuyen-dung\">Recruitment<\/a><\/span>\n\t\t\t\t\t\t\t<\/div>\n\t\t\t\t\t\t<\/div>\n\t\t\t\t\t\t<div class=\"jeg_postblock_content\">\n\t\t\t\t\t\t\t<h3 class=\"jeg_post_title\">\n\t\t\t\t\t\t\t\t<a href=\"https:\/\/sunspace.vn\/en\/tuyen-dung-tp-hanh-chinh-nhan-su\/\">TUY\u1ec2N D\u1ee4NG TP.H\u00c0NH CH\u00cdNH NH\u00c2N S\u1ef0<\/a>\n\t\t\t\t\t\t\t<\/h3>\n\t\t\t\t\t\t\t<div class=\"jeg_post_meta\"><div class=\"jeg_meta_date\"><a href=\"https:\/\/sunspace.vn\/en\/tuyen-dung-tp-hanh-chinh-nhan-su\/\" ><i class=\"fa fa-clock-o\"><\/i> 09\/07\/2023<\/a><\/div><div class=\"jeg_meta_views\"><a href=\"https:\/\/sunspace.vn\/en\/tuyen-dung-tp-hanh-chinh-nhan-su\/\" ><i class=\"fa fa-eye\"><\/i> 350 <\/a><\/div><\/div>\n\t\t\t\t\t\t<\/div>\n\t\t\t\t\t<\/div>\n\t\t\t\t<\/article>\n\t\t\t\t\t<\/div>\n\t\t\t\t<\/div>\n\t\t\t\t\t<div class='module-overlay'>\n\t\t\t\t    <div class='preloader_type preloader_dot'>\n\t\t\t\t        <div class=\"module-preloader jeg_preloader dot\">\n\t\t\t\t            <span><\/span><span><\/span><span><\/span>\n\t\t\t\t        <\/div>\n\t\t\t\t        <div class=\"module-preloader jeg_preloader circle\">\n\t\t\t\t            <div class=\"jnews_preloader_circle_outer\">\n\t\t\t\t                <div class=\"jnews_preloader_circle_inner\"><\/div>\n\t\t\t\t            <\/div>\n\t\t\t\t        <\/div>\n\t\t\t\t        <div class=\"module-preloader jeg_preloader square\">\n\t\t\t\t            <div class=\"jeg_square\">\n\t\t\t\t                <div class=\"jeg_square_inner\"><\/div>\n\t\t\t\t            <\/div>\n\t\t\t\t        <\/div>\n\t\t\t\t    <\/div>\n\t\t\t\t<\/div>\n\t\t\t\t<\/div>\n\t\t\t\t<div class=\"jeg_block_navigation\">\n\t\t\t\t\t<div class='navigation_overlay'><div class='module-preloader jeg_preloader'><span><\/span><span><\/span><span><\/span><\/div><\/div>\n\t\t\t\t\t<div class=\"jeg_block_nav  showtext\">\n                    <a href=\"#\" class=\"prev disabled\" title=\"Previous\"><i class=\"fa fa-angle-left\"><\/i> Prev<\/a>\n                    <a href=\"#\" class=\"next\" title=\"next\">next  <i class=\"fa fa-angle-right\"><\/i><\/a>\n                <\/div>\n\t\t\t\t\t\n\t\t\t\t<\/div>\n\t\t\t\t\t\n\t\t\t\t\t<script>var jnews_module__0_69e0c6152c497 = {\"header_icon\":\"\",\"first_title\":\"\",\"second_title\":\"\",\"url\":\"\",\"header_type\":\"heading_6\",\"header_background\":\"\",\"header_secondary_background\":\"\",\"header_text_color\":\"\",\"header_line_color\":\"\",\"header_accent_color\":\"\",\"header_filter_category\":\"\",\"header_filter_author\":\"\",\"header_filter_tag\":\"\",\"header_filter_text\":\"All\",\"post_type\":\"post\",\"content_type\":\"all\",\"number_post\":\"6\",\"post_offset\":\"0\",\"unique_content\":\"disable\",\"include_post\":\"\",\"exclude_post\":\"\",\"include_category\":\"847\",\"exclude_category\":\"784,782,846,844,783,845,1\",\"include_author\":\"\",\"include_tag\":\"\",\"exclude_tag\":\"\",\"product_brand\":\"\",\"product_cat\":\"\",\"product_tag\":\"\",\"sort_by\":\"latest\",\"date_format\":\"default\",\"date_format_custom\":\"Y\\\/m\\\/d\",\"force_normal_image_load\":\"\",\"pagination_mode\":\"nextprev\",\"pagination_nextprev_showtext\":\"no\",\"pagination_number_post\":\"6\",\"pagination_scroll_limit\":0,\"el_id\":\"\",\"el_class\":\"\",\"scheme\":\"\",\"column_width\":\"auto\",\"title_color\":\"\",\"accent_color\":\"\",\"alt_color\":\"\",\"block_background\":\"\",\"box_shadow\":false,\"css\":\"\",\"compatible_column_notice\":\"\",\"paged\":1,\"column_class\":\"jeg_col_3o3\",\"class\":\"jnews_block_37\"};<\/script>\n\t\t\t\t<\/div><\/div><\/div><\/div><\/div><\/div><\/div><\/div><\/div><\/div><\/div>","protected":false},"excerpt":{"rendered":"Tin tuy\u1ec3n d\u1ee5ngTin tuy\u1ec3n d\u1ee5ng Tin tuy\u1ec3n d\u1ee5ng [SUNSPACE] &#8211; Tuy\u1ec3n D\u1ee5ng G\u1ea5p Nh\u00e2n Vi\u00ean Kinh Doanh B\u00e1n L\u1ebb 18\/09\/2024 341 Tin tuy\u1ec3n d\u1ee5ng TUY\u1ec2N D\u1ee4NG K\u1ef8 S\u01af THI\u1ebeT K\u1ebe SHOP DRAWING 08\/08\/2023 655 Tin tuy\u1ec3n d\u1ee5ng TUY\u1ec2N D\u1ee4NG NH\u00c2N VI\u00caN C\u01a0 \u0110I\u1ec6N 17\/07\/2023 224 Tin tuy\u1ec3n d\u1ee5ng TUY\u1ec2N D\u1ee4NG NH\u00c2N VI\u00caN K\u1ef8 THU\u1eacT 09\/07\/2023 [...]","protected":false},"author":1,"featured_media":0,"parent":2094,"menu_order":3,"comment_status":"closed","ping_status":"closed","template":"","meta":{"footnotes":""},"class_list":["post-4354","page","type-page","status-publish","hentry"],"jetpack_sharing_enabled":true,"_links":{"self":[{"href":"https:\/\/sunspace.vn\/en\/wp-json\/wp\/v2\/pages\/4354","targetHints":{"allow":["GET"]}}],"collection":[{"href":"https:\/\/sunspace.vn\/en\/wp-json\/wp\/v2\/pages"}],"about":[{"href":"https:\/\/sunspace.vn\/en\/wp-json\/wp\/v2\/types\/page"}],"author":[{"embeddable":true,"href":"https:\/\/sunspace.vn\/en\/wp-json\/wp\/v2\/users\/1"}],"replies":[{"embeddable":true,"href":"https:\/\/sunspace.vn\/en\/wp-json\/wp\/v2\/comments?post=4354"}],"version-history":[{"count":0,"href":"https:\/\/sunspace.vn\/en\/wp-json\/wp\/v2\/pages\/4354\/revisions"}],"up":[{"embeddable":true,"href":"https:\/\/sunspace.vn\/en\/wp-json\/wp\/v2\/pages\/2094"}],"wp:attachment":[{"href":"https:\/\/sunspace.vn\/en\/wp-json\/wp\/v2\/media?parent=4354"}],"curies":[{"name":"wp","href":"https:\/\/api.w.org\/{rel}","templated":true}]}}