{"id":4347,"date":"2021-06-10T01:29:20","date_gmt":"2021-06-09T18:29:20","guid":{"rendered":"http:\/\/sunspace.vn\/?page_id=4347"},"modified":"2021-06-18T22:46:06","modified_gmt":"2021-06-18T15:46:06","slug":"tu-van-khach-hang","status":"publish","type":"page","link":"https:\/\/sunspace.vn\/en\/thong-tin\/tu-van-khach-hang\/","title":{"rendered":"CUSTOMER CONSULTING"},"content":{"rendered":"<div class=\"row vc_row wpb_row vc_row-fluid\"><div class=\"jeg-vc-wrapper\"><div class=\"wpb_column jeg_column vc_column_container vc_col-sm-12 jeg_main_content\"><div class=\"jeg_wrapper wpb_wrapper\"><div class=\"vc_tta-container\" data-vc-action=\"collapse\"><div class=\"vc_general vc_tta vc_tta-tabs vc_tta-color-grey vc_tta-style-classic vc_tta-shape-rounded vc_tta-spacing-1 vc_tta-tabs-position-top vc_tta-controls-align-left\"><div class=\"vc_tta-tabs-container\"><ul class=\"vc_tta-tabs-list\"><li class=\"vc_tta-tab vc_active\" data-vc-tab><a href=\"#tu-van-khach-hang\" data-vc-tabs data-vc-container=\".vc_tta\"><span class=\"vc_tta-title-text\">CUSTOMER CONSULTING<\/span><\/a><\/li><\/ul><\/div><div class=\"vc_tta-panels-container\"><div class=\"vc_tta-panels\"><div class=\"vc_tta-panel vc_active\" id=\"tu-van-khach-hang\" data-vc-content=\".vc_tta-panel-body\"><div class=\"vc_tta-panel-heading\"><h4 class=\"vc_tta-panel-title\"><a href=\"#tu-van-khach-hang\" data-vc-accordion data-vc-container=\".vc_tta-container\"><span class=\"vc_tta-title-text\">CUSTOMER CONSULTING<\/span><\/a><\/h4><\/div><div class=\"vc_tta-panel-body\"><div  class=\"jeg_postblock_37 jeg_postblock jeg_module_hook jeg_pagination_nextprev jeg_col_3o3 jnews_module__0_69e0da5af3be0\" data-unique=\"jnews_module__0_69e0da5af3be0\">\n\t\t\t\t\t\n\t\t\t\t\t<div class=\"jeg_block_container\">\n\t\t\t\t\t\n\t\t\t\t\t<div class=\"jeg_posts_wrap\">\n\t\t\t\t\t<div class=\"jeg_posts jeg_load_more_flag\"> \n\t\t\t\t\t\t<article class=\"jeg_post  format-standard\">\n\t\t\t\t\t<div class='box_wrap'>\n\t\t\t\t\t\t<div class=\"jeg_thumb\">\n\t\t\t\t\t\t\t\n\t\t\t\t\t\t\t<a href=\"https:\/\/sunspace.vn\/en\/tim-hieu-nhom-xingfa-viet-nam-co-may-loai\/\"><div class=\"thumbnail-container animate-lazy  size-715\"><img data-recalc-dims=\"1\" decoding=\"async\" width=\"350\" height=\"250\" src=\"https:\/\/i0.wp.com\/sunspace.vn\/wp-content\/themes\/jnews\/assets\/img\/jeg-empty.png?resize=350%2C250&#038;ssl=1\" class=\"attachment-jnews-350x250 size-jnews-350x250 lazyload wp-post-image\" alt=\"Find out how many types of aluminum Xingfa Vietnam has\" sizes=\"(max-width: 350px) 100vw, 350px\" data-src=\"https:\/\/i0.wp.com\/sunspace.vn\/wp-content\/uploads\/2021\/10\/tim-hieu-nhom-xingfa-viet-nam-co-may-loai-3.png?resize=350%2C250&amp;ssl=1\" data-srcset=\"https:\/\/i0.wp.com\/sunspace.vn\/wp-content\/uploads\/2021\/10\/tim-hieu-nhom-xingfa-viet-nam-co-may-loai-3.png?resize=120%2C86&amp;ssl=1 120w, https:\/\/i0.wp.com\/sunspace.vn\/wp-content\/uploads\/2021\/10\/tim-hieu-nhom-xingfa-viet-nam-co-may-loai-3.png?resize=350%2C250&amp;ssl=1 350w, https:\/\/i0.wp.com\/sunspace.vn\/wp-content\/uploads\/2021\/10\/tim-hieu-nhom-xingfa-viet-nam-co-may-loai-3.png?resize=750%2C536&amp;ssl=1 750w, https:\/\/i0.wp.com\/sunspace.vn\/wp-content\/uploads\/2021\/10\/tim-hieu-nhom-xingfa-viet-nam-co-may-loai-3.png?zoom=2&amp;resize=350%2C250&amp;ssl=1 700w, https:\/\/i0.wp.com\/sunspace.vn\/wp-content\/uploads\/2021\/10\/tim-hieu-nhom-xingfa-viet-nam-co-may-loai-3.png?zoom=3&amp;resize=350%2C250&amp;ssl=1 1050w\" data-sizes=\"auto\" data-expand=\"700\" \/><\/div><\/a>\n\t\t\t\t\t\t\t<div class=\"jeg_post_category\">\n\t\t\t\t\t\t\t\t<span><a href=\"https:\/\/sunspace.vn\/en\/category\/tu-van-khach-hang\/\" class=\"category-tu-van-khach-hang\">CUSTOMER CONSULTING<\/a><\/span>\n\t\t\t\t\t\t\t<\/div>\n\t\t\t\t\t\t<\/div>\n\t\t\t\t\t\t<div class=\"jeg_postblock_content\">\n\t\t\t\t\t\t\t<h3 class=\"jeg_post_title\">\n\t\t\t\t\t\t\t\t<a href=\"https:\/\/sunspace.vn\/en\/tim-hieu-nhom-xingfa-viet-nam-co-may-loai\/\">Find out how many types of aluminum Xingfa Vietnam has<\/a>\n\t\t\t\t\t\t\t<\/h3>\n\t\t\t\t\t\t\t<div class=\"jeg_post_meta\"><div class=\"jeg_meta_date\"><a href=\"https:\/\/sunspace.vn\/en\/tim-hieu-nhom-xingfa-viet-nam-co-may-loai\/\" ><i class=\"fa fa-clock-o\"><\/i> 30\/04\/2022<\/a><\/div><div class=\"jeg_meta_views\"><a href=\"https:\/\/sunspace.vn\/en\/tim-hieu-nhom-xingfa-viet-nam-co-may-loai\/\" ><i class=\"fa fa-eye\"><\/i> 479 <\/a><\/div><\/div>\n\t\t\t\t\t\t<\/div>\n\t\t\t\t\t<\/div>\n\t\t\t\t<\/article><article class=\"jeg_post  format-standard\">\n\t\t\t\t\t<div class='box_wrap'>\n\t\t\t\t\t\t<div class=\"jeg_thumb\">\n\t\t\t\t\t\t\t\n\t\t\t\t\t\t\t<a href=\"https:\/\/sunspace.vn\/en\/tong-hop-cac-mau-cua-nhom-xingfa-phong-ngu\/\"><div class=\"thumbnail-container animate-lazy  size-715\"><img data-recalc-dims=\"1\" decoding=\"async\" width=\"350\" height=\"250\" src=\"https:\/\/i0.wp.com\/sunspace.vn\/wp-content\/themes\/jnews\/assets\/img\/jeg-empty.png?resize=350%2C250&#038;ssl=1\" class=\"attachment-jnews-350x250 size-jnews-350x250 lazyload wp-post-image\" alt=\"T\u1ed5ng h\u1ee3p c\u00e1c m\u1eabu c\u1eeda nh\u00f4m xingfa ph\u00f2ng ng\u1ee7 \u0111\u1eb9p nh\u1ea5t 2022\" sizes=\"(max-width: 350px) 100vw, 350px\" data-src=\"https:\/\/i0.wp.com\/sunspace.vn\/wp-content\/uploads\/2021\/10\/tong-hop-cac-mau-cua-nhom-xingfa-phong-ngu-5.png?resize=350%2C250&amp;ssl=1\" data-srcset=\"https:\/\/i0.wp.com\/sunspace.vn\/wp-content\/uploads\/2021\/10\/tong-hop-cac-mau-cua-nhom-xingfa-phong-ngu-5.png?resize=120%2C86&amp;ssl=1 120w, https:\/\/i0.wp.com\/sunspace.vn\/wp-content\/uploads\/2021\/10\/tong-hop-cac-mau-cua-nhom-xingfa-phong-ngu-5.png?resize=350%2C250&amp;ssl=1 350w, https:\/\/i0.wp.com\/sunspace.vn\/wp-content\/uploads\/2021\/10\/tong-hop-cac-mau-cua-nhom-xingfa-phong-ngu-5.png?resize=750%2C536&amp;ssl=1 750w, https:\/\/i0.wp.com\/sunspace.vn\/wp-content\/uploads\/2021\/10\/tong-hop-cac-mau-cua-nhom-xingfa-phong-ngu-5.png?zoom=2&amp;resize=350%2C250&amp;ssl=1 700w, https:\/\/i0.wp.com\/sunspace.vn\/wp-content\/uploads\/2021\/10\/tong-hop-cac-mau-cua-nhom-xingfa-phong-ngu-5.png?zoom=3&amp;resize=350%2C250&amp;ssl=1 1050w\" data-sizes=\"auto\" data-expand=\"700\" \/><\/div><\/a>\n\t\t\t\t\t\t\t<div class=\"jeg_post_category\">\n\t\t\t\t\t\t\t\t<span><a href=\"https:\/\/sunspace.vn\/en\/category\/tu-van-khach-hang\/\" class=\"category-tu-van-khach-hang\">CUSTOMER CONSULTING<\/a><\/span>\n\t\t\t\t\t\t\t<\/div>\n\t\t\t\t\t\t<\/div>\n\t\t\t\t\t\t<div class=\"jeg_postblock_content\">\n\t\t\t\t\t\t\t<h3 class=\"jeg_post_title\">\n\t\t\t\t\t\t\t\t<a href=\"https:\/\/sunspace.vn\/en\/tong-hop-cac-mau-cua-nhom-xingfa-phong-ngu\/\">T\u1ed5ng h\u1ee3p c\u00e1c m\u1eabu c\u1eeda nh\u00f4m xingfa ph\u00f2ng ng\u1ee7 \u0111\u1eb9p nh\u1ea5t 2022<\/a>\n\t\t\t\t\t\t\t<\/h3>\n\t\t\t\t\t\t\t<div class=\"jeg_post_meta\"><div class=\"jeg_meta_date\"><a href=\"https:\/\/sunspace.vn\/en\/tong-hop-cac-mau-cua-nhom-xingfa-phong-ngu\/\" ><i class=\"fa fa-clock-o\"><\/i> 28\/04\/2022<\/a><\/div><div class=\"jeg_meta_views\"><a href=\"https:\/\/sunspace.vn\/en\/tong-hop-cac-mau-cua-nhom-xingfa-phong-ngu\/\" ><i class=\"fa fa-eye\"><\/i> 602 <\/a><\/div><\/div>\n\t\t\t\t\t\t<\/div>\n\t\t\t\t\t<\/div>\n\t\t\t\t<\/article><article class=\"jeg_post  format-standard\">\n\t\t\t\t\t<div class='box_wrap'>\n\t\t\t\t\t\t<div class=\"jeg_thumb\">\n\t\t\t\t\t\t\t\n\t\t\t\t\t\t\t<a href=\"https:\/\/sunspace.vn\/en\/mau-cua-nhom-xingfa-phong-ngu\/\"><div class=\"thumbnail-container animate-lazy  size-715\"><img data-recalc-dims=\"1\" decoding=\"async\" width=\"350\" height=\"250\" src=\"https:\/\/i0.wp.com\/sunspace.vn\/wp-content\/themes\/jnews\/assets\/img\/jeg-empty.png?resize=350%2C250&#038;ssl=1\" class=\"attachment-jnews-350x250 size-jnews-350x250 lazyload wp-post-image\" alt=\"Summary of the most popular bedroom xingfa aluminum door models today!\" sizes=\"(max-width: 350px) 100vw, 350px\" data-src=\"https:\/\/i0.wp.com\/sunspace.vn\/wp-content\/uploads\/2021\/10\/mau-cua-nhom-xingfa-phong-ngu.png?resize=350%2C250&amp;ssl=1\" data-srcset=\"https:\/\/i0.wp.com\/sunspace.vn\/wp-content\/uploads\/2021\/10\/mau-cua-nhom-xingfa-phong-ngu.png?resize=120%2C86&amp;ssl=1 120w, https:\/\/i0.wp.com\/sunspace.vn\/wp-content\/uploads\/2021\/10\/mau-cua-nhom-xingfa-phong-ngu.png?resize=350%2C250&amp;ssl=1 350w, https:\/\/i0.wp.com\/sunspace.vn\/wp-content\/uploads\/2021\/10\/mau-cua-nhom-xingfa-phong-ngu.png?resize=750%2C536&amp;ssl=1 750w, https:\/\/i0.wp.com\/sunspace.vn\/wp-content\/uploads\/2021\/10\/mau-cua-nhom-xingfa-phong-ngu.png?zoom=2&amp;resize=350%2C250&amp;ssl=1 700w, https:\/\/i0.wp.com\/sunspace.vn\/wp-content\/uploads\/2021\/10\/mau-cua-nhom-xingfa-phong-ngu.png?zoom=3&amp;resize=350%2C250&amp;ssl=1 1050w\" data-sizes=\"auto\" data-expand=\"700\" \/><\/div><\/a>\n\t\t\t\t\t\t\t<div class=\"jeg_post_category\">\n\t\t\t\t\t\t\t\t<span><a href=\"https:\/\/sunspace.vn\/en\/category\/tu-van-khach-hang\/\" class=\"category-tu-van-khach-hang\">CUSTOMER CONSULTING<\/a><\/span>\n\t\t\t\t\t\t\t<\/div>\n\t\t\t\t\t\t<\/div>\n\t\t\t\t\t\t<div class=\"jeg_postblock_content\">\n\t\t\t\t\t\t\t<h3 class=\"jeg_post_title\">\n\t\t\t\t\t\t\t\t<a href=\"https:\/\/sunspace.vn\/en\/mau-cua-nhom-xingfa-phong-ngu\/\">Summary of the most popular bedroom xingfa aluminum door models today!<\/a>\n\t\t\t\t\t\t\t<\/h3>\n\t\t\t\t\t\t\t<div class=\"jeg_post_meta\"><div class=\"jeg_meta_date\"><a href=\"https:\/\/sunspace.vn\/en\/mau-cua-nhom-xingfa-phong-ngu\/\" ><i class=\"fa fa-clock-o\"><\/i> 05\/04\/2022<\/a><\/div><div class=\"jeg_meta_views\"><a href=\"https:\/\/sunspace.vn\/en\/mau-cua-nhom-xingfa-phong-ngu\/\" ><i class=\"fa fa-eye\"><\/i> 353 <\/a><\/div><\/div>\n\t\t\t\t\t\t<\/div>\n\t\t\t\t\t<\/div>\n\t\t\t\t<\/article><article class=\"jeg_post  format-standard\">\n\t\t\t\t\t<div class='box_wrap'>\n\t\t\t\t\t\t<div class=\"jeg_thumb\">\n\t\t\t\t\t\t\t\n\t\t\t\t\t\t\t<a href=\"https:\/\/sunspace.vn\/en\/nha-pho-nen-su-dung-cua-nhom-xingfa-mau-xam-ghi-hay-mau-trang\/\"><div class=\"thumbnail-container animate-lazy  size-715\"><img data-recalc-dims=\"1\" decoding=\"async\" width=\"350\" height=\"250\" src=\"https:\/\/i0.wp.com\/sunspace.vn\/wp-content\/themes\/jnews\/assets\/img\/jeg-empty.png?resize=350%2C250&#038;ssl=1\" class=\"attachment-jnews-350x250 size-jnews-350x250 lazyload wp-post-image\" alt=\"Should townhouses use gray or white Xingfa aluminum doors?\" sizes=\"(max-width: 350px) 100vw, 350px\" data-src=\"https:\/\/i0.wp.com\/sunspace.vn\/wp-content\/uploads\/2021\/08\/nen-su-dung-cua-nhom-xinfgfa-mau-xam-ghi-hay-mau-trang-cho-nha-pho-1.jpg?resize=350%2C250&amp;ssl=1\" data-srcset=\"https:\/\/i0.wp.com\/sunspace.vn\/wp-content\/uploads\/2021\/08\/nen-su-dung-cua-nhom-xinfgfa-mau-xam-ghi-hay-mau-trang-cho-nha-pho-1.jpg?resize=15%2C12&amp;ssl=1 15w, https:\/\/i0.wp.com\/sunspace.vn\/wp-content\/uploads\/2021\/08\/nen-su-dung-cua-nhom-xinfgfa-mau-xam-ghi-hay-mau-trang-cho-nha-pho-1.jpg?resize=120%2C86&amp;ssl=1 120w, https:\/\/i0.wp.com\/sunspace.vn\/wp-content\/uploads\/2021\/08\/nen-su-dung-cua-nhom-xinfgfa-mau-xam-ghi-hay-mau-trang-cho-nha-pho-1.jpg?resize=350%2C250&amp;ssl=1 350w\" data-sizes=\"auto\" data-expand=\"700\" \/><\/div><\/a>\n\t\t\t\t\t\t\t<div class=\"jeg_post_category\">\n\t\t\t\t\t\t\t\t<span><a href=\"https:\/\/sunspace.vn\/en\/category\/tu-van-khach-hang\/\" class=\"category-tu-van-khach-hang\">CUSTOMER CONSULTING<\/a><\/span>\n\t\t\t\t\t\t\t<\/div>\n\t\t\t\t\t\t<\/div>\n\t\t\t\t\t\t<div class=\"jeg_postblock_content\">\n\t\t\t\t\t\t\t<h3 class=\"jeg_post_title\">\n\t\t\t\t\t\t\t\t<a href=\"https:\/\/sunspace.vn\/en\/nha-pho-nen-su-dung-cua-nhom-xingfa-mau-xam-ghi-hay-mau-trang\/\">Should townhouses use gray or white Xingfa aluminum doors?<\/a>\n\t\t\t\t\t\t\t<\/h3>\n\t\t\t\t\t\t\t<div class=\"jeg_post_meta\"><div class=\"jeg_meta_date\"><a href=\"https:\/\/sunspace.vn\/en\/nha-pho-nen-su-dung-cua-nhom-xingfa-mau-xam-ghi-hay-mau-trang\/\" ><i class=\"fa fa-clock-o\"><\/i> 03\/04\/2022<\/a><\/div><div class=\"jeg_meta_views\"><a href=\"https:\/\/sunspace.vn\/en\/nha-pho-nen-su-dung-cua-nhom-xingfa-mau-xam-ghi-hay-mau-trang\/\" ><i class=\"fa fa-eye\"><\/i> 918 <\/a><\/div><\/div>\n\t\t\t\t\t\t<\/div>\n\t\t\t\t\t<\/div>\n\t\t\t\t<\/article><article class=\"jeg_post  format-standard\">\n\t\t\t\t\t<div class='box_wrap'>\n\t\t\t\t\t\t<div class=\"jeg_thumb\">\n\t\t\t\t\t\t\t\n\t\t\t\t\t\t\t<a href=\"https:\/\/sunspace.vn\/en\/giai-phap-cho-khong-gian-tong-the-lam-chan-nang\/\"><div class=\"thumbnail-container animate-lazy  size-715\"><img data-recalc-dims=\"1\" decoding=\"async\" width=\"350\" height=\"250\" src=\"https:\/\/i0.wp.com\/sunspace.vn\/wp-content\/themes\/jnews\/assets\/img\/jeg-empty.png?resize=350%2C250&#038;ssl=1\" class=\"attachment-jnews-350x250 size-jnews-350x250 lazyload wp-post-image\" alt=\"Solution for the overall space \u2013 Sunshade\" sizes=\"(max-width: 350px) 100vw, 350px\" data-src=\"https:\/\/i0.wp.com\/sunspace.vn\/wp-content\/uploads\/2021\/08\/1-6.jpg?resize=350%2C250&amp;ssl=1\" data-srcset=\"https:\/\/i0.wp.com\/sunspace.vn\/wp-content\/uploads\/2021\/08\/1-6.jpg?resize=18%2C12&amp;ssl=1 18w, https:\/\/i0.wp.com\/sunspace.vn\/wp-content\/uploads\/2021\/08\/1-6.jpg?resize=120%2C86&amp;ssl=1 120w, https:\/\/i0.wp.com\/sunspace.vn\/wp-content\/uploads\/2021\/08\/1-6.jpg?resize=350%2C250&amp;ssl=1 350w, https:\/\/i0.wp.com\/sunspace.vn\/wp-content\/uploads\/2021\/08\/1-6.jpg?resize=750%2C536&amp;ssl=1 750w, https:\/\/i0.wp.com\/sunspace.vn\/wp-content\/uploads\/2021\/08\/1-6.jpg?zoom=2&amp;resize=350%2C250&amp;ssl=1 700w, https:\/\/i0.wp.com\/sunspace.vn\/wp-content\/uploads\/2021\/08\/1-6.jpg?zoom=3&amp;resize=350%2C250&amp;ssl=1 1050w\" data-sizes=\"auto\" data-expand=\"700\" \/><\/div><\/a>\n\t\t\t\t\t\t\t<div class=\"jeg_post_category\">\n\t\t\t\t\t\t\t\t<span><a href=\"https:\/\/sunspace.vn\/en\/category\/tu-van-khach-hang\/\" class=\"category-tu-van-khach-hang\">CUSTOMER CONSULTING<\/a><\/span>\n\t\t\t\t\t\t\t<\/div>\n\t\t\t\t\t\t<\/div>\n\t\t\t\t\t\t<div class=\"jeg_postblock_content\">\n\t\t\t\t\t\t\t<h3 class=\"jeg_post_title\">\n\t\t\t\t\t\t\t\t<a href=\"https:\/\/sunspace.vn\/en\/giai-phap-cho-khong-gian-tong-the-lam-chan-nang\/\">Solution for the overall space \u2013 Sunshade<\/a>\n\t\t\t\t\t\t\t<\/h3>\n\t\t\t\t\t\t\t<div class=\"jeg_post_meta\"><div class=\"jeg_meta_date\"><a href=\"https:\/\/sunspace.vn\/en\/giai-phap-cho-khong-gian-tong-the-lam-chan-nang\/\" ><i class=\"fa fa-clock-o\"><\/i> 01\/04\/2022<\/a><\/div><div class=\"jeg_meta_views\"><a href=\"https:\/\/sunspace.vn\/en\/giai-phap-cho-khong-gian-tong-the-lam-chan-nang\/\" ><i class=\"fa fa-eye\"><\/i> 493 <\/a><\/div><\/div>\n\t\t\t\t\t\t<\/div>\n\t\t\t\t\t<\/div>\n\t\t\t\t<\/article><article class=\"jeg_post  format-standard\">\n\t\t\t\t\t<div class='box_wrap'>\n\t\t\t\t\t\t<div class=\"jeg_thumb\">\n\t\t\t\t\t\t\t\n\t\t\t\t\t\t\t<a href=\"https:\/\/sunspace.vn\/en\/cua-nhom-xingfa-phong-ngu-co-dat-khong\/\"><div class=\"thumbnail-container animate-lazy  size-715\"><img data-recalc-dims=\"1\" decoding=\"async\" width=\"350\" height=\"250\" src=\"https:\/\/i0.wp.com\/sunspace.vn\/wp-content\/themes\/jnews\/assets\/img\/jeg-empty.png?resize=350%2C250&#038;ssl=1\" class=\"attachment-jnews-350x250 size-jnews-350x250 lazyload wp-post-image\" alt=\"Are Xingfa bedroom aluminum doors expensive?\" sizes=\"(max-width: 350px) 100vw, 350px\" data-src=\"https:\/\/i0.wp.com\/sunspace.vn\/wp-content\/uploads\/2021\/08\/1-5.jpg?resize=350%2C250&amp;ssl=1\" data-srcset=\"https:\/\/i0.wp.com\/sunspace.vn\/wp-content\/uploads\/2021\/08\/1-5.jpg?resize=15%2C12&amp;ssl=1 15w, https:\/\/i0.wp.com\/sunspace.vn\/wp-content\/uploads\/2021\/08\/1-5.jpg?resize=120%2C86&amp;ssl=1 120w, https:\/\/i0.wp.com\/sunspace.vn\/wp-content\/uploads\/2021\/08\/1-5.jpg?resize=350%2C250&amp;ssl=1 350w\" data-sizes=\"auto\" data-expand=\"700\" \/><\/div><\/a>\n\t\t\t\t\t\t\t<div class=\"jeg_post_category\">\n\t\t\t\t\t\t\t\t<span><a href=\"https:\/\/sunspace.vn\/en\/category\/tu-van-khach-hang\/\" class=\"category-tu-van-khach-hang\">CUSTOMER CONSULTING<\/a><\/span>\n\t\t\t\t\t\t\t<\/div>\n\t\t\t\t\t\t<\/div>\n\t\t\t\t\t\t<div class=\"jeg_postblock_content\">\n\t\t\t\t\t\t\t<h3 class=\"jeg_post_title\">\n\t\t\t\t\t\t\t\t<a href=\"https:\/\/sunspace.vn\/en\/cua-nhom-xingfa-phong-ngu-co-dat-khong\/\">Are Xingfa bedroom aluminum doors expensive?<\/a>\n\t\t\t\t\t\t\t<\/h3>\n\t\t\t\t\t\t\t<div class=\"jeg_post_meta\"><div class=\"jeg_meta_date\"><a href=\"https:\/\/sunspace.vn\/en\/cua-nhom-xingfa-phong-ngu-co-dat-khong\/\" ><i class=\"fa fa-clock-o\"><\/i> 31\/03\/2022<\/a><\/div><div class=\"jeg_meta_views\"><a href=\"https:\/\/sunspace.vn\/en\/cua-nhom-xingfa-phong-ngu-co-dat-khong\/\" ><i class=\"fa fa-eye\"><\/i> 216 <\/a><\/div><\/div>\n\t\t\t\t\t\t<\/div>\n\t\t\t\t\t<\/div>\n\t\t\t\t<\/article>\n\t\t\t\t\t<\/div>\n\t\t\t\t<\/div>\n\t\t\t\t\t<div class='module-overlay'>\n\t\t\t\t    <div class='preloader_type preloader_dot'>\n\t\t\t\t        <div class=\"module-preloader jeg_preloader dot\">\n\t\t\t\t            <span><\/span><span><\/span><span><\/span>\n\t\t\t\t        <\/div>\n\t\t\t\t        <div class=\"module-preloader jeg_preloader circle\">\n\t\t\t\t            <div class=\"jnews_preloader_circle_outer\">\n\t\t\t\t                <div class=\"jnews_preloader_circle_inner\"><\/div>\n\t\t\t\t            <\/div>\n\t\t\t\t        <\/div>\n\t\t\t\t        <div class=\"module-preloader jeg_preloader square\">\n\t\t\t\t            <div class=\"jeg_square\">\n\t\t\t\t                <div class=\"jeg_square_inner\"><\/div>\n\t\t\t\t            <\/div>\n\t\t\t\t        <\/div>\n\t\t\t\t    <\/div>\n\t\t\t\t<\/div>\n\t\t\t\t<\/div>\n\t\t\t\t<div class=\"jeg_block_navigation\">\n\t\t\t\t\t<div class='navigation_overlay'><div class='module-preloader jeg_preloader'><span><\/span><span><\/span><span><\/span><\/div><\/div>\n\t\t\t\t\t<div class=\"jeg_block_nav  showtext\">\n                    <a href=\"#\" class=\"prev disabled\" title=\"Previous\"><i class=\"fa fa-angle-left\"><\/i> Prev<\/a>\n                    <a href=\"#\" class=\"next\" title=\"next\">next  <i class=\"fa fa-angle-right\"><\/i><\/a>\n                <\/div>\n\t\t\t\t\t\n\t\t\t\t<\/div>\n\t\t\t\t\t\n\t\t\t\t\t<script>var jnews_module__0_69e0da5af3be0 = {\"header_icon\":\"\",\"first_title\":\"\",\"second_title\":\"\",\"url\":\"\",\"header_type\":\"heading_6\",\"header_background\":\"\",\"header_secondary_background\":\"\",\"header_text_color\":\"\",\"header_line_color\":\"\",\"header_accent_color\":\"\",\"header_filter_category\":\"\",\"header_filter_author\":\"\",\"header_filter_tag\":\"\",\"header_filter_text\":\"All\",\"post_type\":\"post\",\"content_type\":\"all\",\"number_post\":\"6\",\"post_offset\":\"0\",\"unique_content\":\"disable\",\"include_post\":\"\",\"exclude_post\":\"\",\"include_category\":\"845\",\"exclude_category\":\"784,782,846,844,783,847,1\",\"include_author\":\"\",\"include_tag\":\"\",\"exclude_tag\":\"\",\"product_brand\":\"\",\"product_cat\":\"\",\"product_tag\":\"\",\"sort_by\":\"latest\",\"date_format\":\"default\",\"date_format_custom\":\"Y\\\/m\\\/d\",\"force_normal_image_load\":\"\",\"pagination_mode\":\"nextprev\",\"pagination_nextprev_showtext\":\"no\",\"pagination_number_post\":\"6\",\"pagination_scroll_limit\":0,\"el_id\":\"\",\"el_class\":\"\",\"scheme\":\"\",\"column_width\":\"auto\",\"title_color\":\"\",\"accent_color\":\"\",\"alt_color\":\"\",\"block_background\":\"\",\"box_shadow\":false,\"css\":\"\",\"compatible_column_notice\":\"\",\"paged\":1,\"column_class\":\"jeg_col_3o3\",\"class\":\"jnews_block_37\"};<\/script>\n\t\t\t\t<\/div><\/div><\/div><\/div><\/div><\/div><\/div><\/div><\/div><\/div><\/div>","protected":false},"excerpt":{"rendered":"T\u01b0 v\u1ea5n kh\u00e1ch h\u00e0ngT\u01b0 v\u1ea5n kh\u00e1ch h\u00e0ng T\u01b0 v\u1ea5n kh\u00e1ch h\u00e0ng T\u00ecm hi\u1ec3u nh\u00f4m Xingfa Vi\u1ec7t Nam c\u00f3 m\u1ea5y lo\u1ea1i 30\/04\/2022 479 T\u01b0 v\u1ea5n kh\u00e1ch h\u00e0ng T\u1ed5ng h\u1ee3p c\u00e1c m\u1eabu c\u1eeda nh\u00f4m xingfa ph\u00f2ng ng\u1ee7 \u0111\u1eb9p nh\u1ea5t 2022 28\/04\/2022 602 T\u01b0 v\u1ea5n kh\u00e1ch h\u00e0ng T\u1ed5ng h\u1ee3p nh\u1eefng m\u1eabu c\u1eeda nh\u00f4m xingfa ph\u00f2ng ng\u1ee7 \u0111\u01b0\u1ee3c \u01b0a [...]","protected":false},"author":1,"featured_media":0,"parent":2094,"menu_order":1,"comment_status":"closed","ping_status":"closed","template":"","meta":{"footnotes":""},"class_list":["post-4347","page","type-page","status-publish","hentry"],"jetpack_sharing_enabled":true,"_links":{"self":[{"href":"https:\/\/sunspace.vn\/en\/wp-json\/wp\/v2\/pages\/4347","targetHints":{"allow":["GET"]}}],"collection":[{"href":"https:\/\/sunspace.vn\/en\/wp-json\/wp\/v2\/pages"}],"about":[{"href":"https:\/\/sunspace.vn\/en\/wp-json\/wp\/v2\/types\/page"}],"author":[{"embeddable":true,"href":"https:\/\/sunspace.vn\/en\/wp-json\/wp\/v2\/users\/1"}],"replies":[{"embeddable":true,"href":"https:\/\/sunspace.vn\/en\/wp-json\/wp\/v2\/comments?post=4347"}],"version-history":[{"count":0,"href":"https:\/\/sunspace.vn\/en\/wp-json\/wp\/v2\/pages\/4347\/revisions"}],"up":[{"embeddable":true,"href":"https:\/\/sunspace.vn\/en\/wp-json\/wp\/v2\/pages\/2094"}],"wp:attachment":[{"href":"https:\/\/sunspace.vn\/en\/wp-json\/wp\/v2\/media?parent=4347"}],"curies":[{"name":"wp","href":"https:\/\/api.w.org\/{rel}","templated":true}]}}