{"id":4172,"date":"2021-06-08T00:36:40","date_gmt":"2021-06-07T17:36:40","guid":{"rendered":"http:\/\/sunspace.vn\/?page_id=4172"},"modified":"2021-07-07T09:58:35","modified_gmt":"2021-07-07T02:58:35","slug":"he-thong-cabin-tam-va-lan-can-kinh","status":"publish","type":"page","link":"https:\/\/sunspace.vn\/en\/san-pham-sunspace\/he-thong-cabin-tam-va-lan-can-kinh\/","title":{"rendered":"BATHROOM CABIN SYSTEM &amp; GLASS RAILING"},"content":{"rendered":"<div class=\"row vc_row wpb_row vc_row-fluid\"><div class=\"jeg-vc-wrapper\"><div class=\"wpb_column jeg_column vc_column_container vc_col-sm-12 jeg_main_content\"><div class=\"jeg_wrapper wpb_wrapper\"><div  class=\"jeg_block_heading jeg_block_heading_1 jeg_alignleft jnews_module__0_69fb77060d8fe\">\n                <h3 class=\"jeg_block_title\"><span>BATHROOM CABIN SYSTEM &amp; GLASS RAILING<\/span><\/h3>\n                \n            <\/div>\n\t<div class=\"wpb_text_column wpb_content_element\" >\n\t\t<div class=\"wpb_wrapper\">\n\t\t\t<p style=\"text-align: center;\">The system of transparent and high-class glass walls increases the luxury look in the bathroom. Glass railing system inside and outside the house, suitable for stairs, balconies...<\/p>\n\n\t\t<\/div>\n\t<\/div>\n<div class=\"vc_separator wpb_content_element vc_separator_align_center vc_sep_width_100 vc_sep_border_width_3 vc_sep_pos_align_center vc_separator_no_text vc_sep_color_grey\" ><span class=\"vc_sep_holder vc_sep_holder_l\"><span  class=\"vc_sep_line\"><\/span><\/span><span class=\"vc_sep_holder vc_sep_holder_r\"><span  class=\"vc_sep_line\"><\/span><\/span>\n<\/div><\/div><\/div><\/div><\/div><div class=\"row vc_row wpb_row vc_row-fluid\"><div class=\"jeg-vc-wrapper\"><div class=\"wpb_column jeg_column vc_column_container vc_col-sm-12 jeg_main_content\"><div class=\"jeg_wrapper wpb_wrapper\"><div class=\"woocommerce columns-4\"><ul class=\"products columns-4\">\n<li class=\"product type-product post-4141 status-publish first instock product_cat-he-thong-cabin-tam-lan-can-kinh product_tag-cabin-tam product_tag-cabin-vach-tam-kinh product_tag-he-thong-cabin-tam product_tag-he-thong-lan-can-kinh product_tag-he-thong-vach-kinh has-post-thumbnail shipping-taxable product-type-simple\">\n\t<a href=\"https:\/\/sunspace.vn\/en\/product\/he-thong-cabin-tam\/\" class=\"woocommerce-LoopProduct-link woocommerce-loop-product__link\"><img decoding=\"async\" width=\"300\" height=\"300\" src=\"https:\/\/i0.wp.com\/sunspace.vn\/wp-content\/uploads\/2021\/06\/VACH-TAM.png?resize=300%2C300&amp;ssl=1\" class=\"attachment-woocommerce_thumbnail size-woocommerce_thumbnail\" alt=\"\" srcset=\"https:\/\/i0.wp.com\/sunspace.vn\/wp-content\/uploads\/2021\/06\/VACH-TAM.png?w=350&amp;ssl=1 350w, https:\/\/i0.wp.com\/sunspace.vn\/wp-content\/uploads\/2021\/06\/VACH-TAM.png?w=150&amp;ssl=1 150w, https:\/\/i0.wp.com\/sunspace.vn\/wp-content\/uploads\/2021\/06\/VACH-TAM.png?w=768&amp;ssl=1 768w, https:\/\/i0.wp.com\/sunspace.vn\/wp-content\/uploads\/2021\/06\/VACH-TAM.png?w=12&amp;ssl=1 12w, https:\/\/i0.wp.com\/sunspace.vn\/wp-content\/uploads\/2021\/06\/VACH-TAM.png?w=300&amp;ssl=1 300w, https:\/\/i0.wp.com\/sunspace.vn\/wp-content\/uploads\/2021\/06\/VACH-TAM.png?w=600&amp;ssl=1 600w, https:\/\/i0.wp.com\/sunspace.vn\/wp-content\/uploads\/2021\/06\/VACH-TAM.png?w=100&amp;ssl=1 100w, https:\/\/i0.wp.com\/sunspace.vn\/wp-content\/uploads\/2021\/06\/VACH-TAM.png?w=75&amp;ssl=1 75w, https:\/\/i0.wp.com\/sunspace.vn\/wp-content\/uploads\/2021\/06\/VACH-TAM.png?w=750&amp;ssl=1 750w, https:\/\/i0.wp.com\/sunspace.vn\/wp-content\/uploads\/2021\/06\/VACH-TAM.png?w=900&amp;ssl=1 900w\" sizes=\"(max-width: 300px) 100vw, 300px\" \/><h2 class=\"woocommerce-loop-product__title\">Shower cabin system<\/h2>\n<\/a><a href=\"https:\/\/sunspace.vn\/en\/product\/he-thong-cabin-tam\/\" aria-describedby=\"woocommerce_loop_add_to_cart_link_describedby_4141\" data-quantity=\"1\" class=\"button product_type_simple\" data-product_id=\"4141\" data-product_sku=\"\" aria-label=\"Read more about \u201cH\u1ec7 th\u1ed1ng cabin t\u1eafm\u201d\" rel=\"nofollow\" data-success_message=\"\" data-no-translation=\"\" data-trp-gettext=\"\" data-no-translation-aria-label=\"\">Read more<\/a>\t<span id=\"woocommerce_loop_add_to_cart_link_describedby_4141\" class=\"screen-reader-text\">\n\t\t\t<\/span>\n<\/li>\n<li class=\"product type-product post-4469 status-publish instock product_cat-he-thong-cabin-tam-lan-can-kinh has-post-thumbnail shipping-taxable product-type-simple\">\n\t<a href=\"https:\/\/sunspace.vn\/en\/product\/he-thong-lan-can-kinh\/\" class=\"woocommerce-LoopProduct-link woocommerce-loop-product__link\"><img decoding=\"async\" width=\"300\" height=\"300\" src=\"https:\/\/i0.wp.com\/sunspace.vn\/wp-content\/uploads\/2021\/06\/LAN-CAN-KINH.jpg?resize=300%2C300&amp;ssl=1\" class=\"attachment-woocommerce_thumbnail size-woocommerce_thumbnail\" alt=\"\" srcset=\"https:\/\/i0.wp.com\/sunspace.vn\/wp-content\/uploads\/2021\/06\/LAN-CAN-KINH.jpg?w=900&amp;ssl=1 900w, https:\/\/i0.wp.com\/sunspace.vn\/wp-content\/uploads\/2021\/06\/LAN-CAN-KINH.jpg?w=350&amp;ssl=1 350w, https:\/\/i0.wp.com\/sunspace.vn\/wp-content\/uploads\/2021\/06\/LAN-CAN-KINH.jpg?w=150&amp;ssl=1 150w, https:\/\/i0.wp.com\/sunspace.vn\/wp-content\/uploads\/2021\/06\/LAN-CAN-KINH.jpg?w=768&amp;ssl=1 768w, https:\/\/i0.wp.com\/sunspace.vn\/wp-content\/uploads\/2021\/06\/LAN-CAN-KINH.jpg?w=12&amp;ssl=1 12w, https:\/\/i0.wp.com\/sunspace.vn\/wp-content\/uploads\/2021\/06\/LAN-CAN-KINH.jpg?w=300&amp;ssl=1 300w, https:\/\/i0.wp.com\/sunspace.vn\/wp-content\/uploads\/2021\/06\/LAN-CAN-KINH.jpg?w=600&amp;ssl=1 600w, https:\/\/i0.wp.com\/sunspace.vn\/wp-content\/uploads\/2021\/06\/LAN-CAN-KINH.jpg?w=100&amp;ssl=1 100w, https:\/\/i0.wp.com\/sunspace.vn\/wp-content\/uploads\/2021\/06\/LAN-CAN-KINH.jpg?w=75&amp;ssl=1 75w, https:\/\/i0.wp.com\/sunspace.vn\/wp-content\/uploads\/2021\/06\/LAN-CAN-KINH.jpg?w=750&amp;ssl=1 750w\" sizes=\"(max-width: 300px) 100vw, 300px\" \/><h2 class=\"woocommerce-loop-product__title\">Glass balustrade system<\/h2>\n<\/a><a href=\"https:\/\/sunspace.vn\/en\/product\/he-thong-lan-can-kinh\/\" aria-describedby=\"woocommerce_loop_add_to_cart_link_describedby_4469\" data-quantity=\"1\" class=\"button product_type_simple\" data-product_id=\"4469\" data-product_sku=\"\" aria-label=\"Read more about \u201cH\u1ec7 th\u1ed1ng lan can k\u00ednh\u201d\" rel=\"nofollow\" data-success_message=\"\" data-no-translation=\"\" data-trp-gettext=\"\" data-no-translation-aria-label=\"\">Read more<\/a>\t<span id=\"woocommerce_loop_add_to_cart_link_describedby_4469\" class=\"screen-reader-text\">\n\t\t\t<\/span>\n<\/li>\n<\/ul>\n<\/div><\/div><\/div><\/div><\/div>","protected":false},"excerpt":{"rendered":"H\u1ec6 TH\u1ed0NG CABIN T\u1eaeM V\u00c0 LAN CAN K\u00cdNH H\u1ec7 th\u1ed1ng v\u00e1ch k\u00ednh trong su\u1ed1t\u00a0 &amp; cao c\u1ea5p t\u0103ng v\u1ebb sang tr\u1ecdng trong ph\u00f2ng t\u1eafm. H\u1ec7 th\u1ed1ng lan can k\u00ednh b\u00ean trong v\u00e0 b\u00ean ngo\u00e0i nh\u00e0, s\u1eed d\u1ee5ng th\u00edch h\u1ee3p cho C\u1ea7u thang, Ban c\u00f4ng\u2026 H\u1ec7 th\u1ed1ng cabin t\u1eafm Read more H\u1ec7 th\u1ed1ng lan can [...]","protected":false},"author":1,"featured_media":0,"parent":2512,"menu_order":0,"comment_status":"closed","ping_status":"closed","template":"","meta":{"footnotes":""},"class_list":["post-4172","page","type-page","status-publish","hentry"],"jetpack_sharing_enabled":true,"_links":{"self":[{"href":"https:\/\/sunspace.vn\/en\/wp-json\/wp\/v2\/pages\/4172","targetHints":{"allow":["GET"]}}],"collection":[{"href":"https:\/\/sunspace.vn\/en\/wp-json\/wp\/v2\/pages"}],"about":[{"href":"https:\/\/sunspace.vn\/en\/wp-json\/wp\/v2\/types\/page"}],"author":[{"embeddable":true,"href":"https:\/\/sunspace.vn\/en\/wp-json\/wp\/v2\/users\/1"}],"replies":[{"embeddable":true,"href":"https:\/\/sunspace.vn\/en\/wp-json\/wp\/v2\/comments?post=4172"}],"version-history":[{"count":0,"href":"https:\/\/sunspace.vn\/en\/wp-json\/wp\/v2\/pages\/4172\/revisions"}],"up":[{"embeddable":true,"href":"https:\/\/sunspace.vn\/en\/wp-json\/wp\/v2\/pages\/2512"}],"wp:attachment":[{"href":"https:\/\/sunspace.vn\/en\/wp-json\/wp\/v2\/media?parent=4172"}],"curies":[{"name":"wp","href":"https:\/\/api.w.org\/{rel}","templated":true}]}}