{"id":4136,"date":"2021-06-07T20:18:41","date_gmt":"2021-06-07T13:18:41","guid":{"rendered":"http:\/\/sunspace.vn\/?page_id=4136"},"modified":"2021-07-07T09:56:58","modified_gmt":"2021-07-07T02:56:58","slug":"he-thong-cua-kinh-tu-dong","status":"publish","type":"page","link":"https:\/\/sunspace.vn\/en\/san-pham-sunspace\/he-thong-cua-kinh-tu-dong\/","title":{"rendered":"AUTOMATIC GLASS DOOR"},"content":{"rendered":"<div class=\"row vc_row wpb_row vc_row-fluid\"><div class=\"jeg-vc-wrapper\"><div class=\"wpb_column jeg_column vc_column_container vc_col-sm-12 jeg_main_content\"><div class=\"jeg_wrapper wpb_wrapper\"><div  class=\"jeg_block_heading jeg_block_heading_1 jeg_alignleft jnews_module__0_69e5fd2872f73\">\n                <h3 class=\"jeg_block_title\"><span>AUTOMATIC GLASS DOOR<\/span><\/h3>\n                \n            <\/div>\n\t<div class=\"wpb_text_column wpb_content_element\" >\n\t\t<div class=\"wpb_wrapper\">\n\t\t\t<p style=\"text-align: center;\">Automatic door is a type of door used to open and close with additional devices so that it can automatically close, the door automatically opens when the sensor devices are activated via remote, magnetic card fingerprint machine or other devices. other intelligent control devices.<\/p>\n\n\t\t<\/div>\n\t<\/div>\n<div class=\"vc_separator wpb_content_element vc_separator_align_center vc_sep_width_100 vc_sep_border_width_3 vc_sep_pos_align_center vc_separator_no_text vc_sep_color_grey\" ><span class=\"vc_sep_holder vc_sep_holder_l\"><span  class=\"vc_sep_line\"><\/span><\/span><span class=\"vc_sep_holder vc_sep_holder_r\"><span  class=\"vc_sep_line\"><\/span><\/span>\n<\/div><\/div><\/div><\/div><\/div><div class=\"row vc_row wpb_row vc_row-fluid\"><div class=\"jeg-vc-wrapper\"><div class=\"wpb_column jeg_column vc_column_container vc_col-sm-12 jeg_main_content\"><div class=\"jeg_wrapper wpb_wrapper\"><div class=\"woocommerce columns-4\"><ul class=\"products columns-4\">\n<li class=\"product type-product post-4168 status-publish first instock product_cat-he-thong-cua-kinh-tu-dong product_tag-cua-quay has-post-thumbnail shipping-taxable product-type-simple\">\n\t<a href=\"https:\/\/sunspace.vn\/en\/product\/cua-quay-2\/\" class=\"woocommerce-LoopProduct-link woocommerce-loop-product__link\"><img decoding=\"async\" width=\"300\" height=\"300\" src=\"https:\/\/i0.wp.com\/sunspace.vn\/wp-content\/uploads\/2021\/06\/Cua-quay-2.jpg?resize=300%2C300&amp;ssl=1\" class=\"attachment-woocommerce_thumbnail size-woocommerce_thumbnail\" alt=\"\" srcset=\"https:\/\/i0.wp.com\/sunspace.vn\/wp-content\/uploads\/2021\/06\/Cua-quay-2.jpg?w=350&amp;ssl=1 350w, https:\/\/i0.wp.com\/sunspace.vn\/wp-content\/uploads\/2021\/06\/Cua-quay-2.jpg?w=150&amp;ssl=1 150w, https:\/\/i0.wp.com\/sunspace.vn\/wp-content\/uploads\/2021\/06\/Cua-quay-2.jpg?w=768&amp;ssl=1 768w, https:\/\/i0.wp.com\/sunspace.vn\/wp-content\/uploads\/2021\/06\/Cua-quay-2.jpg?w=12&amp;ssl=1 12w, https:\/\/i0.wp.com\/sunspace.vn\/wp-content\/uploads\/2021\/06\/Cua-quay-2.jpg?w=300&amp;ssl=1 300w, https:\/\/i0.wp.com\/sunspace.vn\/wp-content\/uploads\/2021\/06\/Cua-quay-2.jpg?w=600&amp;ssl=1 600w, https:\/\/i0.wp.com\/sunspace.vn\/wp-content\/uploads\/2021\/06\/Cua-quay-2.jpg?w=100&amp;ssl=1 100w, https:\/\/i0.wp.com\/sunspace.vn\/wp-content\/uploads\/2021\/06\/Cua-quay-2.jpg?w=75&amp;ssl=1 75w, https:\/\/i0.wp.com\/sunspace.vn\/wp-content\/uploads\/2021\/06\/Cua-quay-2.jpg?w=750&amp;ssl=1 750w, https:\/\/i0.wp.com\/sunspace.vn\/wp-content\/uploads\/2021\/06\/Cua-quay-2.jpg?w=900&amp;ssl=1 900w\" sizes=\"(max-width: 300px) 100vw, 300px\" \/><h2 class=\"woocommerce-loop-product__title\">Revolving door<\/h2>\n<\/a><a href=\"https:\/\/sunspace.vn\/en\/product\/cua-quay-2\/\" aria-describedby=\"woocommerce_loop_add_to_cart_link_describedby_4168\" data-quantity=\"1\" class=\"button product_type_simple\" data-product_id=\"4168\" data-product_sku=\"\" aria-label=\"Read more about \u201cC\u1eeda quay\u201d\" rel=\"nofollow\" data-success_message=\"\" data-no-translation=\"\" data-trp-gettext=\"\" data-no-translation-aria-label=\"\">Read more<\/a>\t<span id=\"woocommerce_loop_add_to_cart_link_describedby_4168\" class=\"screen-reader-text\">\n\t\t\t<\/span>\n<\/li>\n<li class=\"product type-product post-4322 status-publish instock product_cat-he-thong-cua-kinh-tu-dong has-post-thumbnail shipping-taxable product-type-simple\">\n\t<a href=\"https:\/\/sunspace.vn\/en\/product\/cua-tu-dong-truot-ngang\/\" class=\"woocommerce-LoopProduct-link woocommerce-loop-product__link\"><img decoding=\"async\" width=\"300\" height=\"300\" src=\"https:\/\/i0.wp.com\/sunspace.vn\/wp-content\/uploads\/2021\/06\/Cua-tu-dong-truot-ngang-2.jpg?resize=300%2C300&amp;ssl=1\" class=\"attachment-woocommerce_thumbnail size-woocommerce_thumbnail\" alt=\"\" srcset=\"https:\/\/i0.wp.com\/sunspace.vn\/wp-content\/uploads\/2021\/06\/Cua-tu-dong-truot-ngang-2.jpg?w=350&amp;ssl=1 350w, https:\/\/i0.wp.com\/sunspace.vn\/wp-content\/uploads\/2021\/06\/Cua-tu-dong-truot-ngang-2.jpg?w=150&amp;ssl=1 150w, https:\/\/i0.wp.com\/sunspace.vn\/wp-content\/uploads\/2021\/06\/Cua-tu-dong-truot-ngang-2.jpg?w=768&amp;ssl=1 768w, https:\/\/i0.wp.com\/sunspace.vn\/wp-content\/uploads\/2021\/06\/Cua-tu-dong-truot-ngang-2.jpg?w=12&amp;ssl=1 12w, https:\/\/i0.wp.com\/sunspace.vn\/wp-content\/uploads\/2021\/06\/Cua-tu-dong-truot-ngang-2.jpg?w=300&amp;ssl=1 300w, https:\/\/i0.wp.com\/sunspace.vn\/wp-content\/uploads\/2021\/06\/Cua-tu-dong-truot-ngang-2.jpg?w=600&amp;ssl=1 600w, https:\/\/i0.wp.com\/sunspace.vn\/wp-content\/uploads\/2021\/06\/Cua-tu-dong-truot-ngang-2.jpg?w=100&amp;ssl=1 100w, https:\/\/i0.wp.com\/sunspace.vn\/wp-content\/uploads\/2021\/06\/Cua-tu-dong-truot-ngang-2.jpg?w=75&amp;ssl=1 75w, https:\/\/i0.wp.com\/sunspace.vn\/wp-content\/uploads\/2021\/06\/Cua-tu-dong-truot-ngang-2.jpg?w=750&amp;ssl=1 750w, https:\/\/i0.wp.com\/sunspace.vn\/wp-content\/uploads\/2021\/06\/Cua-tu-dong-truot-ngang-2.jpg?w=900&amp;ssl=1 900w\" sizes=\"(max-width: 300px) 100vw, 300px\" \/><h2 class=\"woocommerce-loop-product__title\">Automatic horizontal sliding door<\/h2>\n<\/a><a href=\"https:\/\/sunspace.vn\/en\/product\/cua-tu-dong-truot-ngang\/\" aria-describedby=\"woocommerce_loop_add_to_cart_link_describedby_4322\" data-quantity=\"1\" class=\"button product_type_simple\" data-product_id=\"4322\" data-product_sku=\"\" aria-label=\"Read more about \u201cC\u1eeda t\u1ef1 \u0111\u1ed9ng tr\u01b0\u1ee3t ngang\u201d\" rel=\"nofollow\" data-success_message=\"\" data-no-translation=\"\" data-trp-gettext=\"\" data-no-translation-aria-label=\"\">Read more<\/a>\t<span id=\"woocommerce_loop_add_to_cart_link_describedby_4322\" class=\"screen-reader-text\">\n\t\t\t<\/span>\n<\/li>\n<\/ul>\n<\/div><\/div><\/div><\/div><\/div>","protected":false},"excerpt":{"rendered":"H\u1ec6 TH\u1ed0NG C\u1eecA K\u00cdNH T\u1ef0 \u0110\u1ed8NG C\u1eeda t\u1ef1 \u0111\u1ed9ng l\u00e0 m\u1ed9t lo\u1ea1i c\u1eeda d\u00f9ng \u0111\u1ec3 \u0111\u00f3ng m\u1edf \u0111\u01b0\u1ee3c t\u00edch h\u1ee3p th\u00eam c\u00e1c thi\u1ebft b\u1ecb \u0111\u1ec3 n\u00f3 c\u00f3 th\u1ec3 t\u1ef1 \u0111\u1ed9ng \u0111\u00f3ng, c\u1eeda t\u1ef1 \u0111\u1ed9ng m\u1edf khi c\u00e1c thi\u1ebft b\u1ecb c\u1ea3m bi\u1ebfn \u0111\u01b0\u1ee3c k\u00edch ho\u1ea1t th\u00f4ng qua remote, m\u00e1y v\u00e2n tay th\u1ebb t\u1eeb hay c\u00e1c thi\u1ebft [...]","protected":false},"author":1,"featured_media":0,"parent":2512,"menu_order":0,"comment_status":"closed","ping_status":"closed","template":"","meta":{"footnotes":""},"class_list":["post-4136","page","type-page","status-publish","hentry"],"jetpack_sharing_enabled":true,"_links":{"self":[{"href":"https:\/\/sunspace.vn\/en\/wp-json\/wp\/v2\/pages\/4136","targetHints":{"allow":["GET"]}}],"collection":[{"href":"https:\/\/sunspace.vn\/en\/wp-json\/wp\/v2\/pages"}],"about":[{"href":"https:\/\/sunspace.vn\/en\/wp-json\/wp\/v2\/types\/page"}],"author":[{"embeddable":true,"href":"https:\/\/sunspace.vn\/en\/wp-json\/wp\/v2\/users\/1"}],"replies":[{"embeddable":true,"href":"https:\/\/sunspace.vn\/en\/wp-json\/wp\/v2\/comments?post=4136"}],"version-history":[{"count":0,"href":"https:\/\/sunspace.vn\/en\/wp-json\/wp\/v2\/pages\/4136\/revisions"}],"up":[{"embeddable":true,"href":"https:\/\/sunspace.vn\/en\/wp-json\/wp\/v2\/pages\/2512"}],"wp:attachment":[{"href":"https:\/\/sunspace.vn\/en\/wp-json\/wp\/v2\/media?parent=4136"}],"curies":[{"name":"wp","href":"https:\/\/api.w.org\/{rel}","templated":true}]}}