{"id":4134,"date":"2021-06-07T20:14:11","date_gmt":"2021-06-07T13:14:11","guid":{"rendered":"http:\/\/sunspace.vn\/?page_id=4134"},"modified":"2021-07-30T01:56:13","modified_gmt":"2021-07-29T18:56:13","slug":"he-thong-cua-nhua-upvc","status":"publish","type":"page","link":"https:\/\/sunspace.vn\/en\/san-pham-sunspace\/he-thong-cua-nhua-upvc\/","title":{"rendered":"uPVC DOORS SYSTEM"},"content":{"rendered":"<div class=\"row vc_row wpb_row vc_row-fluid\"><div class=\"jeg-vc-wrapper\"><div class=\"wpb_column jeg_column vc_column_container vc_col-sm-12 jeg_main_content\"><div class=\"jeg_wrapper wpb_wrapper\"><div  class=\"jeg_block_heading jeg_block_heading_1 jeg_alignleft jnews_module__0_69e03f412faf1\">\n                <h3 class=\"jeg_block_title\"><span>uPVC DOORS SYSTEM<\/span><\/h3>\n                \n            <\/div>\n\t<div class=\"wpb_text_column wpb_content_element\" >\n\t\t<div class=\"wpb_wrapper\">\n\t\t\t<p style=\"text-align: center;\">uPVC doors are doors made from uPVC profile bars inside, which are designed to be structurally fitted with reinforced steel core bars to increase bearing capacity combined with glass boxes or other types of glass and metal accessories. gas.<\/p>\n\n\t\t<\/div>\n\t<\/div>\n<div class=\"vc_separator wpb_content_element vc_separator_align_center vc_sep_width_100 vc_sep_border_width_3 vc_sep_pos_align_center vc_separator_no_text vc_sep_color_grey\" ><span class=\"vc_sep_holder vc_sep_holder_l\"><span  class=\"vc_sep_line\"><\/span><\/span><span class=\"vc_sep_holder vc_sep_holder_r\"><span  class=\"vc_sep_line\"><\/span><\/span>\n<\/div><\/div><\/div><\/div><\/div><div class=\"row vc_row wpb_row vc_row-fluid\"><div class=\"jeg-vc-wrapper\"><div class=\"wpb_column jeg_column vc_column_container vc_col-sm-12 jeg_main_content\"><div class=\"jeg_wrapper wpb_wrapper\"><div class=\"woocommerce columns-4\"><ul class=\"products columns-4\">\n<li class=\"product type-product post-4190 status-publish first instock product_cat-he-thong-cua-nhua-upvc product_tag-he-cua-di-mo-gap-truot has-post-thumbnail shipping-taxable product-type-simple\">\n\t<a href=\"https:\/\/sunspace.vn\/en\/product\/he-cua-di-mo-gap-truot-3\/\" class=\"woocommerce-LoopProduct-link woocommerce-loop-product__link\"><img decoding=\"async\" width=\"300\" height=\"300\" src=\"https:\/\/i0.wp.com\/sunspace.vn\/wp-content\/uploads\/2021\/06\/He-cua-di-mo-gap-truot-2.jpg?resize=300%2C300&amp;ssl=1\" class=\"attachment-woocommerce_thumbnail size-woocommerce_thumbnail\" alt=\"\" srcset=\"https:\/\/i0.wp.com\/sunspace.vn\/wp-content\/uploads\/2021\/06\/He-cua-di-mo-gap-truot-2.jpg?w=350&amp;ssl=1 350w, https:\/\/i0.wp.com\/sunspace.vn\/wp-content\/uploads\/2021\/06\/He-cua-di-mo-gap-truot-2.jpg?w=150&amp;ssl=1 150w, https:\/\/i0.wp.com\/sunspace.vn\/wp-content\/uploads\/2021\/06\/He-cua-di-mo-gap-truot-2.jpg?w=768&amp;ssl=1 768w, https:\/\/i0.wp.com\/sunspace.vn\/wp-content\/uploads\/2021\/06\/He-cua-di-mo-gap-truot-2.jpg?w=12&amp;ssl=1 12w, https:\/\/i0.wp.com\/sunspace.vn\/wp-content\/uploads\/2021\/06\/He-cua-di-mo-gap-truot-2.jpg?w=300&amp;ssl=1 300w, https:\/\/i0.wp.com\/sunspace.vn\/wp-content\/uploads\/2021\/06\/He-cua-di-mo-gap-truot-2.jpg?w=600&amp;ssl=1 600w, https:\/\/i0.wp.com\/sunspace.vn\/wp-content\/uploads\/2021\/06\/He-cua-di-mo-gap-truot-2.jpg?w=100&amp;ssl=1 100w, https:\/\/i0.wp.com\/sunspace.vn\/wp-content\/uploads\/2021\/06\/He-cua-di-mo-gap-truot-2.jpg?w=75&amp;ssl=1 75w, https:\/\/i0.wp.com\/sunspace.vn\/wp-content\/uploads\/2021\/06\/He-cua-di-mo-gap-truot-2.jpg?w=750&amp;ssl=1 750w, https:\/\/i0.wp.com\/sunspace.vn\/wp-content\/uploads\/2021\/06\/He-cua-di-mo-gap-truot-2.jpg?w=900&amp;ssl=1 900w\" sizes=\"(max-width: 300px) 100vw, 300px\" \/><h2 class=\"woocommerce-loop-product__title\">The door system opens and closes<\/h2>\n<\/a><a href=\"https:\/\/sunspace.vn\/en\/product\/he-cua-di-mo-gap-truot-3\/\" aria-describedby=\"woocommerce_loop_add_to_cart_link_describedby_4190\" data-quantity=\"1\" class=\"button product_type_simple\" data-product_id=\"4190\" data-product_sku=\"\" aria-label=\"Read more about \u201cH\u1ec7 c\u1eeda \u0111i m\u1edf g\u1ea5p tr\u01b0\u1ee3t\u201d\" rel=\"nofollow\" data-success_message=\"\" data-no-translation=\"\" data-trp-gettext=\"\" data-no-translation-aria-label=\"\">Read more<\/a>\t<span id=\"woocommerce_loop_add_to_cart_link_describedby_4190\" class=\"screen-reader-text\">\n\t\t\t<\/span>\n<\/li>\n<li class=\"product type-product post-4170 status-publish instock product_cat-he-thong-cua-nhua-upvc has-post-thumbnail shipping-taxable product-type-simple\">\n\t<a href=\"https:\/\/sunspace.vn\/en\/product\/he-cua-di-mo-gap-truot-2\/\" class=\"woocommerce-LoopProduct-link woocommerce-loop-product__link\"><img decoding=\"async\" width=\"300\" height=\"300\" src=\"https:\/\/i0.wp.com\/sunspace.vn\/wp-content\/uploads\/2021\/06\/He-cua-di-mo-quay-3.jpg?resize=300%2C300&amp;ssl=1\" class=\"attachment-woocommerce_thumbnail size-woocommerce_thumbnail\" alt=\"\" srcset=\"https:\/\/i0.wp.com\/sunspace.vn\/wp-content\/uploads\/2021\/06\/He-cua-di-mo-quay-3.jpg?w=350&amp;ssl=1 350w, https:\/\/i0.wp.com\/sunspace.vn\/wp-content\/uploads\/2021\/06\/He-cua-di-mo-quay-3.jpg?w=150&amp;ssl=1 150w, https:\/\/i0.wp.com\/sunspace.vn\/wp-content\/uploads\/2021\/06\/He-cua-di-mo-quay-3.jpg?w=768&amp;ssl=1 768w, https:\/\/i0.wp.com\/sunspace.vn\/wp-content\/uploads\/2021\/06\/He-cua-di-mo-quay-3.jpg?w=12&amp;ssl=1 12w, https:\/\/i0.wp.com\/sunspace.vn\/wp-content\/uploads\/2021\/06\/He-cua-di-mo-quay-3.jpg?w=300&amp;ssl=1 300w, https:\/\/i0.wp.com\/sunspace.vn\/wp-content\/uploads\/2021\/06\/He-cua-di-mo-quay-3.jpg?w=600&amp;ssl=1 600w, https:\/\/i0.wp.com\/sunspace.vn\/wp-content\/uploads\/2021\/06\/He-cua-di-mo-quay-3.jpg?w=100&amp;ssl=1 100w, https:\/\/i0.wp.com\/sunspace.vn\/wp-content\/uploads\/2021\/06\/He-cua-di-mo-quay-3.jpg?w=75&amp;ssl=1 75w, https:\/\/i0.wp.com\/sunspace.vn\/wp-content\/uploads\/2021\/06\/He-cua-di-mo-quay-3.jpg?w=750&amp;ssl=1 750w, https:\/\/i0.wp.com\/sunspace.vn\/wp-content\/uploads\/2021\/06\/He-cua-di-mo-quay-3.jpg?w=900&amp;ssl=1 900w\" sizes=\"(max-width: 300px) 100vw, 300px\" \/><h2 class=\"woocommerce-loop-product__title\">The door system opens and turns<\/h2>\n<\/a><a href=\"https:\/\/sunspace.vn\/en\/product\/he-cua-di-mo-gap-truot-2\/\" aria-describedby=\"woocommerce_loop_add_to_cart_link_describedby_4170\" data-quantity=\"1\" class=\"button product_type_simple\" data-product_id=\"4170\" data-product_sku=\"\" aria-label=\"Read more about \u201cH\u1ec7 c\u1eeda \u0111i m\u1edf quay\u201d\" rel=\"nofollow\" data-success_message=\"\" data-no-translation=\"\" data-trp-gettext=\"\" data-no-translation-aria-label=\"\">Read more<\/a>\t<span id=\"woocommerce_loop_add_to_cart_link_describedby_4170\" class=\"screen-reader-text\">\n\t\t\t<\/span>\n<\/li>\n<li class=\"product type-product post-4326 status-publish instock product_cat-he-thong-cua-nhua-upvc has-post-thumbnail shipping-taxable product-type-simple\">\n\t<a href=\"https:\/\/sunspace.vn\/en\/product\/he-cua-di-mo-truot-2\/\" class=\"woocommerce-LoopProduct-link woocommerce-loop-product__link\"><img decoding=\"async\" width=\"300\" height=\"300\" src=\"https:\/\/i0.wp.com\/sunspace.vn\/wp-content\/uploads\/2021\/06\/He-cua-di-mo-truot-3.jpg?resize=300%2C300&amp;ssl=1\" class=\"attachment-woocommerce_thumbnail size-woocommerce_thumbnail\" alt=\"\" srcset=\"https:\/\/i0.wp.com\/sunspace.vn\/wp-content\/uploads\/2021\/06\/He-cua-di-mo-truot-3.jpg?w=350&amp;ssl=1 350w, https:\/\/i0.wp.com\/sunspace.vn\/wp-content\/uploads\/2021\/06\/He-cua-di-mo-truot-3.jpg?w=150&amp;ssl=1 150w, https:\/\/i0.wp.com\/sunspace.vn\/wp-content\/uploads\/2021\/06\/He-cua-di-mo-truot-3.jpg?w=768&amp;ssl=1 768w, https:\/\/i0.wp.com\/sunspace.vn\/wp-content\/uploads\/2021\/06\/He-cua-di-mo-truot-3.jpg?w=12&amp;ssl=1 12w, https:\/\/i0.wp.com\/sunspace.vn\/wp-content\/uploads\/2021\/06\/He-cua-di-mo-truot-3.jpg?w=300&amp;ssl=1 300w, https:\/\/i0.wp.com\/sunspace.vn\/wp-content\/uploads\/2021\/06\/He-cua-di-mo-truot-3.jpg?w=600&amp;ssl=1 600w, https:\/\/i0.wp.com\/sunspace.vn\/wp-content\/uploads\/2021\/06\/He-cua-di-mo-truot-3.jpg?w=100&amp;ssl=1 100w, https:\/\/i0.wp.com\/sunspace.vn\/wp-content\/uploads\/2021\/06\/He-cua-di-mo-truot-3.jpg?w=75&amp;ssl=1 75w, https:\/\/i0.wp.com\/sunspace.vn\/wp-content\/uploads\/2021\/06\/He-cua-di-mo-truot-3.jpg?w=750&amp;ssl=1 750w, https:\/\/i0.wp.com\/sunspace.vn\/wp-content\/uploads\/2021\/06\/He-cua-di-mo-truot-3.jpg?w=900&amp;ssl=1 900w\" sizes=\"(max-width: 300px) 100vw, 300px\" \/><h2 class=\"woocommerce-loop-product__title\">Sliding door system<\/h2>\n<\/a><a href=\"https:\/\/sunspace.vn\/en\/product\/he-cua-di-mo-truot-2\/\" aria-describedby=\"woocommerce_loop_add_to_cart_link_describedby_4326\" data-quantity=\"1\" class=\"button product_type_simple\" data-product_id=\"4326\" data-product_sku=\"\" aria-label=\"Read more about \u201cH\u1ec7 c\u1eeda \u0111i m\u1edf tr\u01b0\u1ee3t\u201d\" rel=\"nofollow\" data-success_message=\"\" data-no-translation=\"\" data-trp-gettext=\"\" data-no-translation-aria-label=\"\">Read more<\/a>\t<span id=\"woocommerce_loop_add_to_cart_link_describedby_4326\" class=\"screen-reader-text\">\n\t\t\t<\/span>\n<\/li>\n<li class=\"product type-product post-4330 status-publish last instock product_cat-he-thong-cua-nhua-upvc has-post-thumbnail shipping-taxable product-type-simple\">\n\t<a href=\"https:\/\/sunspace.vn\/en\/product\/he-cua-so-ket-hop-vach-kinh-2\/\" class=\"woocommerce-LoopProduct-link woocommerce-loop-product__link\"><img decoding=\"async\" width=\"300\" height=\"300\" src=\"https:\/\/i0.wp.com\/sunspace.vn\/wp-content\/uploads\/2021\/06\/He-cua-so-ket-hop-vach-kinh-1.jpg?resize=300%2C300&amp;ssl=1\" class=\"attachment-woocommerce_thumbnail size-woocommerce_thumbnail\" alt=\"\" srcset=\"https:\/\/i0.wp.com\/sunspace.vn\/wp-content\/uploads\/2021\/06\/He-cua-so-ket-hop-vach-kinh-1.jpg?w=350&amp;ssl=1 350w, https:\/\/i0.wp.com\/sunspace.vn\/wp-content\/uploads\/2021\/06\/He-cua-so-ket-hop-vach-kinh-1.jpg?w=150&amp;ssl=1 150w, https:\/\/i0.wp.com\/sunspace.vn\/wp-content\/uploads\/2021\/06\/He-cua-so-ket-hop-vach-kinh-1.jpg?w=768&amp;ssl=1 768w, https:\/\/i0.wp.com\/sunspace.vn\/wp-content\/uploads\/2021\/06\/He-cua-so-ket-hop-vach-kinh-1.jpg?w=12&amp;ssl=1 12w, https:\/\/i0.wp.com\/sunspace.vn\/wp-content\/uploads\/2021\/06\/He-cua-so-ket-hop-vach-kinh-1.jpg?w=300&amp;ssl=1 300w, https:\/\/i0.wp.com\/sunspace.vn\/wp-content\/uploads\/2021\/06\/He-cua-so-ket-hop-vach-kinh-1.jpg?w=600&amp;ssl=1 600w, https:\/\/i0.wp.com\/sunspace.vn\/wp-content\/uploads\/2021\/06\/He-cua-so-ket-hop-vach-kinh-1.jpg?w=100&amp;ssl=1 100w, https:\/\/i0.wp.com\/sunspace.vn\/wp-content\/uploads\/2021\/06\/He-cua-so-ket-hop-vach-kinh-1.jpg?w=75&amp;ssl=1 75w, https:\/\/i0.wp.com\/sunspace.vn\/wp-content\/uploads\/2021\/06\/He-cua-so-ket-hop-vach-kinh-1.jpg?w=750&amp;ssl=1 750w, https:\/\/i0.wp.com\/sunspace.vn\/wp-content\/uploads\/2021\/06\/He-cua-so-ket-hop-vach-kinh-1.jpg?w=900&amp;ssl=1 900w\" sizes=\"(max-width: 300px) 100vw, 300px\" \/><h2 class=\"woocommerce-loop-product__title\">Window system combined with glass wall<\/h2>\n<\/a><a href=\"https:\/\/sunspace.vn\/en\/product\/he-cua-so-ket-hop-vach-kinh-2\/\" aria-describedby=\"woocommerce_loop_add_to_cart_link_describedby_4330\" data-quantity=\"1\" class=\"button product_type_simple\" data-product_id=\"4330\" data-product_sku=\"\" aria-label=\"Read more about \u201cH\u1ec7 c\u1eeda s\u1ed5 k\u1ebft h\u1ee3p v\u00e1ch k\u00ednh\u201d\" rel=\"nofollow\" data-success_message=\"\" data-no-translation=\"\" data-trp-gettext=\"\" data-no-translation-aria-label=\"\">Read more<\/a>\t<span id=\"woocommerce_loop_add_to_cart_link_describedby_4330\" class=\"screen-reader-text\">\n\t\t\t<\/span>\n<\/li>\n<li class=\"product type-product post-4333 status-publish first instock product_cat-he-thong-cua-nhua-upvc has-post-thumbnail shipping-taxable product-type-simple\">\n\t<a href=\"https:\/\/sunspace.vn\/en\/product\/he-cua-so-mo-hat\/\" class=\"woocommerce-LoopProduct-link woocommerce-loop-product__link\"><img decoding=\"async\" width=\"300\" height=\"300\" src=\"https:\/\/i0.wp.com\/sunspace.vn\/wp-content\/uploads\/2021\/06\/He-cua-so-mo-hat-2.jpg?resize=300%2C300&amp;ssl=1\" class=\"attachment-woocommerce_thumbnail size-woocommerce_thumbnail\" alt=\"\" srcset=\"https:\/\/i0.wp.com\/sunspace.vn\/wp-content\/uploads\/2021\/06\/He-cua-so-mo-hat-2.jpg?w=350&amp;ssl=1 350w, https:\/\/i0.wp.com\/sunspace.vn\/wp-content\/uploads\/2021\/06\/He-cua-so-mo-hat-2.jpg?w=150&amp;ssl=1 150w, https:\/\/i0.wp.com\/sunspace.vn\/wp-content\/uploads\/2021\/06\/He-cua-so-mo-hat-2.jpg?w=768&amp;ssl=1 768w, https:\/\/i0.wp.com\/sunspace.vn\/wp-content\/uploads\/2021\/06\/He-cua-so-mo-hat-2.jpg?w=12&amp;ssl=1 12w, https:\/\/i0.wp.com\/sunspace.vn\/wp-content\/uploads\/2021\/06\/He-cua-so-mo-hat-2.jpg?w=300&amp;ssl=1 300w, https:\/\/i0.wp.com\/sunspace.vn\/wp-content\/uploads\/2021\/06\/He-cua-so-mo-hat-2.jpg?w=600&amp;ssl=1 600w, https:\/\/i0.wp.com\/sunspace.vn\/wp-content\/uploads\/2021\/06\/He-cua-so-mo-hat-2.jpg?w=100&amp;ssl=1 100w, https:\/\/i0.wp.com\/sunspace.vn\/wp-content\/uploads\/2021\/06\/He-cua-so-mo-hat-2.jpg?w=75&amp;ssl=1 75w, https:\/\/i0.wp.com\/sunspace.vn\/wp-content\/uploads\/2021\/06\/He-cua-so-mo-hat-2.jpg?w=750&amp;ssl=1 750w, https:\/\/i0.wp.com\/sunspace.vn\/wp-content\/uploads\/2021\/06\/He-cua-so-mo-hat-2.jpg?w=900&amp;ssl=1 900w\" sizes=\"(max-width: 300px) 100vw, 300px\" \/><h2 class=\"woocommerce-loop-product__title\">Open window system<\/h2>\n<\/a><a href=\"https:\/\/sunspace.vn\/en\/product\/he-cua-so-mo-hat\/\" aria-describedby=\"woocommerce_loop_add_to_cart_link_describedby_4333\" data-quantity=\"1\" class=\"button product_type_simple\" data-product_id=\"4333\" data-product_sku=\"\" aria-label=\"Read more about \u201cH\u1ec7 c\u1eeda s\u1ed5 m\u1edf h\u1ea5t\u201d\" rel=\"nofollow\" data-success_message=\"\" data-no-translation=\"\" data-trp-gettext=\"\" data-no-translation-aria-label=\"\">Read more<\/a>\t<span id=\"woocommerce_loop_add_to_cart_link_describedby_4333\" class=\"screen-reader-text\">\n\t\t\t<\/span>\n<\/li>\n<li class=\"product type-product post-4339 status-publish instock product_cat-he-thong-cua-nhua-upvc has-post-thumbnail shipping-taxable product-type-simple\">\n\t<a href=\"https:\/\/sunspace.vn\/en\/product\/he-cua-so-mo-quay-2\/\" class=\"woocommerce-LoopProduct-link woocommerce-loop-product__link\"><img decoding=\"async\" width=\"300\" height=\"300\" src=\"https:\/\/i0.wp.com\/sunspace.vn\/wp-content\/uploads\/2021\/06\/He-cua-so-mo-quay-2.jpg?resize=300%2C300&amp;ssl=1\" class=\"attachment-woocommerce_thumbnail size-woocommerce_thumbnail\" alt=\"\" srcset=\"https:\/\/i0.wp.com\/sunspace.vn\/wp-content\/uploads\/2021\/06\/He-cua-so-mo-quay-2.jpg?w=350&amp;ssl=1 350w, https:\/\/i0.wp.com\/sunspace.vn\/wp-content\/uploads\/2021\/06\/He-cua-so-mo-quay-2.jpg?w=150&amp;ssl=1 150w, https:\/\/i0.wp.com\/sunspace.vn\/wp-content\/uploads\/2021\/06\/He-cua-so-mo-quay-2.jpg?w=768&amp;ssl=1 768w, https:\/\/i0.wp.com\/sunspace.vn\/wp-content\/uploads\/2021\/06\/He-cua-so-mo-quay-2.jpg?w=12&amp;ssl=1 12w, https:\/\/i0.wp.com\/sunspace.vn\/wp-content\/uploads\/2021\/06\/He-cua-so-mo-quay-2.jpg?w=300&amp;ssl=1 300w, https:\/\/i0.wp.com\/sunspace.vn\/wp-content\/uploads\/2021\/06\/He-cua-so-mo-quay-2.jpg?w=600&amp;ssl=1 600w, https:\/\/i0.wp.com\/sunspace.vn\/wp-content\/uploads\/2021\/06\/He-cua-so-mo-quay-2.jpg?w=100&amp;ssl=1 100w, https:\/\/i0.wp.com\/sunspace.vn\/wp-content\/uploads\/2021\/06\/He-cua-so-mo-quay-2.jpg?w=75&amp;ssl=1 75w, https:\/\/i0.wp.com\/sunspace.vn\/wp-content\/uploads\/2021\/06\/He-cua-so-mo-quay-2.jpg?w=750&amp;ssl=1 750w, https:\/\/i0.wp.com\/sunspace.vn\/wp-content\/uploads\/2021\/06\/He-cua-so-mo-quay-2.jpg?w=900&amp;ssl=1 900w\" sizes=\"(max-width: 300px) 100vw, 300px\" \/><h2 class=\"woocommerce-loop-product__title\">Revolving window system<\/h2>\n<\/a><a href=\"https:\/\/sunspace.vn\/en\/product\/he-cua-so-mo-quay-2\/\" aria-describedby=\"woocommerce_loop_add_to_cart_link_describedby_4339\" data-quantity=\"1\" class=\"button product_type_simple\" data-product_id=\"4339\" data-product_sku=\"\" aria-label=\"Read more about \u201cH\u1ec7 c\u1eeda s\u1ed5 m\u1edf quay\u201d\" rel=\"nofollow\" data-success_message=\"\" data-no-translation=\"\" data-trp-gettext=\"\" data-no-translation-aria-label=\"\">Read more<\/a>\t<span id=\"woocommerce_loop_add_to_cart_link_describedby_4339\" class=\"screen-reader-text\">\n\t\t\t<\/span>\n<\/li>\n<li class=\"product type-product post-4340 status-publish instock product_cat-he-thong-cua-nhua-upvc has-post-thumbnail shipping-taxable product-type-simple\">\n\t<a href=\"https:\/\/sunspace.vn\/en\/product\/he-cua-so-mo-truot-2\/\" class=\"woocommerce-LoopProduct-link woocommerce-loop-product__link\"><img decoding=\"async\" width=\"300\" height=\"300\" src=\"https:\/\/i0.wp.com\/sunspace.vn\/wp-content\/uploads\/2021\/06\/He-cua-so-mo-truot-3.jpg?resize=300%2C300&amp;ssl=1\" class=\"attachment-woocommerce_thumbnail size-woocommerce_thumbnail\" alt=\"\" srcset=\"https:\/\/i0.wp.com\/sunspace.vn\/wp-content\/uploads\/2021\/06\/He-cua-so-mo-truot-3.jpg?w=350&amp;ssl=1 350w, https:\/\/i0.wp.com\/sunspace.vn\/wp-content\/uploads\/2021\/06\/He-cua-so-mo-truot-3.jpg?w=150&amp;ssl=1 150w, https:\/\/i0.wp.com\/sunspace.vn\/wp-content\/uploads\/2021\/06\/He-cua-so-mo-truot-3.jpg?w=768&amp;ssl=1 768w, https:\/\/i0.wp.com\/sunspace.vn\/wp-content\/uploads\/2021\/06\/He-cua-so-mo-truot-3.jpg?w=12&amp;ssl=1 12w, https:\/\/i0.wp.com\/sunspace.vn\/wp-content\/uploads\/2021\/06\/He-cua-so-mo-truot-3.jpg?w=300&amp;ssl=1 300w, https:\/\/i0.wp.com\/sunspace.vn\/wp-content\/uploads\/2021\/06\/He-cua-so-mo-truot-3.jpg?w=600&amp;ssl=1 600w, https:\/\/i0.wp.com\/sunspace.vn\/wp-content\/uploads\/2021\/06\/He-cua-so-mo-truot-3.jpg?w=100&amp;ssl=1 100w, https:\/\/i0.wp.com\/sunspace.vn\/wp-content\/uploads\/2021\/06\/He-cua-so-mo-truot-3.jpg?w=75&amp;ssl=1 75w, https:\/\/i0.wp.com\/sunspace.vn\/wp-content\/uploads\/2021\/06\/He-cua-so-mo-truot-3.jpg?w=750&amp;ssl=1 750w, https:\/\/i0.wp.com\/sunspace.vn\/wp-content\/uploads\/2021\/06\/He-cua-so-mo-truot-3.jpg?w=900&amp;ssl=1 900w\" sizes=\"(max-width: 300px) 100vw, 300px\" \/><h2 class=\"woocommerce-loop-product__title\">Sliding window system<\/h2>\n<\/a><a href=\"https:\/\/sunspace.vn\/en\/product\/he-cua-so-mo-truot-2\/\" aria-describedby=\"woocommerce_loop_add_to_cart_link_describedby_4340\" data-quantity=\"1\" class=\"button product_type_simple\" data-product_id=\"4340\" data-product_sku=\"\" aria-label=\"Read more about \u201cH\u1ec7 c\u1eeda s\u1ed5 m\u1edf tr\u01b0\u1ee3t\u201d\" rel=\"nofollow\" data-success_message=\"\" data-no-translation=\"\" data-trp-gettext=\"\" data-no-translation-aria-label=\"\">Read more<\/a>\t<span id=\"woocommerce_loop_add_to_cart_link_describedby_4340\" class=\"screen-reader-text\">\n\t\t\t<\/span>\n<\/li>\n<\/ul>\n<\/div><\/div><\/div><\/div><\/div>","protected":false},"excerpt":{"rendered":"H\u1ec6 TH\u1ed0NG C\u1eecA NH\u1ef0A uPVC C\u1eeda nh\u1ef1a uPVC l\u00e0 d\u00f2ng c\u1eeda c\u00f3 c\u1ea5u t\u1ea1o t\u1eeb thanh profile nh\u1ef1a uPVC b\u00ean trong \u0111\u01b0\u1ee3c thi\u1ebft k\u1ebf k\u1ebft c\u1ea5u l\u1eafp g\u1eafp th\u00eam c\u00e1c thanh l\u00f5i th\u00e9p gia c\u01b0\u1eddng \u0111\u1ec3 t\u0103ng kh\u1ea3 n\u0103ng ch\u1ecbu l\u1ef1c k\u1ebft h\u1ee3p v\u1edbi h\u1ed9p k\u00ednh ho\u1eb7c c\u00e1c lo\u1ea1i k\u00ednh c\u00f9ng c\u00e1c ph\u1ee5 ki\u1ec7n kim [...]","protected":false},"author":1,"featured_media":0,"parent":2512,"menu_order":0,"comment_status":"closed","ping_status":"closed","template":"","meta":{"footnotes":""},"class_list":["post-4134","page","type-page","status-publish","hentry"],"jetpack_sharing_enabled":true,"_links":{"self":[{"href":"https:\/\/sunspace.vn\/en\/wp-json\/wp\/v2\/pages\/4134","targetHints":{"allow":["GET"]}}],"collection":[{"href":"https:\/\/sunspace.vn\/en\/wp-json\/wp\/v2\/pages"}],"about":[{"href":"https:\/\/sunspace.vn\/en\/wp-json\/wp\/v2\/types\/page"}],"author":[{"embeddable":true,"href":"https:\/\/sunspace.vn\/en\/wp-json\/wp\/v2\/users\/1"}],"replies":[{"embeddable":true,"href":"https:\/\/sunspace.vn\/en\/wp-json\/wp\/v2\/comments?post=4134"}],"version-history":[{"count":0,"href":"https:\/\/sunspace.vn\/en\/wp-json\/wp\/v2\/pages\/4134\/revisions"}],"up":[{"embeddable":true,"href":"https:\/\/sunspace.vn\/en\/wp-json\/wp\/v2\/pages\/2512"}],"wp:attachment":[{"href":"https:\/\/sunspace.vn\/en\/wp-json\/wp\/v2\/media?parent=4134"}],"curies":[{"name":"wp","href":"https:\/\/api.w.org\/{rel}","templated":true}]}}