{"id":4026,"date":"2021-06-04T03:49:10","date_gmt":"2021-06-03T20:49:10","guid":{"rendered":"https:\/\/sunspace.duahaudo.net\/?page_id=4026"},"modified":"2021-07-30T01:48:08","modified_gmt":"2021-07-29T18:48:08","slug":"he-thong-vach-kinh-mat-dung","status":"publish","type":"page","link":"https:\/\/sunspace.vn\/en\/san-pham-sunspace\/he-thong-vach-kinh-mat-dung\/","title":{"rendered":"ALUMINUM FA\u00c7ADE"},"content":{"rendered":"<div class=\"row vc_row wpb_row vc_row-fluid\"><div class=\"jeg-vc-wrapper\"><div class=\"wpb_column jeg_column vc_column_container vc_col-sm-12 jeg_main_content\"><div class=\"jeg_wrapper wpb_wrapper\"><div  class=\"jeg_block_heading jeg_block_heading_1 jeg_alignleft jnews_module__0_69e0c602d8048\">\n                <h3 class=\"jeg_block_title\"><span>ALUMINUM FA\u00c7ADE<\/span><\/h3>\n                \n            <\/div>\n\t<div class=\"wpb_text_column wpb_content_element\" >\n\t\t<div class=\"wpb_wrapper\">\n\t\t\t<p style=\"text-align: center;\">The fa\u00e7ade glass wall is a large-format glass wall system, usually a combination of a high-grade aluminum frame system and the use of safety or reflective laminated glass for sunlight space.<\/p>\n\n\t\t<\/div>\n\t<\/div>\n<div class=\"vc_separator wpb_content_element vc_separator_align_center vc_sep_width_100 vc_sep_border_width_3 vc_sep_pos_align_center vc_separator_no_text vc_sep_color_grey\" ><span class=\"vc_sep_holder vc_sep_holder_l\"><span  class=\"vc_sep_line\"><\/span><\/span><span class=\"vc_sep_holder vc_sep_holder_r\"><span  class=\"vc_sep_line\"><\/span><\/span>\n<\/div><\/div><\/div><\/div><\/div><div class=\"row vc_row wpb_row vc_row-fluid\"><div class=\"jeg-vc-wrapper\"><div class=\"wpb_column jeg_column vc_column_container vc_col-sm-12 jeg_main_content\"><div class=\"jeg_wrapper wpb_wrapper\"><div class=\"woocommerce columns-4\"><ul class=\"products columns-4\">\n<li class=\"product type-product post-4121 status-publish first instock product_cat-he-thong-mat-dung-vach-kinh product_tag-vach-kinh-mat-dung-he-stick has-post-thumbnail shipping-taxable product-type-simple\">\n\t<a href=\"https:\/\/sunspace.vn\/en\/product\/vach-kinh-mat-dung-he-stick\/\" class=\"woocommerce-LoopProduct-link woocommerce-loop-product__link\"><img decoding=\"async\" width=\"300\" height=\"300\" src=\"https:\/\/i0.wp.com\/sunspace.vn\/wp-content\/uploads\/2021\/06\/Vach-kinh-mat-dung-he-Stick-1.jpg?resize=300%2C300&amp;ssl=1\" class=\"attachment-woocommerce_thumbnail size-woocommerce_thumbnail\" alt=\"\" srcset=\"https:\/\/i0.wp.com\/sunspace.vn\/wp-content\/uploads\/2021\/06\/Vach-kinh-mat-dung-he-Stick-1.jpg?w=350&amp;ssl=1 350w, https:\/\/i0.wp.com\/sunspace.vn\/wp-content\/uploads\/2021\/06\/Vach-kinh-mat-dung-he-Stick-1.jpg?w=150&amp;ssl=1 150w, https:\/\/i0.wp.com\/sunspace.vn\/wp-content\/uploads\/2021\/06\/Vach-kinh-mat-dung-he-Stick-1.jpg?w=768&amp;ssl=1 768w, https:\/\/i0.wp.com\/sunspace.vn\/wp-content\/uploads\/2021\/06\/Vach-kinh-mat-dung-he-Stick-1.jpg?w=12&amp;ssl=1 12w, https:\/\/i0.wp.com\/sunspace.vn\/wp-content\/uploads\/2021\/06\/Vach-kinh-mat-dung-he-Stick-1.jpg?w=300&amp;ssl=1 300w, https:\/\/i0.wp.com\/sunspace.vn\/wp-content\/uploads\/2021\/06\/Vach-kinh-mat-dung-he-Stick-1.jpg?w=600&amp;ssl=1 600w, https:\/\/i0.wp.com\/sunspace.vn\/wp-content\/uploads\/2021\/06\/Vach-kinh-mat-dung-he-Stick-1.jpg?w=100&amp;ssl=1 100w, https:\/\/i0.wp.com\/sunspace.vn\/wp-content\/uploads\/2021\/06\/Vach-kinh-mat-dung-he-Stick-1.jpg?w=75&amp;ssl=1 75w, https:\/\/i0.wp.com\/sunspace.vn\/wp-content\/uploads\/2021\/06\/Vach-kinh-mat-dung-he-Stick-1.jpg?w=750&amp;ssl=1 750w, https:\/\/i0.wp.com\/sunspace.vn\/wp-content\/uploads\/2021\/06\/Vach-kinh-mat-dung-he-Stick-1.jpg?w=900&amp;ssl=1 900w\" sizes=\"(max-width: 300px) 100vw, 300px\" \/><h2 class=\"woocommerce-loop-product__title\">STICK FACADES<\/h2>\n<\/a><a href=\"https:\/\/sunspace.vn\/en\/product\/vach-kinh-mat-dung-he-stick\/\" aria-describedby=\"woocommerce_loop_add_to_cart_link_describedby_4121\" data-quantity=\"1\" class=\"button product_type_simple\" data-product_id=\"4121\" data-product_sku=\"\" aria-label=\"Read more about \u201cV\u00e1ch k\u00ednh - m\u1eb7t d\u1ef1ng h\u1ec7 Stick\u201d\" rel=\"nofollow\" data-success_message=\"\" data-no-translation=\"\" data-trp-gettext=\"\" data-no-translation-aria-label=\"\">Read more<\/a>\t<span id=\"woocommerce_loop_add_to_cart_link_describedby_4121\" class=\"screen-reader-text\">\n\t\t\t<\/span>\n<\/li>\n<li class=\"product type-product post-4119 status-publish instock product_cat-he-thong-mat-dung-vach-kinh product_tag-vach-kinh-mat-dung-he-semi has-post-thumbnail shipping-taxable product-type-simple\">\n\t<a href=\"https:\/\/sunspace.vn\/en\/product\/vach-kinh-mat-dung-he-semi\/\" class=\"woocommerce-LoopProduct-link woocommerce-loop-product__link\"><img decoding=\"async\" width=\"300\" height=\"300\" src=\"https:\/\/i0.wp.com\/sunspace.vn\/wp-content\/uploads\/2021\/06\/Vach-kinh-mat-dung-he-SemI.jpg?resize=300%2C300&amp;ssl=1\" class=\"attachment-woocommerce_thumbnail size-woocommerce_thumbnail\" alt=\"\" srcset=\"https:\/\/i0.wp.com\/sunspace.vn\/wp-content\/uploads\/2021\/06\/Vach-kinh-mat-dung-he-SemI.jpg?w=350&amp;ssl=1 350w, https:\/\/i0.wp.com\/sunspace.vn\/wp-content\/uploads\/2021\/06\/Vach-kinh-mat-dung-he-SemI.jpg?w=150&amp;ssl=1 150w, https:\/\/i0.wp.com\/sunspace.vn\/wp-content\/uploads\/2021\/06\/Vach-kinh-mat-dung-he-SemI.jpg?w=768&amp;ssl=1 768w, https:\/\/i0.wp.com\/sunspace.vn\/wp-content\/uploads\/2021\/06\/Vach-kinh-mat-dung-he-SemI.jpg?w=12&amp;ssl=1 12w, https:\/\/i0.wp.com\/sunspace.vn\/wp-content\/uploads\/2021\/06\/Vach-kinh-mat-dung-he-SemI.jpg?w=300&amp;ssl=1 300w, https:\/\/i0.wp.com\/sunspace.vn\/wp-content\/uploads\/2021\/06\/Vach-kinh-mat-dung-he-SemI.jpg?w=600&amp;ssl=1 600w, https:\/\/i0.wp.com\/sunspace.vn\/wp-content\/uploads\/2021\/06\/Vach-kinh-mat-dung-he-SemI.jpg?w=100&amp;ssl=1 100w, https:\/\/i0.wp.com\/sunspace.vn\/wp-content\/uploads\/2021\/06\/Vach-kinh-mat-dung-he-SemI.jpg?w=75&amp;ssl=1 75w, https:\/\/i0.wp.com\/sunspace.vn\/wp-content\/uploads\/2021\/06\/Vach-kinh-mat-dung-he-SemI.jpg?w=750&amp;ssl=1 750w, https:\/\/i0.wp.com\/sunspace.vn\/wp-content\/uploads\/2021\/06\/Vach-kinh-mat-dung-he-SemI.jpg?w=900&amp;ssl=1 900w\" sizes=\"(max-width: 300px) 100vw, 300px\" \/><h2 class=\"woocommerce-loop-product__title\">SEMI-UNITIZED FACADES<\/h2>\n<\/a><a href=\"https:\/\/sunspace.vn\/en\/product\/vach-kinh-mat-dung-he-semi\/\" aria-describedby=\"woocommerce_loop_add_to_cart_link_describedby_4119\" data-quantity=\"1\" class=\"button product_type_simple\" data-product_id=\"4119\" data-product_sku=\"\" aria-label=\"Read more about \u201cV\u00e1ch k\u00ednh \u2013 m\u1eb7t d\u1ef1ng h\u1ec7 Semi\u201d\" rel=\"nofollow\" data-success_message=\"\" data-no-translation=\"\" data-trp-gettext=\"\" data-no-translation-aria-label=\"\">Read more<\/a>\t<span id=\"woocommerce_loop_add_to_cart_link_describedby_4119\" class=\"screen-reader-text\">\n\t\t\t<\/span>\n<\/li>\n<li class=\"product type-product post-4123 status-publish instock product_cat-he-thong-mat-dung-vach-kinh product_tag-vach-kinh-mat-dung-he-unitized has-post-thumbnail shipping-taxable product-type-simple\">\n\t<a href=\"https:\/\/sunspace.vn\/en\/product\/vach-kinh-mat-dung-he-unitized\/\" class=\"woocommerce-LoopProduct-link woocommerce-loop-product__link\"><img decoding=\"async\" width=\"300\" height=\"300\" src=\"https:\/\/i0.wp.com\/sunspace.vn\/wp-content\/uploads\/2021\/06\/Vach-kinh-mat-dung-he-Unitized.jpg?resize=300%2C300&amp;ssl=1\" class=\"attachment-woocommerce_thumbnail size-woocommerce_thumbnail\" alt=\"\" srcset=\"https:\/\/i0.wp.com\/sunspace.vn\/wp-content\/uploads\/2021\/06\/Vach-kinh-mat-dung-he-Unitized.jpg?w=350&amp;ssl=1 350w, https:\/\/i0.wp.com\/sunspace.vn\/wp-content\/uploads\/2021\/06\/Vach-kinh-mat-dung-he-Unitized.jpg?w=150&amp;ssl=1 150w, https:\/\/i0.wp.com\/sunspace.vn\/wp-content\/uploads\/2021\/06\/Vach-kinh-mat-dung-he-Unitized.jpg?w=768&amp;ssl=1 768w, https:\/\/i0.wp.com\/sunspace.vn\/wp-content\/uploads\/2021\/06\/Vach-kinh-mat-dung-he-Unitized.jpg?w=12&amp;ssl=1 12w, https:\/\/i0.wp.com\/sunspace.vn\/wp-content\/uploads\/2021\/06\/Vach-kinh-mat-dung-he-Unitized.jpg?w=300&amp;ssl=1 300w, https:\/\/i0.wp.com\/sunspace.vn\/wp-content\/uploads\/2021\/06\/Vach-kinh-mat-dung-he-Unitized.jpg?w=600&amp;ssl=1 600w, https:\/\/i0.wp.com\/sunspace.vn\/wp-content\/uploads\/2021\/06\/Vach-kinh-mat-dung-he-Unitized.jpg?w=100&amp;ssl=1 100w, https:\/\/i0.wp.com\/sunspace.vn\/wp-content\/uploads\/2021\/06\/Vach-kinh-mat-dung-he-Unitized.jpg?w=75&amp;ssl=1 75w, https:\/\/i0.wp.com\/sunspace.vn\/wp-content\/uploads\/2021\/06\/Vach-kinh-mat-dung-he-Unitized.jpg?w=750&amp;ssl=1 750w, https:\/\/i0.wp.com\/sunspace.vn\/wp-content\/uploads\/2021\/06\/Vach-kinh-mat-dung-he-Unitized.jpg?w=900&amp;ssl=1 900w\" sizes=\"(max-width: 300px) 100vw, 300px\" \/><h2 class=\"woocommerce-loop-product__title\">UNITIZED FACADES<\/h2>\n<\/a><a href=\"https:\/\/sunspace.vn\/en\/product\/vach-kinh-mat-dung-he-unitized\/\" aria-describedby=\"woocommerce_loop_add_to_cart_link_describedby_4123\" data-quantity=\"1\" class=\"button product_type_simple\" data-product_id=\"4123\" data-product_sku=\"\" aria-label=\"Read more about \u201cV\u00e1ch k\u00ednh \u2013 m\u1eb7t d\u1ef1ng h\u1ec7 Unitized\u201d\" rel=\"nofollow\" data-success_message=\"\" data-no-translation=\"\" data-trp-gettext=\"\" data-no-translation-aria-label=\"\">Read more<\/a>\t<span id=\"woocommerce_loop_add_to_cart_link_describedby_4123\" class=\"screen-reader-text\">\n\t\t\t<\/span>\n<\/li>\n<\/ul>\n<\/div><\/div><\/div><\/div><\/div>","protected":false},"excerpt":{"rendered":"H\u1ec6 TH\u1ed0NG V\u00c1CH K\u00cdCH - M\u1eb6T D\u1ef0NG V\u00e1ch k\u00ednh m\u1eb7t d\u1ef1ng l\u00e0 h\u1ec7 th\u1ed1ng t\u01b0\u1eddng k\u00ednh kh\u1ed5 l\u1edbn, th\u01b0\u1eddng \u0111\u01b0\u1ee3c k\u1ebft h\u1ee3p gi\u1eefa h\u1ec7 khung nh\u00f4m cao c\u1ea5p v\u00e0 s\u1eed d\u1ee5ng k\u00ednh d\u00e1n an to\u00e0n ho\u1eb7c ph\u1ea3n quang cho kh\u00f4ng gian \u00e1nh s\u00e1ng m\u1eb7t tr\u1eddi. V\u00e1ch k\u00ednh &#8211; m\u1eb7t d\u1ef1ng h\u1ec7 Stick Read more [...]","protected":false},"author":1,"featured_media":0,"parent":2512,"menu_order":0,"comment_status":"closed","ping_status":"closed","template":"","meta":{"footnotes":""},"class_list":["post-4026","page","type-page","status-publish","hentry"],"jetpack_sharing_enabled":true,"_links":{"self":[{"href":"https:\/\/sunspace.vn\/en\/wp-json\/wp\/v2\/pages\/4026","targetHints":{"allow":["GET"]}}],"collection":[{"href":"https:\/\/sunspace.vn\/en\/wp-json\/wp\/v2\/pages"}],"about":[{"href":"https:\/\/sunspace.vn\/en\/wp-json\/wp\/v2\/types\/page"}],"author":[{"embeddable":true,"href":"https:\/\/sunspace.vn\/en\/wp-json\/wp\/v2\/users\/1"}],"replies":[{"embeddable":true,"href":"https:\/\/sunspace.vn\/en\/wp-json\/wp\/v2\/comments?post=4026"}],"version-history":[{"count":0,"href":"https:\/\/sunspace.vn\/en\/wp-json\/wp\/v2\/pages\/4026\/revisions"}],"up":[{"embeddable":true,"href":"https:\/\/sunspace.vn\/en\/wp-json\/wp\/v2\/pages\/2512"}],"wp:attachment":[{"href":"https:\/\/sunspace.vn\/en\/wp-json\/wp\/v2\/media?parent=4026"}],"curies":[{"name":"wp","href":"https:\/\/api.w.org\/{rel}","templated":true}]}}