{"id":3620,"date":"2021-05-27T14:10:38","date_gmt":"2021-05-27T07:10:38","guid":{"rendered":"https:\/\/sunspace.duahaudo.net\/?page_id=3620"},"modified":"2023-12-22T16:05:37","modified_gmt":"2023-12-22T09:05:37","slug":"video","status":"publish","type":"page","link":"https:\/\/sunspace.vn\/en\/video\/","title":{"rendered":"VIDEO"},"content":{"rendered":"<div class=\"row vc_row wpb_row vc_row-fluid\"><div class=\"jeg-vc-wrapper\"><div class=\"wpb_column jeg_column vc_column_container vc_col-sm-1\/5 jeg_main_content\"><div class=\"jeg_wrapper wpb_wrapper\">\n\t<div class=\"wpb_video_widget wpb_content_element vc_clearfix   vc_video-aspect-ratio-169 vc_video-el-width-100 vc_video-align-center\" >\n\t\t<div class=\"wpb_wrapper\">\n\t\t\t\n\t\t\t<div class=\"wpb_video_wrapper\"><div class=\"jeg_video_container jeg_video_content\"><iframe title=\"SUNSPACE 10 N\u0102M KH\u1edeI NGHI\u1ec6P &amp; PH\u00c1T TRI\u1ec2N\" width=\"500\" height=\"281\" src=\"https:\/\/www.youtube.com\/embed\/y5xBFTngOJk?feature=oembed\" frameborder=\"0\" allow=\"accelerometer; autoplay; clipboard-write; encrypted-media; gyroscope; picture-in-picture; web-share\" referrerpolicy=\"strict-origin-when-cross-origin\" allowfullscreen><\/iframe><\/div><\/div>\n\t\t<\/div>\n\t<\/div>\n<\/div><\/div><div class=\"wpb_column jeg_column vc_column_container vc_col-sm-1\/5 jeg_main_content\"><div class=\"jeg_wrapper wpb_wrapper\">\n\t<div class=\"wpb_video_widget wpb_content_element vc_clearfix   vc_video-aspect-ratio-169 vc_video-el-width-100 vc_video-align-center\" >\n\t\t<div class=\"wpb_wrapper\">\n\t\t\t\n\t\t\t<div class=\"wpb_video_wrapper\"><div class=\"jeg_video_container jeg_video_content\"><iframe title=\"GI\u1edaI THI\u1ec6U C\u00d4NG TY C\u1ed4 PH\u1ea6N C\u1eecA SUNSPACE\" width=\"500\" height=\"281\" src=\"https:\/\/www.youtube.com\/embed\/FWw33OJl48k?start=19&feature=oembed\" frameborder=\"0\" allow=\"accelerometer; autoplay; clipboard-write; encrypted-media; gyroscope; picture-in-picture; web-share\" referrerpolicy=\"strict-origin-when-cross-origin\" allowfullscreen><\/iframe><\/div><\/div>\n\t\t<\/div>\n\t<\/div>\n<\/div><\/div><div class=\"wpb_column jeg_column vc_column_container vc_col-sm-1\/5 jeg_main_content\"><div class=\"jeg_wrapper wpb_wrapper\">\n\t<div class=\"wpb_video_widget wpb_content_element vc_clearfix   vc_video-aspect-ratio-169 vc_video-el-width-100 vc_video-align-center\" >\n\t\t<div class=\"wpb_wrapper\">\n\t\t\t\n\t\t\t<div class=\"wpb_video_wrapper\"><div class=\"jeg_video_container jeg_video_content\"><iframe title=\"THI C\u00d4NG KH\u00c9P N\u00d3C T\u1ea6NG M\u00c1I V\u00c1CH K\u00cdNH H\u1ec6 UNITIZED  - T\u00d2A TH\u00c1P VOV M\u1ec4 TR\u00cc, H\u00c0 N\u1ed8I\" width=\"500\" height=\"281\" src=\"https:\/\/www.youtube.com\/embed\/Z1-onjys3dA?start=9&feature=oembed\" frameborder=\"0\" allow=\"accelerometer; autoplay; clipboard-write; encrypted-media; gyroscope; picture-in-picture; web-share\" referrerpolicy=\"strict-origin-when-cross-origin\" allowfullscreen><\/iframe><\/div><\/div>\n\t\t<\/div>\n\t<\/div>\n<\/div><\/div><div class=\"wpb_column jeg_column vc_column_container vc_col-sm-1\/5 jeg_main_content\"><div class=\"jeg_wrapper wpb_wrapper\">\n\t<div class=\"wpb_video_widget wpb_content_element vc_clearfix   vc_video-aspect-ratio-169 vc_video-el-width-100 vc_video-align-left\" >\n\t\t<div class=\"wpb_wrapper\">\n\t\t\t\n\t\t\t<div class=\"wpb_video_wrapper\"><div class=\"jeg_video_container jeg_video_content\"><iframe title=\"SUNSPACE   10 N\u0102M KH\u1edeI NGHI\u1ec6P &amp; PH\u00c1T TRI\u1ec2N\" width=\"500\" height=\"281\" src=\"https:\/\/www.youtube.com\/embed\/wuXe4Ru9lsA?start=23&feature=oembed\" frameborder=\"0\" allow=\"accelerometer; autoplay; clipboard-write; encrypted-media; gyroscope; picture-in-picture; web-share\" referrerpolicy=\"strict-origin-when-cross-origin\" allowfullscreen><\/iframe><\/div><\/div>\n\t\t<\/div>\n\t<\/div>\n<\/div><\/div><div class=\"wpb_column jeg_column vc_column_container vc_col-sm-1\/5 jeg_main_content\"><div class=\"jeg_wrapper wpb_wrapper\"><\/div><\/div><\/div><\/div>","protected":false},"excerpt":{"rendered":"","protected":false},"author":1,"featured_media":0,"parent":0,"menu_order":0,"comment_status":"closed","ping_status":"closed","template":"","meta":{"footnotes":""},"class_list":["post-3620","page","type-page","status-publish","hentry"],"jetpack_sharing_enabled":true,"_links":{"self":[{"href":"https:\/\/sunspace.vn\/en\/wp-json\/wp\/v2\/pages\/3620","targetHints":{"allow":["GET"]}}],"collection":[{"href":"https:\/\/sunspace.vn\/en\/wp-json\/wp\/v2\/pages"}],"about":[{"href":"https:\/\/sunspace.vn\/en\/wp-json\/wp\/v2\/types\/page"}],"author":[{"embeddable":true,"href":"https:\/\/sunspace.vn\/en\/wp-json\/wp\/v2\/users\/1"}],"replies":[{"embeddable":true,"href":"https:\/\/sunspace.vn\/en\/wp-json\/wp\/v2\/comments?post=3620"}],"version-history":[{"count":7,"href":"https:\/\/sunspace.vn\/en\/wp-json\/wp\/v2\/pages\/3620\/revisions"}],"predecessor-version":[{"id":7998,"href":"https:\/\/sunspace.vn\/en\/wp-json\/wp\/v2\/pages\/3620\/revisions\/7998"}],"wp:attachment":[{"href":"https:\/\/sunspace.vn\/en\/wp-json\/wp\/v2\/media?parent=3620"}],"curies":[{"name":"wp","href":"https:\/\/api.w.org\/{rel}","templated":true}]}}