{"id":348,"date":"2020-04-03T04:18:51","date_gmt":"2020-04-02T21:18:51","guid":{"rendered":"https:\/\/pocogroup.com\/?page_id=348"},"modified":"2026-01-13T16:00:23","modified_gmt":"2026-01-13T09:00:23","slug":"gioi-thieu","status":"publish","type":"page","link":"https:\/\/sunspace.vn\/en\/gioi-thieu\/","title":{"rendered":"Introduction"},"content":{"rendered":"<div class=\"row vc_row wpb_row vc_row-fluid\"><div class=\"jeg-vc-wrapper\"><div class=\"wpb_column jeg_column vc_column_container vc_col-sm-12 jeg_main_content\"><div class=\"jeg_wrapper wpb_wrapper\"><div class=\"row vc_row wpb_row vc_inner vc_row-fluid\"><div class=\"wpb_column vc_column_container vc_col-sm-8\"><div class=\"jeg_wrapper\"><div class=\"wpb_wrapper\"><\/div><\/div><\/div><div class=\"wpb_column vc_column_container vc_col-sm-4\"><div class=\"jeg_wrapper\"><div class=\"wpb_wrapper\"><\/div><\/div><\/div><\/div><div class=\"row vc_row wpb_row vc_inner vc_row-fluid\"><div class=\"wpb_column vc_column_container vc_col-sm-12\"><div class=\"jeg_wrapper\"><div class=\"wpb_wrapper\">\n\t<div class=\"wpb_text_column wpb_content_element\" >\n\t\t<div class=\"wpb_wrapper\">\n\t\t\t<h2 style=\"text-align: center;\"><span style=\"color: #000080;\"><strong>SUNSPACE - SPACE SEEMS FULL OF SUNSHINE<\/strong><\/span><\/h2>\n<p style=\"text-align: left;\">A healthy and environmentally friendly living space is people's desire in this fast - moving society<\/p>\n<p style=\"text-align: left;\">As a member of Austdoor Group, SUNSPACE - specializing in providing total solutions and complete construction of aluminum doors, glass walls and exterior covering products for many high-end projects, is the choice. of architects, investors, construction contractors...<\/p>\n<p style=\"text-align: left;\"><em>\u201cSUNSPACE always make an effort to bring customers so many products that are imprinted with our hearts and minds.\u201d<\/em><\/p>\n<p style=\"text-align: right;\"><strong>Mr. Nguyen Viet Lich<\/strong> - Chairman\/CEO<br \/>\nSUNSPACE Window Joint Stock Company\u200b<\/p>\n\n\t\t<\/div>\n\t<\/div>\n<\/div><\/div><\/div><\/div><\/div><\/div><\/div><\/div><div class=\"row vc_row wpb_row vc_row-fluid\"><div class=\"jeg-vc-wrapper\"><div class=\"wpb_column jeg_column vc_column_container vc_col-sm-12 jeg_main_content\"><div class=\"jeg_wrapper wpb_wrapper\">\n\t<div  class=\"wpb_single_image wpb_content_element vc_align_left\">\n\t\t\n\t\t<figure class=\"wpb_wrapper vc_figure\">\n\t\t\t<div class=\"vc_single_image-wrapper   vc_box_border_grey\"><img decoding=\"async\" width=\"1190\" height=\"1683\" src=\"https:\/\/sunspace.vn\/wp-content\/uploads\/2026\/01\/Preview-SS-Company-profile-TA-2025-1510-2_page-0003-scaled.jpg\" class=\"vc_single_image-img attachment-full\" alt=\"\" srcset=\"https:\/\/i0.wp.com\/sunspace.vn\/wp-content\/uploads\/2026\/01\/Preview-SS-Company-profile-TA-2025-1510-2_page-0003-scaled.jpg?w=2560&ssl=1 2560w, https:\/\/i0.wp.com\/sunspace.vn\/wp-content\/uploads\/2026\/01\/Preview-SS-Company-profile-TA-2025-1510-2_page-0003-scaled.jpg?resize=350%2C247&ssl=1 350w, https:\/\/i0.wp.com\/sunspace.vn\/wp-content\/uploads\/2026\/01\/Preview-SS-Company-profile-TA-2025-1510-2_page-0003-scaled.jpg?resize=150%2C106&ssl=1 150w, https:\/\/i0.wp.com\/sunspace.vn\/wp-content\/uploads\/2026\/01\/Preview-SS-Company-profile-TA-2025-1510-2_page-0003-scaled.jpg?resize=768%2C543&ssl=1 768w, https:\/\/i0.wp.com\/sunspace.vn\/wp-content\/uploads\/2026\/01\/Preview-SS-Company-profile-TA-2025-1510-2_page-0003-scaled.jpg?resize=1536%2C1086&ssl=1 1536w, https:\/\/i0.wp.com\/sunspace.vn\/wp-content\/uploads\/2026\/01\/Preview-SS-Company-profile-TA-2025-1510-2_page-0003-scaled.jpg?resize=2048%2C1448&ssl=1 2048w, https:\/\/i0.wp.com\/sunspace.vn\/wp-content\/uploads\/2026\/01\/Preview-SS-Company-profile-TA-2025-1510-2_page-0003-scaled.jpg?resize=18%2C12&ssl=1 18w, https:\/\/i0.wp.com\/sunspace.vn\/wp-content\/uploads\/2026\/01\/Preview-SS-Company-profile-TA-2025-1510-2_page-0003-scaled.jpg?resize=600%2C424&ssl=1 600w, https:\/\/i0.wp.com\/sunspace.vn\/wp-content\/uploads\/2026\/01\/Preview-SS-Company-profile-TA-2025-1510-2_page-0003-scaled.jpg?resize=120%2C86&ssl=1 120w, https:\/\/i0.wp.com\/sunspace.vn\/wp-content\/uploads\/2026\/01\/Preview-SS-Company-profile-TA-2025-1510-2_page-0003-scaled.jpg?resize=750%2C530&ssl=1 750w, https:\/\/i0.wp.com\/sunspace.vn\/wp-content\/uploads\/2026\/01\/Preview-SS-Company-profile-TA-2025-1510-2_page-0003-scaled.jpg?resize=1140%2C806&ssl=1 1140w\" sizes=\"(max-width: 1000px) 100vw, 1000px\" \/><\/div>\n\t\t<\/figure>\n\t<\/div>\n<\/div><\/div><\/div><\/div><div class=\"row vc_row wpb_row vc_row-fluid\"><div class=\"jeg-vc-wrapper\"><div class=\"wpb_column jeg_column vc_column_container vc_col-sm-6 jeg_main_content\"><div class=\"jeg_wrapper wpb_wrapper\">\n\t<div  class=\"wpb_single_image wpb_content_element vc_align_left\">\n\t\t\n\t\t<figure class=\"wpb_wrapper vc_figure\">\n\t\t\t<div class=\"vc_single_image-wrapper   vc_box_border_grey\"><img decoding=\"async\" width=\"1190\" height=\"1683\" src=\"https:\/\/sunspace.vn\/wp-content\/uploads\/2026\/01\/business.jpg\" class=\"vc_single_image-img attachment-full\" alt=\"\" srcset=\"https:\/\/i0.wp.com\/sunspace.vn\/wp-content\/uploads\/2026\/01\/business.jpg?w=1190&ssl=1 1190w, https:\/\/i0.wp.com\/sunspace.vn\/wp-content\/uploads\/2026\/01\/business.jpg?resize=350%2C495&ssl=1 350w, https:\/\/i0.wp.com\/sunspace.vn\/wp-content\/uploads\/2026\/01\/business.jpg?resize=150%2C212&ssl=1 150w, https:\/\/i0.wp.com\/sunspace.vn\/wp-content\/uploads\/2026\/01\/business.jpg?resize=768%2C1086&ssl=1 768w, https:\/\/i0.wp.com\/sunspace.vn\/wp-content\/uploads\/2026\/01\/business.jpg?resize=1086%2C1536&ssl=1 1086w, https:\/\/i0.wp.com\/sunspace.vn\/wp-content\/uploads\/2026\/01\/business.jpg?resize=8%2C12&ssl=1 8w, https:\/\/i0.wp.com\/sunspace.vn\/wp-content\/uploads\/2026\/01\/business.jpg?resize=600%2C849&ssl=1 600w, https:\/\/i0.wp.com\/sunspace.vn\/wp-content\/uploads\/2026\/01\/business.jpg?resize=750%2C1061&ssl=1 750w, https:\/\/i0.wp.com\/sunspace.vn\/wp-content\/uploads\/2026\/01\/business.jpg?resize=1140%2C1612&ssl=1 1140w\" sizes=\"(max-width: 1000px) 100vw, 1000px\" \/><\/div>\n\t\t<\/figure>\n\t<\/div>\n<\/div><\/div><div class=\"wpb_column jeg_column vc_column_container vc_col-sm-6 jeg_main_content\"><div class=\"jeg_wrapper wpb_wrapper\">\n\t<div  class=\"wpb_single_image wpb_content_element vc_align_left\">\n\t\t\n\t\t<figure class=\"wpb_wrapper vc_figure\">\n\t\t\t<div class=\"vc_single_image-wrapper   vc_box_border_grey\"><img decoding=\"async\" width=\"1190\" height=\"1683\" src=\"https:\/\/sunspace.vn\/wp-content\/uploads\/2026\/01\/business-1.jpg\" class=\"vc_single_image-img attachment-full\" alt=\"\" srcset=\"https:\/\/i0.wp.com\/sunspace.vn\/wp-content\/uploads\/2026\/01\/business-1.jpg?w=1190&ssl=1 1190w, https:\/\/i0.wp.com\/sunspace.vn\/wp-content\/uploads\/2026\/01\/business-1.jpg?resize=350%2C495&ssl=1 350w, https:\/\/i0.wp.com\/sunspace.vn\/wp-content\/uploads\/2026\/01\/business-1.jpg?resize=150%2C212&ssl=1 150w, https:\/\/i0.wp.com\/sunspace.vn\/wp-content\/uploads\/2026\/01\/business-1.jpg?resize=768%2C1086&ssl=1 768w, https:\/\/i0.wp.com\/sunspace.vn\/wp-content\/uploads\/2026\/01\/business-1.jpg?resize=1086%2C1536&ssl=1 1086w, https:\/\/i0.wp.com\/sunspace.vn\/wp-content\/uploads\/2026\/01\/business-1.jpg?resize=8%2C12&ssl=1 8w, https:\/\/i0.wp.com\/sunspace.vn\/wp-content\/uploads\/2026\/01\/business-1.jpg?resize=600%2C849&ssl=1 600w, https:\/\/i0.wp.com\/sunspace.vn\/wp-content\/uploads\/2026\/01\/business-1.jpg?resize=750%2C1061&ssl=1 750w, https:\/\/i0.wp.com\/sunspace.vn\/wp-content\/uploads\/2026\/01\/business-1.jpg?resize=1140%2C1612&ssl=1 1140w\" sizes=\"(max-width: 1000px) 100vw, 1000px\" \/><\/div>\n\t\t<\/figure>\n\t<\/div>\n<\/div><\/div><\/div><\/div><div class=\"row vc_row wpb_row vc_row-fluid\"><div class=\"jeg-vc-wrapper\"><div class=\"wpb_column jeg_column vc_column_container vc_col-sm-6 jeg_main_content\"><div class=\"jeg_wrapper wpb_wrapper\">\n\t<div  class=\"wpb_single_image wpb_content_element vc_align_left\">\n\t\t\n\t\t<figure class=\"wpb_wrapper vc_figure\">\n\t\t\t<div class=\"vc_single_image-wrapper   vc_box_border_grey\"><img decoding=\"async\" width=\"1190\" height=\"1683\" src=\"https:\/\/sunspace.vn\/wp-content\/uploads\/2026\/01\/business-4.jpg\" class=\"vc_single_image-img attachment-full\" alt=\"\" srcset=\"https:\/\/i0.wp.com\/sunspace.vn\/wp-content\/uploads\/2026\/01\/business-4.jpg?w=1190&ssl=1 1190w, https:\/\/i0.wp.com\/sunspace.vn\/wp-content\/uploads\/2026\/01\/business-4.jpg?resize=350%2C495&ssl=1 350w, https:\/\/i0.wp.com\/sunspace.vn\/wp-content\/uploads\/2026\/01\/business-4.jpg?resize=150%2C212&ssl=1 150w, https:\/\/i0.wp.com\/sunspace.vn\/wp-content\/uploads\/2026\/01\/business-4.jpg?resize=768%2C1086&ssl=1 768w, https:\/\/i0.wp.com\/sunspace.vn\/wp-content\/uploads\/2026\/01\/business-4.jpg?resize=1086%2C1536&ssl=1 1086w, https:\/\/i0.wp.com\/sunspace.vn\/wp-content\/uploads\/2026\/01\/business-4.jpg?resize=8%2C12&ssl=1 8w, https:\/\/i0.wp.com\/sunspace.vn\/wp-content\/uploads\/2026\/01\/business-4.jpg?resize=600%2C849&ssl=1 600w, https:\/\/i0.wp.com\/sunspace.vn\/wp-content\/uploads\/2026\/01\/business-4.jpg?resize=750%2C1061&ssl=1 750w, https:\/\/i0.wp.com\/sunspace.vn\/wp-content\/uploads\/2026\/01\/business-4.jpg?resize=1140%2C1612&ssl=1 1140w\" sizes=\"(max-width: 1000px) 100vw, 1000px\" \/><\/div>\n\t\t<\/figure>\n\t<\/div>\n<\/div><\/div><div class=\"wpb_column jeg_column vc_column_container vc_col-sm-6 jeg_main_content\"><div class=\"jeg_wrapper wpb_wrapper\">\n\t<div  class=\"wpb_single_image wpb_content_element vc_align_left\">\n\t\t\n\t\t<figure class=\"wpb_wrapper vc_figure\">\n\t\t\t<div class=\"vc_single_image-wrapper   vc_box_border_grey\"><img decoding=\"async\" width=\"1190\" height=\"1683\" src=\"https:\/\/sunspace.vn\/wp-content\/uploads\/2026\/01\/business-2.jpg\" class=\"vc_single_image-img attachment-full\" alt=\"\" srcset=\"https:\/\/i0.wp.com\/sunspace.vn\/wp-content\/uploads\/2026\/01\/business-2.jpg?w=1190&ssl=1 1190w, https:\/\/i0.wp.com\/sunspace.vn\/wp-content\/uploads\/2026\/01\/business-2.jpg?resize=350%2C495&ssl=1 350w, https:\/\/i0.wp.com\/sunspace.vn\/wp-content\/uploads\/2026\/01\/business-2.jpg?resize=150%2C212&ssl=1 150w, https:\/\/i0.wp.com\/sunspace.vn\/wp-content\/uploads\/2026\/01\/business-2.jpg?resize=768%2C1086&ssl=1 768w, https:\/\/i0.wp.com\/sunspace.vn\/wp-content\/uploads\/2026\/01\/business-2.jpg?resize=1086%2C1536&ssl=1 1086w, https:\/\/i0.wp.com\/sunspace.vn\/wp-content\/uploads\/2026\/01\/business-2.jpg?resize=8%2C12&ssl=1 8w, https:\/\/i0.wp.com\/sunspace.vn\/wp-content\/uploads\/2026\/01\/business-2.jpg?resize=600%2C849&ssl=1 600w, https:\/\/i0.wp.com\/sunspace.vn\/wp-content\/uploads\/2026\/01\/business-2.jpg?resize=750%2C1061&ssl=1 750w, https:\/\/i0.wp.com\/sunspace.vn\/wp-content\/uploads\/2026\/01\/business-2.jpg?resize=1140%2C1612&ssl=1 1140w\" sizes=\"(max-width: 1000px) 100vw, 1000px\" \/><\/div>\n\t\t<\/figure>\n\t<\/div>\n<\/div><\/div><\/div><\/div><div class=\"row vc_row wpb_row vc_row-fluid\"><div class=\"jeg-vc-wrapper\"><div class=\"wpb_column jeg_column vc_column_container vc_col-sm-6 jeg_main_content\"><div class=\"jeg_wrapper wpb_wrapper\">\n\t<div  class=\"wpb_single_image wpb_content_element vc_align_left\">\n\t\t\n\t\t<figure class=\"wpb_wrapper vc_figure\">\n\t\t\t<div class=\"vc_single_image-wrapper   vc_box_border_grey\"><img decoding=\"async\" width=\"1190\" height=\"1683\" src=\"https:\/\/sunspace.vn\/wp-content\/uploads\/2026\/01\/business-3.jpg\" class=\"vc_single_image-img attachment-full\" alt=\"\" srcset=\"https:\/\/i0.wp.com\/sunspace.vn\/wp-content\/uploads\/2026\/01\/business-3.jpg?w=1190&ssl=1 1190w, https:\/\/i0.wp.com\/sunspace.vn\/wp-content\/uploads\/2026\/01\/business-3.jpg?resize=350%2C495&ssl=1 350w, https:\/\/i0.wp.com\/sunspace.vn\/wp-content\/uploads\/2026\/01\/business-3.jpg?resize=150%2C212&ssl=1 150w, https:\/\/i0.wp.com\/sunspace.vn\/wp-content\/uploads\/2026\/01\/business-3.jpg?resize=768%2C1086&ssl=1 768w, https:\/\/i0.wp.com\/sunspace.vn\/wp-content\/uploads\/2026\/01\/business-3.jpg?resize=1086%2C1536&ssl=1 1086w, https:\/\/i0.wp.com\/sunspace.vn\/wp-content\/uploads\/2026\/01\/business-3.jpg?resize=8%2C12&ssl=1 8w, https:\/\/i0.wp.com\/sunspace.vn\/wp-content\/uploads\/2026\/01\/business-3.jpg?resize=600%2C849&ssl=1 600w, https:\/\/i0.wp.com\/sunspace.vn\/wp-content\/uploads\/2026\/01\/business-3.jpg?resize=750%2C1061&ssl=1 750w, https:\/\/i0.wp.com\/sunspace.vn\/wp-content\/uploads\/2026\/01\/business-3.jpg?resize=1140%2C1612&ssl=1 1140w\" sizes=\"(max-width: 1000px) 100vw, 1000px\" \/><\/div>\n\t\t<\/figure>\n\t<\/div>\n<\/div><\/div><div class=\"wpb_column jeg_column vc_column_container vc_col-sm-6 jeg_main_content\"><div class=\"jeg_wrapper wpb_wrapper\">\n\t<div  class=\"wpb_single_image wpb_content_element vc_align_left\">\n\t\t\n\t\t<figure class=\"wpb_wrapper vc_figure\">\n\t\t\t<div class=\"vc_single_image-wrapper   vc_box_border_grey\"><img decoding=\"async\" width=\"1190\" height=\"1683\" src=\"https:\/\/sunspace.vn\/wp-content\/uploads\/2026\/01\/business-5.jpg\" class=\"vc_single_image-img attachment-full\" alt=\"\" srcset=\"https:\/\/i0.wp.com\/sunspace.vn\/wp-content\/uploads\/2026\/01\/business-5.jpg?w=1190&ssl=1 1190w, https:\/\/i0.wp.com\/sunspace.vn\/wp-content\/uploads\/2026\/01\/business-5.jpg?resize=350%2C495&ssl=1 350w, https:\/\/i0.wp.com\/sunspace.vn\/wp-content\/uploads\/2026\/01\/business-5.jpg?resize=150%2C212&ssl=1 150w, https:\/\/i0.wp.com\/sunspace.vn\/wp-content\/uploads\/2026\/01\/business-5.jpg?resize=768%2C1086&ssl=1 768w, https:\/\/i0.wp.com\/sunspace.vn\/wp-content\/uploads\/2026\/01\/business-5.jpg?resize=1086%2C1536&ssl=1 1086w, https:\/\/i0.wp.com\/sunspace.vn\/wp-content\/uploads\/2026\/01\/business-5.jpg?resize=8%2C12&ssl=1 8w, https:\/\/i0.wp.com\/sunspace.vn\/wp-content\/uploads\/2026\/01\/business-5.jpg?resize=600%2C849&ssl=1 600w, https:\/\/i0.wp.com\/sunspace.vn\/wp-content\/uploads\/2026\/01\/business-5.jpg?resize=750%2C1061&ssl=1 750w, https:\/\/i0.wp.com\/sunspace.vn\/wp-content\/uploads\/2026\/01\/business-5.jpg?resize=1140%2C1612&ssl=1 1140w\" sizes=\"(max-width: 1000px) 100vw, 1000px\" \/><\/div>\n\t\t<\/figure>\n\t<\/div>\n<\/div><\/div><\/div><\/div><div class=\"row vc_row wpb_row vc_row-fluid\"><div class=\"jeg-vc-wrapper\"><div class=\"wpb_column jeg_column vc_column_container vc_col-sm-6 jeg_main_content\"><div class=\"jeg_wrapper wpb_wrapper\">\n\t<div  class=\"wpb_single_image wpb_content_element vc_align_left\">\n\t\t\n\t\t<figure class=\"wpb_wrapper vc_figure\">\n\t\t\t<div class=\"vc_single_image-wrapper   vc_box_border_grey\"><img decoding=\"async\" width=\"1190\" height=\"1683\" src=\"https:\/\/sunspace.vn\/wp-content\/uploads\/2026\/01\/business-8.jpg\" class=\"vc_single_image-img attachment-full\" alt=\"\" srcset=\"https:\/\/i0.wp.com\/sunspace.vn\/wp-content\/uploads\/2026\/01\/business-8.jpg?w=1190&ssl=1 1190w, https:\/\/i0.wp.com\/sunspace.vn\/wp-content\/uploads\/2026\/01\/business-8.jpg?resize=350%2C495&ssl=1 350w, https:\/\/i0.wp.com\/sunspace.vn\/wp-content\/uploads\/2026\/01\/business-8.jpg?resize=150%2C212&ssl=1 150w, https:\/\/i0.wp.com\/sunspace.vn\/wp-content\/uploads\/2026\/01\/business-8.jpg?resize=768%2C1086&ssl=1 768w, https:\/\/i0.wp.com\/sunspace.vn\/wp-content\/uploads\/2026\/01\/business-8.jpg?resize=1086%2C1536&ssl=1 1086w, https:\/\/i0.wp.com\/sunspace.vn\/wp-content\/uploads\/2026\/01\/business-8.jpg?resize=8%2C12&ssl=1 8w, https:\/\/i0.wp.com\/sunspace.vn\/wp-content\/uploads\/2026\/01\/business-8.jpg?resize=600%2C849&ssl=1 600w, https:\/\/i0.wp.com\/sunspace.vn\/wp-content\/uploads\/2026\/01\/business-8.jpg?resize=750%2C1061&ssl=1 750w, https:\/\/i0.wp.com\/sunspace.vn\/wp-content\/uploads\/2026\/01\/business-8.jpg?resize=1140%2C1612&ssl=1 1140w\" sizes=\"(max-width: 1000px) 100vw, 1000px\" \/><\/div>\n\t\t<\/figure>\n\t<\/div>\n<\/div><\/div><div class=\"wpb_column jeg_column vc_column_container vc_col-sm-6 jeg_main_content\"><div class=\"jeg_wrapper wpb_wrapper\">\n\t<div  class=\"wpb_single_image wpb_content_element vc_align_left\">\n\t\t\n\t\t<figure class=\"wpb_wrapper vc_figure\">\n\t\t\t<div class=\"vc_single_image-wrapper   vc_box_border_grey\"><img decoding=\"async\" width=\"1190\" height=\"1683\" src=\"https:\/\/sunspace.vn\/wp-content\/uploads\/2026\/01\/business-9.jpg\" class=\"vc_single_image-img attachment-full\" alt=\"\" srcset=\"https:\/\/i0.wp.com\/sunspace.vn\/wp-content\/uploads\/2026\/01\/business-9.jpg?w=1190&ssl=1 1190w, https:\/\/i0.wp.com\/sunspace.vn\/wp-content\/uploads\/2026\/01\/business-9.jpg?resize=350%2C495&ssl=1 350w, https:\/\/i0.wp.com\/sunspace.vn\/wp-content\/uploads\/2026\/01\/business-9.jpg?resize=150%2C212&ssl=1 150w, https:\/\/i0.wp.com\/sunspace.vn\/wp-content\/uploads\/2026\/01\/business-9.jpg?resize=768%2C1086&ssl=1 768w, https:\/\/i0.wp.com\/sunspace.vn\/wp-content\/uploads\/2026\/01\/business-9.jpg?resize=1086%2C1536&ssl=1 1086w, https:\/\/i0.wp.com\/sunspace.vn\/wp-content\/uploads\/2026\/01\/business-9.jpg?resize=8%2C12&ssl=1 8w, https:\/\/i0.wp.com\/sunspace.vn\/wp-content\/uploads\/2026\/01\/business-9.jpg?resize=600%2C849&ssl=1 600w, https:\/\/i0.wp.com\/sunspace.vn\/wp-content\/uploads\/2026\/01\/business-9.jpg?resize=750%2C1061&ssl=1 750w, https:\/\/i0.wp.com\/sunspace.vn\/wp-content\/uploads\/2026\/01\/business-9.jpg?resize=1140%2C1612&ssl=1 1140w\" sizes=\"(max-width: 1000px) 100vw, 1000px\" \/><\/div>\n\t\t<\/figure>\n\t<\/div>\n<\/div><\/div><\/div><\/div><div class=\"row vc_row wpb_row vc_row-fluid\"><div class=\"jeg-vc-wrapper\"><div class=\"wpb_column jeg_column vc_column_container vc_col-sm-12 jeg_main_content\"><div class=\"jeg_wrapper wpb_wrapper\">\n\t<div class=\"wpb_text_column wpb_content_element\" >\n\t\t<div class=\"wpb_wrapper\">\n\t\t\t<h3 style=\"text-align: center;\"><span style=\"color: #000080;\"><strong>QUALITY GOALS<\/strong><\/span><\/h3>\n<p style=\"text-align: left;\">1. Ensure 100% of products produced from the factory meet the quality requirements<\/p>\n<p style=\"text-align: left;\">2. Ensure the timely implementation of the Project<\/p>\n<p style=\"text-align: left;\">3. Strictly follow the instructions from the Investor \u2013 Supervision Consultant &amp; Project Manager on safety &amp; quality<\/p>\n<p style=\"text-align: left;\">4. Ensure Project implementation on schedule-Quality &amp; Technical<\/p>\n<p style=\"text-align: left;\">5. Strictly implement policies on occupational safety and health of employees<\/p>\n\n\t\t<\/div>\n\t<\/div>\n<\/div><\/div><\/div><\/div><div class=\"row vc_row wpb_row vc_row-fluid\"><div class=\"jeg-vc-wrapper\"><div class=\"wpb_column jeg_column vc_column_container vc_col-sm-12 jeg_main_content\"><div class=\"jeg_wrapper wpb_wrapper\">\n\t<div  class=\"wpb_single_image wpb_content_element vc_align_left\">\n\t\t\n\t\t<figure class=\"wpb_wrapper vc_figure\">\n\t\t\t<div class=\"vc_single_image-wrapper   vc_box_border_grey\"><img decoding=\"async\" width=\"1190\" height=\"1683\" src=\"https:\/\/sunspace.vn\/wp-content\/uploads\/2026\/01\/business-6.jpg\" class=\"vc_single_image-img attachment-full\" alt=\"\" srcset=\"https:\/\/i0.wp.com\/sunspace.vn\/wp-content\/uploads\/2026\/01\/business-6.jpg?w=1190&ssl=1 1190w, https:\/\/i0.wp.com\/sunspace.vn\/wp-content\/uploads\/2026\/01\/business-6.jpg?resize=350%2C495&ssl=1 350w, https:\/\/i0.wp.com\/sunspace.vn\/wp-content\/uploads\/2026\/01\/business-6.jpg?resize=150%2C212&ssl=1 150w, https:\/\/i0.wp.com\/sunspace.vn\/wp-content\/uploads\/2026\/01\/business-6.jpg?resize=768%2C1086&ssl=1 768w, https:\/\/i0.wp.com\/sunspace.vn\/wp-content\/uploads\/2026\/01\/business-6.jpg?resize=1086%2C1536&ssl=1 1086w, https:\/\/i0.wp.com\/sunspace.vn\/wp-content\/uploads\/2026\/01\/business-6.jpg?resize=8%2C12&ssl=1 8w, https:\/\/i0.wp.com\/sunspace.vn\/wp-content\/uploads\/2026\/01\/business-6.jpg?resize=600%2C849&ssl=1 600w, https:\/\/i0.wp.com\/sunspace.vn\/wp-content\/uploads\/2026\/01\/business-6.jpg?resize=750%2C1061&ssl=1 750w, https:\/\/i0.wp.com\/sunspace.vn\/wp-content\/uploads\/2026\/01\/business-6.jpg?resize=1140%2C1612&ssl=1 1140w\" sizes=\"(max-width: 1000px) 100vw, 1000px\" \/><\/div>\n\t\t<\/figure>\n\t<\/div>\n<div class=\"row vc_row wpb_row vc_inner vc_row-fluid\"><div class=\"wpb_column vc_column_container vc_col-sm-12\"><div class=\"jeg_wrapper\"><div class=\"wpb_wrapper\">\n\t<div  class=\"wpb_single_image wpb_content_element vc_align_left\">\n\t\t\n\t\t<figure class=\"wpb_wrapper vc_figure\">\n\t\t\t<div class=\"vc_single_image-wrapper   vc_box_border_grey\"><img decoding=\"async\" width=\"1190\" height=\"1683\" src=\"https:\/\/sunspace.vn\/wp-content\/uploads\/2026\/01\/business-7.jpg\" class=\"vc_single_image-img attachment-full\" alt=\"\" srcset=\"https:\/\/i0.wp.com\/sunspace.vn\/wp-content\/uploads\/2026\/01\/business-7.jpg?w=1190&ssl=1 1190w, https:\/\/i0.wp.com\/sunspace.vn\/wp-content\/uploads\/2026\/01\/business-7.jpg?resize=350%2C495&ssl=1 350w, https:\/\/i0.wp.com\/sunspace.vn\/wp-content\/uploads\/2026\/01\/business-7.jpg?resize=150%2C212&ssl=1 150w, https:\/\/i0.wp.com\/sunspace.vn\/wp-content\/uploads\/2026\/01\/business-7.jpg?resize=768%2C1086&ssl=1 768w, https:\/\/i0.wp.com\/sunspace.vn\/wp-content\/uploads\/2026\/01\/business-7.jpg?resize=1086%2C1536&ssl=1 1086w, https:\/\/i0.wp.com\/sunspace.vn\/wp-content\/uploads\/2026\/01\/business-7.jpg?resize=8%2C12&ssl=1 8w, https:\/\/i0.wp.com\/sunspace.vn\/wp-content\/uploads\/2026\/01\/business-7.jpg?resize=600%2C849&ssl=1 600w, https:\/\/i0.wp.com\/sunspace.vn\/wp-content\/uploads\/2026\/01\/business-7.jpg?resize=750%2C1061&ssl=1 750w, https:\/\/i0.wp.com\/sunspace.vn\/wp-content\/uploads\/2026\/01\/business-7.jpg?resize=1140%2C1612&ssl=1 1140w\" sizes=\"(max-width: 1000px) 100vw, 1000px\" \/><\/div>\n\t\t<\/figure>\n\t<\/div>\n<\/div><\/div><\/div><\/div><\/div><\/div><\/div><\/div><div class=\"row vc_row wpb_row vc_row-fluid\"><div class=\"jeg-vc-wrapper\"><div class=\"wpb_column jeg_column vc_column_container vc_col-sm-12 jeg_main_content\"><div class=\"jeg_wrapper wpb_wrapper\"><div class=\"row vc_row wpb_row vc_inner vc_row-fluid\"><div class=\"wpb_column vc_column_container vc_col-sm-12\"><div class=\"jeg_wrapper\"><div class=\"wpb_wrapper\">\n\t<div class=\"wpb_text_column wpb_content_element\" >\n\t\t<div class=\"wpb_wrapper\">\n\t\t\t<div style=\"text-align: center; margin-bottom: 20px;\">\n<h2 style=\"color: #000080; font-weight: bold;\">OUR TARGET<\/h2>\n<p style=\"text-align: center;\">Don &#039;t have accident<\/p>\n<p style=\"text-align: center;\">No harm to humans<\/p>\n<p style=\"text-align: center;\">No harm to the Environment<\/p>\n<p style=\"text-align: left;\"><em><strong>We comply with all Regulations of the Law on Health, Safety and Environment<\/strong><\/em><\/p>\n<\/div>\n<div style=\"text-align: center; margin-bottom: 40px;\">\n<h3 style=\"color: #000080; font-weight: bold;\">SAFETY - HEALTH - ENVIRONMENT POLICY<\/h3>\n<p style=\"text-align: center;\">People are the assets of the business.<\/p>\n<p style=\"text-align: center;\">Therefore, the safety of each individual is the top responsibility of the business.<\/p>\n<p style=\"text-align: center;\">SAFETY FIRST<\/p>\n<p><strong>BASIC REQUIREMENTS ON OCCUPATIONAL SAFETY ON SITE AND IN THE FACTORY<\/strong><\/p>\n<div style=\"display: flex; justify-content: center; gap: 20px; margin-bottom: 20px;\"><img data-recalc-dims=\"1\" decoding=\"async\" src=\"https:\/\/i0.wp.com\/sunspace.vn\/wp-content\/uploads\/2021\/06\/6-1.jpg?resize=350%2C248&#038;ssl=1\" alt=\"Image 1\" width=\"350\" height=\"248\" \/><br \/>\n<img data-recalc-dims=\"1\" decoding=\"async\" src=\"https:\/\/i0.wp.com\/sunspace.vn\/wp-content\/uploads\/2021\/06\/7.jpg?resize=350%2C253&#038;ssl=1\" alt=\"Image 2\" width=\"350\" height=\"253\" \/><\/div>\n<\/div>\n<div style=\"text-align: center; margin-bottom: 30px;\">\n<h4 style=\"color: #000080; font-weight: bold;\">Basic Safety Requirements<\/h4>\n<ul style=\"list-style-type: none; padding-left: 0;\">\n<li><strong>MUST wear a protective code<\/strong><\/li>\n<li><strong>PROTECTIVE SHOES MUST wear<\/strong><\/li>\n<li><strong>SAFETY STRAP MUST BE WORKING ON HIGH<\/strong><\/li>\n<\/ul>\n<\/div>\n<div style=\"text-align: center; margin-bottom: 40px;\"><em><strong>Sunspace Joint Stock Company is committed to enhancing the awareness of...<\/strong><\/em><br \/>\n<em><strong>The company's employees are committed to enhancing awareness about health, safety, and the environment.<\/strong><\/em><\/div>\n<div style=\"background-color: #f4f4f4; padding: 20px; border-radius: 10px;\">\n<h3 style=\"color: #000080; text-align: center; font-weight: bold;\">THE SAFETY RESPONSIBILITIES OF INDIVIDUALS<\/h3>\n<ul style=\"list-style-type: none; padding-left: 0;\">\n<li>Strictly abide by the Company&#039;s regulations on occupational safety.<\/li>\n<li>Use full personal protective equipment as required by the job.<\/li>\n<li>All personal protective equipment must be used appropriately for the job.<\/li>\n<li>Fully participate in safety meetings organized by the Company.<\/li>\n<li>B\u00e1o c\u00e1o ngay t\u1ea5t c\u1ea3 c\u00e1c h\u00e0nh \u0111\u1ed9ng g\u00e2y nguy c\u01a1 m\u1ea5t an to\u00e0n, tai n\u1ea1n cho c\u1ea5p Qu\u1ea3n l\u00fd tr\u1ef1c ti\u1ebfp.<\/li>\n<li>Take full responsibility for the implementation and compliance of safety measures.<\/li>\n<li>Make sure that cleaning in your area of responsibility is carried out on a regular basis.<\/li>\n<li>Duy tr\u00ec m\u1ed9t m\u00f4i tr\u01b0\u1eddng an to\u00e0n cho m\u1ecdi ho\u1ea1t \u0111\u1ed9ng c\u1ee7a C\u00f4ng ty, bao g\u1ed3m c\u1ea3 trong Nh\u00e0 m\u00e1y v\u00e0 tr\u00ean C\u00f4ng tr\u01b0\u1eddng.<\/li>\n<\/ul>\n<\/div>\n\n\t\t<\/div>\n\t<\/div>\n<\/div><\/div><\/div><\/div><\/div><\/div><\/div><\/div>","protected":false},"excerpt":{"rendered":"SUNSPACE \u2013 KH\u00d4NG GIAN \u00c1NH S\u00c1NG M\u1eb6T TR\u1edcI M\u1ed9t kh\u00f4ng gian s\u1ed1ng trong l\u00e0nh, th\u00e2n thi\u1ec7n v\u1edbi m\u00f4i tr\u01b0\u1eddng l\u00e0 mong mu\u1ed1n c\u1ee7a m\u1ecdi ng\u01b0\u1eddi khi nh\u1ecbp s\u1ed1ng c\u1ee7a th\u1eddi hi\u1ec7n \u0111\u1ea1i ng\u00e0y c\u00e0ng s\u00f4i \u0111\u1ed9ng L\u00e0 th\u00e0nh vi\u00ean c\u1ee7a T\u1eadp \u0111o\u00e0n Austdoor, SUNSPACE - chuy\u00ean cung c\u1ea5p gi\u1ea3i ph\u00e1p t\u1ed5ng th\u1ec3 v\u00e0 thi c\u00f4ng [...]","protected":false},"author":1,"featured_media":0,"parent":0,"menu_order":0,"comment_status":"closed","ping_status":"closed","template":"","meta":{"footnotes":""},"class_list":["post-348","page","type-page","status-publish","hentry"],"jetpack_sharing_enabled":true,"_links":{"self":[{"href":"https:\/\/sunspace.vn\/en\/wp-json\/wp\/v2\/pages\/348","targetHints":{"allow":["GET"]}}],"collection":[{"href":"https:\/\/sunspace.vn\/en\/wp-json\/wp\/v2\/pages"}],"about":[{"href":"https:\/\/sunspace.vn\/en\/wp-json\/wp\/v2\/types\/page"}],"author":[{"embeddable":true,"href":"https:\/\/sunspace.vn\/en\/wp-json\/wp\/v2\/users\/1"}],"replies":[{"embeddable":true,"href":"https:\/\/sunspace.vn\/en\/wp-json\/wp\/v2\/comments?post=348"}],"version-history":[{"count":75,"href":"https:\/\/sunspace.vn\/en\/wp-json\/wp\/v2\/pages\/348\/revisions"}],"predecessor-version":[{"id":8401,"href":"https:\/\/sunspace.vn\/en\/wp-json\/wp\/v2\/pages\/348\/revisions\/8401"}],"wp:attachment":[{"href":"https:\/\/sunspace.vn\/en\/wp-json\/wp\/v2\/media?parent=348"}],"curies":[{"name":"wp","href":"https:\/\/api.w.org\/{rel}","templated":true}]}}