{"id":2096,"date":"2020-12-19T17:55:32","date_gmt":"2020-12-19T10:55:32","guid":{"rendered":"https:\/\/pocogroup.com\/?page_id=2096"},"modified":"2024-09-18T12:07:21","modified_gmt":"2024-09-18T05:07:21","slug":"lien-he","status":"publish","type":"page","link":"https:\/\/sunspace.vn\/en\/lien-he\/","title":{"rendered":"Contact"},"content":{"rendered":"<div class=\"row vc_row wpb_row vc_row-fluid\"><div class=\"jeg-vc-wrapper\"><div class=\"wpb_column jeg_column vc_column_container vc_col-sm-12 jeg_main_content\"><div class=\"jeg_wrapper wpb_wrapper\"><div  class=\"jeg_block_heading jeg_block_heading_5 jeg_aligncenter jnews_module__0_69e7120dc1c4c   title-lh\">\n                <h3 class=\"jeg_block_title\"><span>Contact<\/span><\/h3>\n                <style>.jnews_module__0_69e7120dc1c4c.jeg_block_heading_5 .jeg_block_title span, .jnews_module__0_69e7120dc1c4c.jeg_block_heading_5 .jeg_subcat { background: #1e73be; }<\/style>\n            <\/div><\/div><\/div><\/div><\/div><div class=\"row vc_row wpb_row vc_row-fluid\"><div class=\"jeg-vc-wrapper\"><div class=\"wpb_column jeg_column vc_column_container vc_col-sm-6 jeg_main_content\"><div class=\"jeg_wrapper wpb_wrapper\">\n\t<div class=\"wpb_text_column wpb_content_element\" >\n\t\t<div class=\"wpb_wrapper\">\n\t\t\t<p><strong><span style=\"vertical-align: inherit;\"><span style=\"vertical-align: inherit;\">SUNSPACE WINDOW JOINT STOCK COMPANY<\/span><\/span><\/strong><\/p>\n<p><strong><span style=\"vertical-align: inherit;\"><span style=\"vertical-align: inherit;\">HEADQUARTERS<\/span><\/span><\/strong><\/p>\n<p><span style=\"vertical-align: inherit;\"><span style=\"vertical-align: inherit;\">Hanoi: ADG Tower, 37 Le Van Thiem, Thanh Xuan District<\/span><\/span><\/p>\n<p><span style=\"vertical-align: inherit;\"><span style=\"vertical-align: inherit;\">\u0110T: (024) 44 55 00 66<\/span><\/span><\/p>\n<p><span style=\"vertical-align: inherit;\"><span style=\"vertical-align: inherit;\">S\u1ed1 Fax: 0321 3587580<\/span><\/span><\/p>\n<p><span style=\"vertical-align: inherit;\"><span style=\"vertical-align: inherit;\">HOTLINE: 1900.98.98.48<\/span><\/span><\/p>\n<p><strong><span style=\"vertical-align: inherit;\"><span style=\"vertical-align: inherit;\">HO CHI MINH OFFICE<\/span><\/span><\/strong><\/p>\n<p><strong><span style=\"vertical-align: inherit;\"><span style=\"vertical-align: inherit;\">SUNSPACE - EBM WINDOW JOINT STOCK COMPANY<\/span><\/span><\/strong><\/p>\n<p><span style=\"vertical-align: inherit;\"><span style=\"vertical-align: inherit;\">Lake View 2_A108, Lake View 2_A208 v\u00e0 Lake View 2_A308, Khu \u0111\u00f4 th\u1ecb m\u1edbi Th\u1ee7 Thi\u00eam, ph\u01b0\u1eddng Th\u1ee7 Thi\u00eam, Th\u00e0nh ph\u1ed1 Th\u1ee7 \u0110\u1ee9c, TP. HCM.<\/span><\/span><\/p>\n<p><span style=\"vertical-align: inherit;\"><span style=\"vertical-align: inherit;\">\u0110i\u1ec7n tho\u1ea1i: (+84-28) 626 35 888<\/span><\/span><\/p>\n<p><span style=\"vertical-align: inherit;\"><span style=\"vertical-align: inherit;\">S\u1ed1 Fax: (+84-28) 629 02 519<\/span><\/span><\/p>\n<p><span style=\"vertical-align: inherit;\"><span style=\"vertical-align: inherit;\">HOTLINE: 0909 555 888<\/span><\/span><\/p>\n<p><strong><span style=\"vertical-align: inherit;\"><span style=\"vertical-align: inherit;\">NORTHERN FACTORY<\/span><\/span><\/strong><\/p>\n<p><span style=\"vertical-align: inherit;\"><span style=\"vertical-align: inherit;\">D3 Street, Pho Noi A Industrial Park, Yen My, Hung Yen<\/span><\/span><\/p>\n<p><span style=\"vertical-align: inherit;\"><span style=\"vertical-align: inherit;\">\u0110T: (022) 13 58 75 81<\/span><\/span><\/p>\n<p><strong><span style=\"vertical-align: inherit;\"><span style=\"vertical-align: inherit;\">FACTORY IN THE SOUTHERN AREA<\/span><\/span><\/strong><\/p>\n<p><span style=\"vertical-align: inherit;\"><span style=\"vertical-align: inherit;\">Nhon Trach 3 Industrial Park, Nhon Trach District, Dong Nai Province, Viet Nam<\/span><\/span><\/p>\n<p><span style=\"vertical-align: inherit;\"><span style=\"vertical-align: inherit;\">\u0110T: (84-2513) 56 09 89<\/span><\/span><\/p>\n\n\t\t<\/div>\n\t<\/div>\n<\/div><\/div><div class=\"wpb_column jeg_column vc_column_container vc_col-sm-6 jeg_main_content\"><div class=\"jeg_wrapper wpb_wrapper\"><div class=\"wpb_gmaps_widget wpb_content_element\"><div class=\"wpb_wrapper\"><div class=\"wpb_map_wraper\"><iframe src=\"https:\/\/www.google.com\/maps\/embed?pb=!1m18!1m12!1m3!1d3724.7437649337135!2d105.8002266153893!3d21.00290599403526!2m3!1f0!2f0!3f0!3m2!1i1024!2i768!4f13.1!3m3!1m2!1s0x314b572f9529923b%3A0xa12bad5cecee32bf!2zQ8OUTkcgVFkgQ-G7lCBQSOG6pk4gQ-G7rEEgU1VOU1BBQ0U!5e0!3m2!1svi!2s!4v1628245950865!5m2!1svi!2s\" width=\"600\" height=\"450\" style=\"border:0;\" allowfullscreen=\"\" loading=\"lazy\"><\/iframe><\/div><\/div><\/div><\/div><\/div><div class=\"wpb_column jeg_column vc_column_container vc_col-sm-12 jeg_main_content\"><div class=\"jeg_wrapper wpb_wrapper\"><\/div><\/div><div class=\"wpb_column jeg_column vc_column_container vc_col-sm-12 jeg_main_content\"><div class=\"jeg_wrapper wpb_wrapper\"><\/div><\/div><\/div><\/div>","protected":false},"excerpt":{"rendered":"Li\u00ean H\u1ec7 C\u00d4NG TY C\u1ed4 PH\u1ea6N C\u1eecA SUNSPACE TR\u1ee4 S\u1ede CH\u00cdNH T\u00f2a nh\u00e0 ADG Tower, 37 L\u00ea V\u0103n Thi\u00eam, Q. Thanh Xu\u00e2n, H\u00e0 N\u1ed9i \u0110T: (024) 44 55 00 66 S\u1ed1 Fax: 0321 3587580 HOTLINE: 1900.98.98.48 V\u0102N PH\u00d2NG PH\u00cdA NAM C\u00d4NG TY C\u1ed4 PH\u1ea6N C\u1eecA SUNSPACE \u2013 EBM Lake View 2_A108, Lake View 2_A208 v\u00e0 [...]","protected":false},"author":1,"featured_media":0,"parent":0,"menu_order":0,"comment_status":"closed","ping_status":"closed","template":"","meta":{"footnotes":""},"class_list":["post-2096","page","type-page","status-publish","hentry"],"jetpack_sharing_enabled":true,"_links":{"self":[{"href":"https:\/\/sunspace.vn\/en\/wp-json\/wp\/v2\/pages\/2096","targetHints":{"allow":["GET"]}}],"collection":[{"href":"https:\/\/sunspace.vn\/en\/wp-json\/wp\/v2\/pages"}],"about":[{"href":"https:\/\/sunspace.vn\/en\/wp-json\/wp\/v2\/types\/page"}],"author":[{"embeddable":true,"href":"https:\/\/sunspace.vn\/en\/wp-json\/wp\/v2\/users\/1"}],"replies":[{"embeddable":true,"href":"https:\/\/sunspace.vn\/en\/wp-json\/wp\/v2\/comments?post=2096"}],"version-history":[{"count":4,"href":"https:\/\/sunspace.vn\/en\/wp-json\/wp\/v2\/pages\/2096\/revisions"}],"predecessor-version":[{"id":8006,"href":"https:\/\/sunspace.vn\/en\/wp-json\/wp\/v2\/pages\/2096\/revisions\/8006"}],"wp:attachment":[{"href":"https:\/\/sunspace.vn\/en\/wp-json\/wp\/v2\/media?parent=2096"}],"curies":[{"name":"wp","href":"https:\/\/api.w.org\/{rel}","templated":true}]}}